{"id":1008,"date":"2023-02-12T11:09:14","date_gmt":"2023-02-12T11:09:14","guid":{"rendered":"https:\/\/cmykprinted.com\/?post_type=product&#038;p=1008"},"modified":"2023-02-12T11:37:43","modified_gmt":"2023-02-12T11:37:43","slug":"premium-custom-printed-outdoor-polyester-fabric-mesh-banners","status":"publish","type":"product","link":"https:\/\/cmykprinted.com\/cs\/produkt\/premium-custom-printed-outdoor-polyester-fabric-mesh-banners\/","title":{"rendered":"Pr\u00e9miov\u00e9, zak\u00e1zkov\u011b poti\u0161t\u011bn\u00e9 venkovn\u00ed transparenty z polyesterov\u00e9 tkaniny ze s\u00ed\u0165oviny"},"content":{"rendered":"","protected":false},"excerpt":{"rendered":"<p>Venkovn\u00ed vinylov\u00e9 bannery jsou n\u00e1kladov\u011b efektivn\u00edm a pohodln\u00fdm \u0159e\u0161en\u00edm pro p\u0159ed\u00e1v\u00e1n\u00ed va\u0161eho sd\u011blen\u00ed. Snadno se p\u0159en\u00e1\u0161ej\u00ed a nastavuj\u00ed, tak\u017ee jsou ide\u00e1ln\u00ed pro akce a ve\u010d\u00edrky po\u0159\u00e1dan\u00e9 venku. N\u00e1\u0161 jednoduch\u00fd a cenov\u011b dostupn\u00fd objedn\u00e1vkov\u00fd proces v\u00e1m umo\u017en\u00ed rychle z\u00edskat vlastn\u00ed vinylov\u00e9 bannery bez \u010dek\u00e1n\u00ed. Pr\u00e9miov\u00e9 13 oz. vinyl, kter\u00fd pou\u017e\u00edv\u00e1me, m\u00e1 hladk\u00fd povrch pro vysoce kvalitn\u00ed tisk a b\u011b\u017en\u011b se pou\u017e\u00edv\u00e1 pro r\u016fzn\u00e9 venkovn\u00ed reklamn\u00ed \u00fa\u010dely, jako jsou billboardy, obaly budov, vlajky ud\u00e1lost\u00ed, v\u00fdstavn\u00ed cedule a p\u0159ehl\u00eddky.<\/p>\n<div style=\"width: 1290px;\" class=\"wp-video\"><!--[if lt IE 9]><script>document.createElement('video');<\/script><![endif]--><br \/>\n<video class=\"wp-video-shortcode\" id=\"video-1008-1\" width=\"1290\" height=\"726\" loop autoplay preload=\"auto\" controls=\"controls\"><source type=\"video\/mp4\" src=\"http:\/\/cmykprinted.com\/wp-content\/uploads\/2022\/12\/Fence-Mesh-Banners.mp4?_=1\" \/><a href=\"http:\/\/cmykprinted.com\/wp-content\/uploads\/2022\/12\/Fence-Mesh-Banners.mp4\">http:\/\/cmykprinted.com\/wp-content\/uploads\/2022\/12\/Fence-Mesh-Banners.mp4<\/a><\/video><\/div>\n<p>&nbsp;<\/p>","protected":false},"featured_media":1009,"template":"","meta":{"_kad_post_transparent":"default","_kad_post_title":"hide","_kad_post_layout":"fullwidth","_kad_post_sidebar_id":"","_kad_post_content_style":"unboxed","_kad_post_vertical_padding":"hide","_kad_post_feature":"hide","_kad_post_feature_position":"","_kad_post_header":false,"_kad_post_footer":false},"product_cat":[85,87,86],"product_tag":[289,288,287,122,290],"class_list":{"0":"post-1008","1":"product","2":"type-product","3":"status-publish","4":"has-post-thumbnail","6":"product_cat-outdoor-vinyl-banners","7":"product_cat-fabric-mesh-banners","8":"product_cat-fence-mesh-banners","9":"product_tag-custom-printed-mesh-banners","10":"product_tag-fabric-mesh-banners","11":"product_tag-outdoor-fabric-mesh-banners","12":"product_tag-outdoor-mesh-banners","13":"product_tag-polyester-fabric-mesh-banners","15":"first","16":"instock","17":"shipping-taxable","18":"product-type-simple","19":"entry","20":"content-bg","21":"loop-entry"},"_links":{"self":[{"href":"https:\/\/cmykprinted.com\/cs\/wp-json\/wp\/v2\/product\/1008","targetHints":{"allow":["GET"]}}],"collection":[{"href":"https:\/\/cmykprinted.com\/cs\/wp-json\/wp\/v2\/product"}],"about":[{"href":"https:\/\/cmykprinted.com\/cs\/wp-json\/wp\/v2\/types\/product"}],"version-history":[{"count":1,"href":"https:\/\/cmykprinted.com\/cs\/wp-json\/wp\/v2\/product\/1008\/revisions"}],"predecessor-version":[{"id":1015,"href":"https:\/\/cmykprinted.com\/cs\/wp-json\/wp\/v2\/product\/1008\/revisions\/1015"}],"wp:featuredmedia":[{"embeddable":true,"href":"https:\/\/cmykprinted.com\/cs\/wp-json\/wp\/v2\/media\/1009"}],"wp:attachment":[{"href":"https:\/\/cmykprinted.com\/cs\/wp-json\/wp\/v2\/media?parent=1008"}],"wp:term":[{"taxonomy":"product_cat","embeddable":true,"href":"https:\/\/cmykprinted.com\/cs\/wp-json\/wp\/v2\/product_cat?post=1008"},{"taxonomy":"product_tag","embeddable":true,"href":"https:\/\/cmykprinted.com\/cs\/wp-json\/wp\/v2\/product_tag?post=1008"}],"curies":[{"name":"wp","href":"https:\/\/api.w.org\/{rel}","templated":true}]}}