{"id":1016,"date":"2023-02-12T14:30:04","date_gmt":"2023-02-12T14:30:04","guid":{"rendered":"https:\/\/cmykprinted.com\/?post_type=product&#038;p=1016"},"modified":"2023-02-12T14:40:07","modified_gmt":"2023-02-12T14:40:07","slug":"personalized-triangle-pop-up-banners-a-frame-stand-display","status":"publish","type":"product","link":"https:\/\/cmykprinted.com\/cs\/produkt\/personalized-triangle-pop-up-banners-a-frame-stand-display\/","title":{"rendered":"Personalizovan\u00e9 troj\u00faheln\u00edkov\u00e9 vyskakovac\u00ed bannery A-Frame stojanov\u00fd displej"},"content":{"rendered":"","protected":false},"excerpt":{"rendered":"<p>Troj\u00faheln\u00edkov\u00e9 vyskakovac\u00ed bannery jsou dokonal\u00fdm \u0159e\u0161en\u00edm pro stylovou a efektivn\u00ed propagaci va\u0161\u00ed zna\u010dky nebo podnik\u00e1n\u00ed. D\u00edky designu, kter\u00fd umo\u017e\u0148uje snadn\u00e9 nastaven\u00ed a demont\u00e1\u017e, jsou tyto bannery ide\u00e1ln\u00ed pro obchodn\u00ed v\u00fdstavy, akce a konference. Jsou vyrobeny z lehk\u00e9 a odoln\u00e9 broskvov\u00e9 tkaniny a dod\u00e1vaj\u00ed se s praktickou ta\u0161kou pro skladov\u00e1n\u00ed a p\u0159epravu.<br \/>\nNejen, \u017ee se pohodln\u011b pou\u017e\u00edvaj\u00ed, ale tak\u00e9 zaru\u010den\u011b upoutaj\u00ed pozornost va\u0161\u00ed c\u00edlov\u00e9 skupiny. A\u0165 u\u017e se jedn\u00e1 o uveden\u00ed nov\u00e9ho produktu, v\u00fdprodej nebo nadch\u00e1zej\u00edc\u00ed ud\u00e1lost, tyto bannery p\u0159it\u00e1hnou z\u00e1jem a vytvo\u0159\u00ed trval\u00fd dopad. Mohou b\u00fdt pou\u017eity uvnit\u0159 nebo venku a lze je snadno sestavit pomoc\u00ed pru\u017einov\u00e9 oceli a kol\u00edk\u016f.<br \/>\nPozvedn\u011bte svou firemn\u00ed reklamu pomoc\u00ed vyskakovac\u00edho banneru s troj\u00faheln\u00edkem. Obs\u00e1hl\u00fd instala\u010dn\u00ed manu\u00e1l v\u00e1m poskytuje v\u0161echny pot\u0159ebn\u00e9 n\u00e1stroje pro snadn\u00e9 nastaven\u00ed a sund\u00e1n\u00ed banneru. Investujte do vyskakovac\u00edho banneru je\u0161t\u011b dnes a na p\u0159\u00ed\u0161t\u00ed akci nebo konferenci ud\u011blejte odv\u00e1\u017en\u00e9 prohl\u00e1\u0161en\u00ed.<\/p>\n<div style=\"width: 1280px;\" class=\"wp-video\"><!--[if lt IE 9]><script>document.createElement('video');<\/script><![endif]--><br \/>\n<video class=\"wp-video-shortcode\" id=\"video-1016-1\" width=\"1280\" height=\"720\" loop autoplay preload=\"metadata\" controls=\"controls\"><source type=\"video\/mp4\" src=\"http:\/\/cmykprinted.com\/wp-content\/uploads\/2022\/12\/Triangle-Pop-Up-Banners.mp4?_=1\" \/><a href=\"http:\/\/cmykprinted.com\/wp-content\/uploads\/2022\/12\/Triangle-Pop-Up-Banners.mp4\">http:\/\/cmykprinted.com\/wp-content\/uploads\/2022\/12\/Triangle-Pop-Up-Banners.mp4<\/a><\/video><\/div>","protected":false},"featured_media":1017,"template":"","meta":{"_kad_post_transparent":"default","_kad_post_title":"hide","_kad_post_layout":"fullwidth","_kad_post_sidebar_id":"","_kad_post_content_style":"unboxed","_kad_post_vertical_padding":"hide","_kad_post_feature":"hide","_kad_post_feature_position":"","_kad_post_header":false,"_kad_post_footer":false},"product_cat":[92,95],"product_tag":[292,293,166,291],"class_list":{"0":"post-1016","1":"product","2":"type-product","3":"status-publish","4":"has-post-thumbnail","6":"product_cat-pop-up-banners","7":"product_cat-triangle-pop-up-banners","8":"product_tag-a-frame-stand-display","9":"product_tag-personalized-pop-up-banners","10":"product_tag-pop-up-banners","11":"product_tag-triangle-pop-up-banners","13":"first","14":"instock","15":"shipping-taxable","16":"product-type-simple","17":"entry","18":"content-bg","19":"loop-entry"},"_links":{"self":[{"href":"https:\/\/cmykprinted.com\/cs\/wp-json\/wp\/v2\/product\/1016","targetHints":{"allow":["GET"]}}],"collection":[{"href":"https:\/\/cmykprinted.com\/cs\/wp-json\/wp\/v2\/product"}],"about":[{"href":"https:\/\/cmykprinted.com\/cs\/wp-json\/wp\/v2\/types\/product"}],"version-history":[{"count":2,"href":"https:\/\/cmykprinted.com\/cs\/wp-json\/wp\/v2\/product\/1016\/revisions"}],"predecessor-version":[{"id":1024,"href":"https:\/\/cmykprinted.com\/cs\/wp-json\/wp\/v2\/product\/1016\/revisions\/1024"}],"wp:featuredmedia":[{"embeddable":true,"href":"https:\/\/cmykprinted.com\/cs\/wp-json\/wp\/v2\/media\/1017"}],"wp:attachment":[{"href":"https:\/\/cmykprinted.com\/cs\/wp-json\/wp\/v2\/media?parent=1016"}],"wp:term":[{"taxonomy":"product_cat","embeddable":true,"href":"https:\/\/cmykprinted.com\/cs\/wp-json\/wp\/v2\/product_cat?post=1016"},{"taxonomy":"product_tag","embeddable":true,"href":"https:\/\/cmykprinted.com\/cs\/wp-json\/wp\/v2\/product_tag?post=1016"}],"curies":[{"name":"wp","href":"https:\/\/api.w.org\/{rel}","templated":true}]}}