{"id":1034,"date":"2023-02-13T02:28:32","date_gmt":"2023-02-13T02:28:32","guid":{"rendered":"https:\/\/cmykprinted.com\/?post_type=product&#038;p=1034"},"modified":"2023-02-13T02:37:55","modified_gmt":"2023-02-13T02:37:55","slug":"multipurpose-wholesale-3d-custom-metal-transfer-stickers","status":"publish","type":"product","link":"https:\/\/cmykprinted.com\/cs\/produkt\/multipurpose-wholesale-3d-custom-metal-transfer-stickers\/","title":{"rendered":"V\u00edce\u00fa\u010delov\u00e9 velkoobchodn\u00ed 3D zak\u00e1zkov\u00e9 kovov\u00e9 transferov\u00e9 samolepky"},"content":{"rendered":"","protected":false},"excerpt":{"rendered":"<p>Vlastn\u00ed kovov\u00e9 p\u0159enosov\u00e9 n\u00e1lepky jsou inovativn\u00edm \u0159e\u0161en\u00edm \u0161t\u00edtkov\u00e1n\u00ed, kter\u00e9 vyu\u017e\u00edv\u00e1 robustn\u00ed niklovou f\u00f3lii k vytvo\u0159en\u00ed trojrozm\u011brn\u00e9ho efektu. Tento jedine\u010dn\u00fd p\u0159\u00edstup d\u00e1v\u00e1 samolepk\u00e1m elegantn\u00ed a rafinovan\u00fd vzhled, proto\u017ee p\u0159ebyte\u010dn\u00fd materi\u00e1l je z n\u00e1vrhu odstran\u011bn a poskytuje vzhled \u201ebez \u0161t\u00edtku\u201c. Tyto samolepky jsou ide\u00e1ln\u00ed pro \u0161pi\u010dkov\u00e9 produkty nebo online maloobchod a vyr\u00e1b\u00ed se tiskem designu na niklovou f\u00f3lii pomoc\u00ed speci\u00e1ln\u00ed tiskov\u00e9 metody. Po odstran\u011bn\u00ed p\u0159ebyte\u010dn\u00e9ho materi\u00e1lu jsou vyv\u00fd\u0161en\u00e9 prvky pota\u017eeny vrstvou lepidla, d\u00edky \u010demu\u017e jsou vhodn\u00e9 pro aplikaci na r\u016fzn\u00e9 povrchy v\u010detn\u011b plastu, kovu a pap\u00edru.<br \/>\nOdolnost 3D kovov\u00fdch p\u0159enosov\u00fdch samolepek je jednou z jeho kl\u00ed\u010dov\u00fdch v\u00fdhod. Vzhledem k tomu, \u017ee nikl je robustn\u00ed a korozivzdorn\u00fd materi\u00e1l, mohou tyto n\u00e1lepky vydr\u017eet opot\u0159eben\u00ed a z\u00e1rove\u0148 si zachovat svou kvalitu v pr\u016fb\u011bhu \u010dasu. Jsou tak\u00e9 odoln\u00e9 proti vyblednut\u00ed a zm\u011bn\u011b barvy, co\u017e z nich \u010din\u00ed \u0159e\u0161en\u00ed pro ozna\u010dov\u00e1n\u00ed s dlouhou \u017eivotnost\u00ed. Trojrozm\u011brn\u00fd efekt t\u011bchto n\u00e1lepek nav\u00edc dod\u00e1v\u00e1 obalu va\u0161eho produktu nebo zna\u010dce p\u0159ita\u017eliv\u00fd a v\u00fdrazn\u00fd n\u00e1dech.<\/p>\n<div style=\"width: 1280px;\" class=\"wp-video\"><!--[if lt IE 9]><script>document.createElement('video');<\/script><![endif]--><br \/>\n<video class=\"wp-video-shortcode\" id=\"video-1034-1\" width=\"1280\" height=\"720\" loop autoplay preload=\"metadata\" controls=\"controls\"><source type=\"video\/mp4\" src=\"http:\/\/cmykprinted.com\/wp-content\/uploads\/2022\/12\/Metal-Transfer-Sticker.mp4?_=1\" \/><a href=\"http:\/\/cmykprinted.com\/wp-content\/uploads\/2022\/12\/Metal-Transfer-Sticker.mp4\">http:\/\/cmykprinted.com\/wp-content\/uploads\/2022\/12\/Metal-Transfer-Sticker.mp4<\/a><\/video><\/div>\n<p>&nbsp;<\/p>","protected":false},"featured_media":1035,"template":"","meta":{"_kad_post_transparent":"default","_kad_post_title":"hide","_kad_post_layout":"fullwidth","_kad_post_sidebar_id":"","_kad_post_content_style":"unboxed","_kad_post_vertical_padding":"hide","_kad_post_feature":"hide","_kad_post_feature_position":"","_kad_post_header":false,"_kad_post_footer":false},"product_cat":[101,102],"product_tag":[299,297,298,300],"class_list":{"0":"post-1034","1":"product","2":"type-product","3":"status-publish","4":"has-post-thumbnail","6":"product_cat-transfer-stickers","7":"product_cat-metal-transfer-stickers","8":"product_tag-3d-metal-transfer-stickers","9":"product_tag-custom-metal-transfer-stickers","10":"product_tag-metal-transfer-stickers","11":"product_tag-wholesale-metal-transfer-stickers","13":"first","14":"instock","15":"shipping-taxable","16":"product-type-simple","17":"entry","18":"content-bg","19":"loop-entry"},"_links":{"self":[{"href":"https:\/\/cmykprinted.com\/cs\/wp-json\/wp\/v2\/product\/1034","targetHints":{"allow":["GET"]}}],"collection":[{"href":"https:\/\/cmykprinted.com\/cs\/wp-json\/wp\/v2\/product"}],"about":[{"href":"https:\/\/cmykprinted.com\/cs\/wp-json\/wp\/v2\/types\/product"}],"version-history":[{"count":2,"href":"https:\/\/cmykprinted.com\/cs\/wp-json\/wp\/v2\/product\/1034\/revisions"}],"predecessor-version":[{"id":1042,"href":"https:\/\/cmykprinted.com\/cs\/wp-json\/wp\/v2\/product\/1034\/revisions\/1042"}],"wp:featuredmedia":[{"embeddable":true,"href":"https:\/\/cmykprinted.com\/cs\/wp-json\/wp\/v2\/media\/1035"}],"wp:attachment":[{"href":"https:\/\/cmykprinted.com\/cs\/wp-json\/wp\/v2\/media?parent=1034"}],"wp:term":[{"taxonomy":"product_cat","embeddable":true,"href":"https:\/\/cmykprinted.com\/cs\/wp-json\/wp\/v2\/product_cat?post=1034"},{"taxonomy":"product_tag","embeddable":true,"href":"https:\/\/cmykprinted.com\/cs\/wp-json\/wp\/v2\/product_tag?post=1034"}],"curies":[{"name":"wp","href":"https:\/\/api.w.org\/{rel}","templated":true}]}}