{"id":1043,"date":"2023-02-13T04:54:51","date_gmt":"2023-02-13T04:54:51","guid":{"rendered":"https:\/\/cmykprinted.com\/?post_type=product&#038;p=1043"},"modified":"2023-02-13T05:02:42","modified_gmt":"2023-02-13T05:02:42","slug":"personalized-teardrop-banner-flags-with-full-color-printing","status":"publish","type":"product","link":"https:\/\/cmykprinted.com\/cs\/produkt\/personalized-teardrop-banner-flags-with-full-color-printing\/","title":{"rendered":"Personalizovan\u00e9 kapkovit\u00e9 vlajky s plnobarevn\u00fdm potiskem"},"content":{"rendered":"","protected":false},"excerpt":{"rendered":"<p>Vlajky slzn\u00fdch prapor\u016f, b\u011b\u017en\u011b ozna\u010dovan\u00e9 jako slzn\u00e9 prapory nebo p\u00edrkov\u00e9 vlajky, jsou velk\u00e9 vlajky ve tvaru slzy pou\u017e\u00edvan\u00e9 pro reklamn\u00ed a marketingov\u00e9 \u00fa\u010dely. Vyzna\u010duj\u00ed se zak\u00e1zkov\u00fdm designem vyroben\u00fdm procesem sublimace barviva, jeho\u017e v\u00fdsledkem je jasn\u00e1 a vysoce kvalitn\u00ed grafika. Vlajky jsou upevn\u011bny na pru\u017en\u00e9, lehk\u00e9 ty\u010di z hlin\u00edku a sklolamin\u00e1tu, kter\u00e1 dr\u017e\u00ed vlajku napnutou i ve v\u011btrn\u00fdch podm\u00ednk\u00e1ch. Ty\u010d lze um\u00edstit do zem\u011b nebo na stojan, podle pot\u0159eb a preferenc\u00ed u\u017eivatele.<br \/>\nVyv\u011b\u0161en\u00ed vlaje\u010dky ve tvaru slzy p\u0159ed va\u0161\u00ed firmou m\u016f\u017ee b\u00fdt \u00fa\u010dinn\u00fd zp\u016fsob, jak upoutat pozornost potenci\u00e1ln\u00edch z\u00e1kazn\u00edk\u016f a kolemjdouc\u00edch. Tyto vlajky jsou poutav\u00e9 a mohou efektivn\u011b propagovat va\u0161i firmu a jej\u00ed nab\u00eddky. Jsou tak\u00e9 univerz\u00e1ln\u00ed a lze je pou\u017e\u00edt v cel\u00e9 \u0159ad\u011b prost\u0159ed\u00ed, jako jsou veletrhy, venkovn\u00ed akce a v\u00fdlohy. V\u00fdb\u011brem vlastn\u00edho designu, kter\u00fd p\u0159esn\u011b reprezentuje zna\u010dku a sd\u011blen\u00ed va\u0161\u00ed firmy, m\u016f\u017eete efektivn\u011b p\u0159edat sv\u00e9 poselstv\u00ed a ud\u011blat na sv\u00e9 c\u00edlov\u00e9 publikum trval\u00fd dojem.<\/p>\n<div style=\"width: 1280px;\" class=\"wp-video\"><!--[if lt IE 9]><script>document.createElement('video');<\/script><![endif]--><br \/>\n<video class=\"wp-video-shortcode\" id=\"video-1043-1\" width=\"1280\" height=\"720\" loop autoplay preload=\"metadata\" controls=\"controls\"><source type=\"video\/mp4\" src=\"http:\/\/cmykprinted.com\/wp-content\/uploads\/2022\/12\/Beach-Teardrop-Flags-Banner.mp4?_=1\" \/><a href=\"http:\/\/cmykprinted.com\/wp-content\/uploads\/2022\/12\/Beach-Teardrop-Flags-Banner.mp4\">http:\/\/cmykprinted.com\/wp-content\/uploads\/2022\/12\/Beach-Teardrop-Flags-Banner.mp4<\/a><\/video><\/div>","protected":false},"featured_media":1044,"template":"","meta":{"_kad_post_transparent":"default","_kad_post_title":"hide","_kad_post_layout":"fullwidth","_kad_post_sidebar_id":"","_kad_post_content_style":"unboxed","_kad_post_vertical_padding":"hide","_kad_post_feature":"hide","_kad_post_feature_position":"","_kad_post_header":false,"_kad_post_footer":false},"product_cat":[64,67],"product_tag":[255,301,302,303,178],"class_list":{"0":"post-1043","1":"product","2":"type-product","3":"status-publish","4":"has-post-thumbnail","6":"product_cat-beach-flags","7":"product_cat-teardrop-flags-banners","8":"product_tag-personalized-teardrop-flags","9":"product_tag-teardrop-banner-flags","10":"product_tag-teardrop-banners","11":"product_tag-teardrop-flag-banners","12":"product_tag-teardrop-flags","14":"first","15":"instock","16":"shipping-taxable","17":"product-type-simple","18":"entry","19":"content-bg","20":"loop-entry"},"_links":{"self":[{"href":"https:\/\/cmykprinted.com\/cs\/wp-json\/wp\/v2\/product\/1043","targetHints":{"allow":["GET"]}}],"collection":[{"href":"https:\/\/cmykprinted.com\/cs\/wp-json\/wp\/v2\/product"}],"about":[{"href":"https:\/\/cmykprinted.com\/cs\/wp-json\/wp\/v2\/types\/product"}],"version-history":[{"count":2,"href":"https:\/\/cmykprinted.com\/cs\/wp-json\/wp\/v2\/product\/1043\/revisions"}],"predecessor-version":[{"id":1051,"href":"https:\/\/cmykprinted.com\/cs\/wp-json\/wp\/v2\/product\/1043\/revisions\/1051"}],"wp:featuredmedia":[{"embeddable":true,"href":"https:\/\/cmykprinted.com\/cs\/wp-json\/wp\/v2\/media\/1044"}],"wp:attachment":[{"href":"https:\/\/cmykprinted.com\/cs\/wp-json\/wp\/v2\/media?parent=1043"}],"wp:term":[{"taxonomy":"product_cat","embeddable":true,"href":"https:\/\/cmykprinted.com\/cs\/wp-json\/wp\/v2\/product_cat?post=1043"},{"taxonomy":"product_tag","embeddable":true,"href":"https:\/\/cmykprinted.com\/cs\/wp-json\/wp\/v2\/product_tag?post=1043"}],"curies":[{"name":"wp","href":"https:\/\/api.w.org\/{rel}","templated":true}]}}