{"id":1052,"date":"2023-02-13T07:20:10","date_gmt":"2023-02-13T07:20:10","guid":{"rendered":"https:\/\/cmykprinted.com\/?post_type=product&#038;p=1052"},"modified":"2023-02-13T07:26:04","modified_gmt":"2023-02-13T07:26:04","slug":"50mm-hexagonal-aluminum-10x20ft-pop-up-canopies-tents","status":"publish","type":"product","link":"https:\/\/cmykprinted.com\/cs\/produkt\/50mm-hexagonal-aluminum-10x20ft-pop-up-canopies-tents\/","title":{"rendered":"50mm \u0161estihrann\u00e9 hlin\u00edkov\u00e9 stany s v\u00fdklopn\u00fdmi st\u0159\u00ed\u0161kami o rozm\u011brech 10x20 stop"},"content":{"rendered":"","protected":false},"excerpt":{"rendered":"<p>10 x 20 stop vysouvac\u00ed st\u0159\u00ed\u0161ka s hlin\u00edkov\u00fdm r\u00e1mem je perfektn\u00ed volbou pro vyj\u00e1d\u0159en\u00ed na st\u00e1nku na trhu nebo na veletrhu. R\u00e1m je navr\u017een tak, aby zaujal \u0161estihrannou hlin\u00edkovou vn\u011bj\u0161\u00ed nohou o rozm\u011brech 50x50 mm a tlou\u0161\u0165ce 1,8 mm. D\u00edky p\u011bti v\u00fd\u0161kov\u00fdm poloh\u00e1m v 7,5 cm intervalech nab\u00edz\u00ed stabilitu pro dlouhodob\u00e9 pou\u017e\u00edv\u00e1n\u00ed.<br \/>\nNastaven\u00ed a demont\u00e1\u017e vrchl\u00edku je snadn\u00e1 d\u00edky skl\u00e1dac\u00edmu hlin\u00edkov\u00e9mu r\u00e1mu a absenci voln\u00fdch \u010d\u00e1st\u00ed. Nastaven\u00ed nohou pomoc\u00ed tla\u010d\u00edtka a velk\u00e9 stahovac\u00ed kol\u00edky v horn\u00edch roz\u00edch usnad\u0148uj\u00ed nastaven\u00ed, ani\u017e byste pot\u0159ebovali jak\u00e9koli n\u00e1stroje. Balen\u00ed obsahuje komer\u010dn\u00ed hlin\u00edkov\u00fd r\u00e1m v\u00fdsuvn\u00e9 st\u0159\u00ed\u0161ky a m\u016f\u017ee b\u00fdt snadno sestaven jednou nebo dv\u011bma osobami b\u011bhem n\u011bkolika minut, bez jak\u00e9hokoli n\u00e1\u0159ad\u00ed.<br \/>\nNa tento baldach\u00fdn se vztahuje 1-let\u00e1 z\u00e1ruka a do\u017eivotn\u00ed dod\u00e1vka p\u0159\u00edslu\u0161enstv\u00ed a d\u00edl\u016f. Pokud po\u017eadujete zak\u00e1zkovou pr\u00e1ci, jsme tu, abychom v\u00e1m pomohli. Garantujeme spokojenost 100% a budeme pracovat na vy\u0159e\u0161en\u00ed jak\u00fdchkoliv probl\u00e9m\u016f, kter\u00e9 m\u016f\u017eete m\u00edt.<br \/>\nTato v\u0161estrann\u00e1 st\u0159\u00ed\u0161ka je vhodn\u00e1 pro \u0161irokou \u0161k\u00e1lu venkovn\u00edch akc\u00ed, jako jsou ve\u010d\u00edrky, veletrhy, sporty, pikniky, grilov\u00e1n\u00ed a dal\u0161\u00ed. M\u016f\u017ee b\u00fdt tak\u00e9 pou\u017eit v komer\u010dn\u00edch oblastech, na pl\u00e1\u017e\u00edch, na h\u0159i\u0161t\u00edch, dvorech, zahrad\u00e1ch, farm\u00e1ch a dal\u0161\u00edch venkovn\u00edch prost\u0159ed\u00edch, stejn\u011b jako ve vnit\u0159n\u00edch prost\u0159ed\u00edch, jako jsou velk\u00e9 t\u011blocvi\u010dny. D\u00edky jeho \u0161pi\u010dkov\u00e9 kvalit\u011b si m\u016f\u017eete b\u00fdt jisti jeho dlouhou \u017eivotnost\u00ed a odolnost\u00ed. Pokud m\u00e1te b\u011bhem prvn\u00edho roku n\u011bjak\u00e9 obavy ohledn\u011b kvality, jednodu\u0161e n\u00e1s kontaktujte. Na\u0161e z\u00e1ruka spokojenosti 100% zaji\u0161\u0165uje, \u017ee budeme pracovat na vy\u0159e\u0161en\u00ed jak\u00fdchkoliv probl\u00e9m\u016f, kter\u00e9 m\u016f\u017eete m\u00edt.<\/p>\n<div style=\"width: 1280px;\" class=\"wp-video\"><!--[if lt IE 9]><script>document.createElement('video');<\/script><![endif]--><br \/>\n<video class=\"wp-video-shortcode\" id=\"video-1052-1\" width=\"1280\" height=\"720\" loop autoplay preload=\"auto\" controls=\"controls\"><source type=\"video\/mp4\" src=\"http:\/\/cmykprinted.com\/wp-content\/uploads\/2022\/12\/10x15ft-Pop-up-Tent.mp4?_=1\" \/><a href=\"http:\/\/cmykprinted.com\/wp-content\/uploads\/2022\/12\/10x15ft-Pop-up-Tent.mp4\">http:\/\/cmykprinted.com\/wp-content\/uploads\/2022\/12\/10x15ft-Pop-up-Tent.mp4<\/a><\/video><\/div>","protected":false},"featured_media":1053,"template":"","meta":{"_kad_post_transparent":"default","_kad_post_title":"hide","_kad_post_layout":"fullwidth","_kad_post_sidebar_id":"","_kad_post_content_style":"unboxed","_kad_post_vertical_padding":"hide","_kad_post_feature":"hide","_kad_post_feature_position":"","_kad_post_header":false,"_kad_post_footer":false},"product_cat":[68,77,74],"product_tag":[279,208,282,306,305,281,304,280],"class_list":{"0":"post-1052","1":"product","2":"type-product","3":"status-publish","4":"has-post-thumbnail","6":"product_cat-custom-canopy-tents","7":"product_cat-10x20ft-pop-up-canopies-50mm-heavy-duty-hexagon-aluminum-tents-custom-canopy-tents","8":"product_cat-50mm-heavy-duty-hexagon-aluminum-tents","9":"product_tag-10x15ft-hexagonal-pop-up-canopy-tent","10":"product_tag-10x20ft-pop-up-canopies","11":"product_tag-50mm-hexagonal-pop-up-canopy","12":"product_tag-50mm-hexagonal-pop-up-canopies","13":"product_tag-aluminum-canopies-pop-up-canopies","14":"product_tag-aluminum-frame-pop-up-canopy-tent","15":"product_tag-hexagonal-aluminum-canopies","16":"product_tag-hexagonal-pop-up-canopy-tent","18":"first","19":"instock","20":"shipping-taxable","21":"product-type-simple","22":"entry","23":"content-bg","24":"loop-entry"},"_links":{"self":[{"href":"https:\/\/cmykprinted.com\/cs\/wp-json\/wp\/v2\/product\/1052","targetHints":{"allow":["GET"]}}],"collection":[{"href":"https:\/\/cmykprinted.com\/cs\/wp-json\/wp\/v2\/product"}],"about":[{"href":"https:\/\/cmykprinted.com\/cs\/wp-json\/wp\/v2\/types\/product"}],"version-history":[{"count":2,"href":"https:\/\/cmykprinted.com\/cs\/wp-json\/wp\/v2\/product\/1052\/revisions"}],"predecessor-version":[{"id":1059,"href":"https:\/\/cmykprinted.com\/cs\/wp-json\/wp\/v2\/product\/1052\/revisions\/1059"}],"wp:featuredmedia":[{"embeddable":true,"href":"https:\/\/cmykprinted.com\/cs\/wp-json\/wp\/v2\/media\/1053"}],"wp:attachment":[{"href":"https:\/\/cmykprinted.com\/cs\/wp-json\/wp\/v2\/media?parent=1052"}],"wp:term":[{"taxonomy":"product_cat","embeddable":true,"href":"https:\/\/cmykprinted.com\/cs\/wp-json\/wp\/v2\/product_cat?post=1052"},{"taxonomy":"product_tag","embeddable":true,"href":"https:\/\/cmykprinted.com\/cs\/wp-json\/wp\/v2\/product_tag?post=1052"}],"curies":[{"name":"wp","href":"https:\/\/api.w.org\/{rel}","templated":true}]}}