{"id":1060,"date":"2023-02-13T07:46:21","date_gmt":"2023-02-13T07:46:21","guid":{"rendered":"https:\/\/cmykprinted.com\/?post_type=product&#038;p=1060"},"modified":"2023-02-13T07:55:50","modified_gmt":"2023-02-13T07:55:50","slug":"custom-printed-exhibit-fitted-table-cover-fitted-tablecloth","status":"publish","type":"product","link":"https:\/\/cmykprinted.com\/cs\/produkt\/custom-printed-exhibit-fitted-table-cover-fitted-tablecloth\/","title":{"rendered":"Zak\u00e1zkov\u00fd ti\u0161t\u011bn\u00fd expon\u00e1t P\u0159izp\u016fsoben\u00fd potah na st\u016fl P\u0159izp\u016fsoben\u00fd ubrus"},"content":{"rendered":"","protected":false},"excerpt":{"rendered":"<p>Namontovan\u00fd kryt stolu je navr\u017een s p\u0159esnost\u00ed tak, aby se ve\u0161el na obd\u00e9ln\u00edkov\u00e9 stoly o rozm\u011brech 72 palc\u016f na d\u00e9lku, 30 palc\u016f na \u0161\u00ed\u0159ku a 30 palc\u016f na v\u00fd\u0161ku, a\u0165 u\u017e se jedn\u00e1 o skl\u00e1dac\u00ed nebo banketn\u00ed st\u016fl. Tento v\u0161estrann\u00fd obd\u00e9ln\u00edkov\u00fd ubrus je ide\u00e1ln\u00ed pro ud\u00e1losti, jako jsou svatby, narozeniny, sprchy, zkou\u0161ky na ve\u010de\u0159i a dokonce i rodinn\u00e1 setk\u00e1n\u00ed. Tento 6&quot; spandexov\u00fd ubrus vyroben\u00fd z prvot\u0159\u00eddn\u00edho stre\u010dov\u00e9ho polyesteru je vyroben tak, aby vydr\u017eel a m\u016f\u017ee se pochlubit odolnou konstrukc\u00ed, kter\u00e1 je odoln\u00e1 proti vr\u00e1sk\u00e1m a skvrn\u00e1m. Nav\u00edc lze tento ubrus pr\u00e1t n\u011bkolikr\u00e1t, co\u017e z n\u011bj \u010din\u00ed cenov\u011b v\u00fdhodnou volbu pro organiz\u00e1tory akc\u00ed nebo majitele dom\u016f. Pozvedn\u011bte sv\u00e9 prost\u00edr\u00e1n\u00ed pomoc\u00ed stylov\u00e9ho a praktick\u00e9ho dopl\u0148ku na\u0161eho spandexov\u00e9ho ubrusu vhodn\u00e9ho pro form\u00e1ln\u00ed i neform\u00e1ln\u00ed ud\u00e1losti.<\/p>\n<div style=\"width: 1290px;\" class=\"wp-video\"><!--[if lt IE 9]><script>document.createElement('video');<\/script><![endif]--><br \/>\n<video class=\"wp-video-shortcode\" id=\"video-1060-1\" width=\"1290\" height=\"726\" loop autoplay preload=\"auto\" controls=\"controls\"><source type=\"video\/mp4\" src=\"http:\/\/cmykprinted.com\/wp-content\/uploads\/2023\/02\/Fitted-Table-Cover.mp4?_=1\" \/><a href=\"http:\/\/cmykprinted.com\/wp-content\/uploads\/2023\/02\/Fitted-Table-Cover.mp4\">http:\/\/cmykprinted.com\/wp-content\/uploads\/2023\/02\/Fitted-Table-Cover.mp4<\/a><\/video><\/div>","protected":false},"featured_media":1061,"template":"","meta":{"_kad_post_transparent":"default","_kad_post_title":"hide","_kad_post_layout":"fullwidth","_kad_post_sidebar_id":"","_kad_post_content_style":"unboxed","_kad_post_vertical_padding":"hide","_kad_post_feature":"hide","_kad_post_feature_position":"","_kad_post_header":false,"_kad_post_footer":false},"product_cat":[80,81,83],"product_tag":[157,307,308,185,265],"class_list":{"0":"post-1060","1":"product","2":"type-product","3":"status-publish","4":"has-post-thumbnail","6":"product_cat-custom-tablecloth","7":"product_cat-custom-stretch-tablecloth","8":"product_cat-fitted-table-cover","9":"product_tag-custom-table-cover","10":"product_tag-exhibit-table-cover","11":"product_tag-exhibit-table-tablecloth","12":"product_tag-fitted-table-cover","13":"product_tag-fitted-tablecloth","15":"first","16":"instock","17":"shipping-taxable","18":"product-type-simple","19":"entry","20":"content-bg","21":"loop-entry"},"_links":{"self":[{"href":"https:\/\/cmykprinted.com\/cs\/wp-json\/wp\/v2\/product\/1060","targetHints":{"allow":["GET"]}}],"collection":[{"href":"https:\/\/cmykprinted.com\/cs\/wp-json\/wp\/v2\/product"}],"about":[{"href":"https:\/\/cmykprinted.com\/cs\/wp-json\/wp\/v2\/types\/product"}],"version-history":[{"count":1,"href":"https:\/\/cmykprinted.com\/cs\/wp-json\/wp\/v2\/product\/1060\/revisions"}],"predecessor-version":[{"id":1068,"href":"https:\/\/cmykprinted.com\/cs\/wp-json\/wp\/v2\/product\/1060\/revisions\/1068"}],"wp:featuredmedia":[{"embeddable":true,"href":"https:\/\/cmykprinted.com\/cs\/wp-json\/wp\/v2\/media\/1061"}],"wp:attachment":[{"href":"https:\/\/cmykprinted.com\/cs\/wp-json\/wp\/v2\/media?parent=1060"}],"wp:term":[{"taxonomy":"product_cat","embeddable":true,"href":"https:\/\/cmykprinted.com\/cs\/wp-json\/wp\/v2\/product_cat?post=1060"},{"taxonomy":"product_tag","embeddable":true,"href":"https:\/\/cmykprinted.com\/cs\/wp-json\/wp\/v2\/product_tag?post=1060"}],"curies":[{"name":"wp","href":"https:\/\/api.w.org\/{rel}","templated":true}]}}