{"id":1069,"date":"2023-02-13T13:14:04","date_gmt":"2023-02-13T13:14:04","guid":{"rendered":"https:\/\/cmykprinted.com\/?post_type=product&#038;p=1069"},"modified":"2023-02-13T13:33:15","modified_gmt":"2023-02-13T13:33:15","slug":"heavy-duty-premium-custom-pvc-banner-with-hanging-grommets","status":"publish","type":"product","link":"https:\/\/cmykprinted.com\/cs\/produkt\/heavy-duty-premium-custom-pvc-banner-with-hanging-grommets\/","title":{"rendered":"Vysoce v\u00fdkonn\u00fd pr\u00e9miov\u00fd PVC banner se z\u00e1v\u011bsn\u00fdmi pr\u016fchodkami"},"content":{"rendered":"","protected":false},"excerpt":{"rendered":"<p>Pokud hled\u00e1te spolehliv\u00e9 a dlouhodob\u00e9 reklamn\u00ed \u0159e\u0161en\u00ed pro sv\u00e9 podnik\u00e1n\u00ed, zva\u017ete na\u0161e vlastn\u00ed PVC bannery. Tyto bannery jsou vyrobeny z odoln\u00e9ho PVC flex materi\u00e1lu a nab\u00edzej\u00ed vynikaj\u00edc\u00ed odolnost a trvanlivost proti drsn\u00fdm vn\u011bj\u0161\u00edm vliv\u016fm, d\u00edky \u010demu\u017e jsou ide\u00e1ln\u00ed pro venkovn\u00ed pou\u017eit\u00ed.<br \/>\nA\u0165 u\u017e chcete propagovat akci, p\u0159edv\u00e9st sv\u00e9 produkty nebo slu\u017eby nebo jednodu\u0161e sd\u00edlet d\u016fle\u017eit\u00e9 informace se sv\u00fdm publikem, na\u0161e vlastn\u00ed PVC bannery jsou efektivn\u00ed a n\u00e1kladov\u011b efektivn\u00ed volbou. Jejich odoln\u00e1 povaha jim umo\u017e\u0148uje odolat pov\u011btrnostn\u00edm vliv\u016fm a poskytovat dlouhodobou slu\u017ebu, tak\u017ee je m\u016f\u017eete v p\u0159\u00edpad\u011b pot\u0159eby znovu pou\u017e\u00edt.<br \/>\nJednou z v\u00fdhod pou\u017e\u00edv\u00e1n\u00ed vlastn\u00edch PVC banner\u016f je, \u017ee mohou pomoci sn\u00ed\u017eit va\u0161e celkov\u00e9 n\u00e1klady na reklamu. Jejich odoln\u00e1 a dlouhotrvaj\u00edc\u00ed povaha znamen\u00e1, \u017ee se nebudete muset starat o \u010dast\u00e9 n\u00e1kupy nebo v\u00fdm\u011bny, co\u017e v\u00e1m z dlouhodob\u00e9ho hlediska u\u0161et\u0159\u00ed \u010das a pen\u00edze a z\u00e1rove\u0148 zajist\u00ed, \u017ee va\u0161e bannery z\u016fstanou v nejlep\u0161\u00edm stavu a budou nad\u00e1le efektivn\u011b propagovat va\u0161i firmu.<br \/>\nZ\u00e1v\u011brem lze \u0159\u00edci, \u017ee zak\u00e1zkov\u00e9 PVC bannery jsou spolehlivou a cenov\u011b v\u00fdhodnou mo\u017enost\u00ed pro venkovn\u00ed reklamu va\u0161eho podnik\u00e1n\u00ed. Jejich robustn\u00ed materi\u00e1l a odoln\u00e1 konstrukce je p\u0159edur\u010duj\u00ed k dlouhodob\u00e9mu pou\u017e\u00edv\u00e1n\u00ed, pom\u00e1haj\u00ed v\u00e1m dos\u00e1hnout va\u0161ich reklamn\u00edch c\u00edl\u016f a z\u00e1rove\u0148 \u0161et\u0159\u00ed pen\u00edze.<\/p>\n<div style=\"width: 1280px;\" class=\"wp-video\"><!--[if lt IE 9]><script>document.createElement('video');<\/script><![endif]--><br \/>\n<video class=\"wp-video-shortcode\" id=\"video-1069-1\" width=\"1280\" height=\"720\" loop autoplay preload=\"metadata\" controls=\"controls\"><source type=\"video\/mp4\" src=\"http:\/\/cmykprinted.com\/wp-content\/uploads\/2022\/12\/PVC-Mesh-Banner.mp4?_=1\" \/><a href=\"http:\/\/cmykprinted.com\/wp-content\/uploads\/2022\/12\/PVC-Mesh-Banner.mp4\">http:\/\/cmykprinted.com\/wp-content\/uploads\/2022\/12\/PVC-Mesh-Banner.mp4<\/a><\/video><\/div>","protected":false},"featured_media":1070,"template":"","meta":{"_kad_post_transparent":"default","_kad_post_title":"hide","_kad_post_layout":"fullwidth","_kad_post_sidebar_id":"","_kad_post_content_style":"unboxed","_kad_post_vertical_padding":"hide","_kad_post_feature":"hide","_kad_post_feature_position":"","_kad_post_header":false,"_kad_post_footer":false},"product_cat":[85,90,91,89,88],"product_tag":[310,309,311,312],"class_list":{"0":"post-1069","1":"product","2":"type-product","3":"status-publish","4":"has-post-thumbnail","6":"product_cat-outdoor-vinyl-banners","7":"product_cat-glossy-pvc-banners","8":"product_cat-matte-vinyl-banners","9":"product_cat-pvc-banners","10":"product_cat-pvc-mesh-banners","11":"product_tag-banner-with-hanging-grommets","12":"product_tag-custom-pvc-banner","13":"product_tag-heavy-duty-pvc-banner","14":"product_tag-premium-pvc-banner","16":"first","17":"instock","18":"shipping-taxable","19":"product-type-simple","20":"entry","21":"content-bg","22":"loop-entry"},"_links":{"self":[{"href":"https:\/\/cmykprinted.com\/cs\/wp-json\/wp\/v2\/product\/1069","targetHints":{"allow":["GET"]}}],"collection":[{"href":"https:\/\/cmykprinted.com\/cs\/wp-json\/wp\/v2\/product"}],"about":[{"href":"https:\/\/cmykprinted.com\/cs\/wp-json\/wp\/v2\/types\/product"}],"version-history":[{"count":2,"href":"https:\/\/cmykprinted.com\/cs\/wp-json\/wp\/v2\/product\/1069\/revisions"}],"predecessor-version":[{"id":1077,"href":"https:\/\/cmykprinted.com\/cs\/wp-json\/wp\/v2\/product\/1069\/revisions\/1077"}],"wp:featuredmedia":[{"embeddable":true,"href":"https:\/\/cmykprinted.com\/cs\/wp-json\/wp\/v2\/media\/1070"}],"wp:attachment":[{"href":"https:\/\/cmykprinted.com\/cs\/wp-json\/wp\/v2\/media?parent=1069"}],"wp:term":[{"taxonomy":"product_cat","embeddable":true,"href":"https:\/\/cmykprinted.com\/cs\/wp-json\/wp\/v2\/product_cat?post=1069"},{"taxonomy":"product_tag","embeddable":true,"href":"https:\/\/cmykprinted.com\/cs\/wp-json\/wp\/v2\/product_tag?post=1069"}],"curies":[{"name":"wp","href":"https:\/\/api.w.org\/{rel}","templated":true}]}}