{"id":1078,"date":"2023-02-13T14:09:55","date_gmt":"2023-02-13T14:09:55","guid":{"rendered":"https:\/\/cmykprinted.com\/?post_type=product&#038;p=1078"},"modified":"2023-02-13T14:16:32","modified_gmt":"2023-02-13T14:16:32","slug":"personalized-triangle-pop-out-banner-custom-pop-up-signs","status":"publish","type":"product","link":"https:\/\/cmykprinted.com\/cs\/produkt\/personalized-triangle-pop-out-banner-custom-pop-up-signs\/","title":{"rendered":"Personalizovan\u00e9 vyskakovac\u00ed bannery s troj\u00faheln\u00edkem a vlastn\u00ed vyskakovac\u00ed cedule"},"content":{"rendered":"","protected":false},"excerpt":{"rendered":"<p>Troj\u00faheln\u00edkov\u00e9 vyskakovac\u00ed bannery nab\u00edzej\u00ed elegantn\u00ed a efektivn\u00ed zp\u016fsob propagace va\u0161\u00ed zna\u010dky nebo podnik\u00e1n\u00ed. Jejich snadno sestaviteln\u00fd design, vyroben\u00fd z lehk\u00e9 a odoln\u00e9 broskvov\u00e9 tkaniny, je \u010din\u00ed ide\u00e1ln\u00edmi pro veletrhy, akce a konference. S p\u0159ilo\u017eenou ta\u0161kou pro skladov\u00e1n\u00ed a p\u0159epravu se tyto bannery nejen pohodln\u011b pou\u017e\u00edvaj\u00ed, ale tak\u00e9 zaru\u010den\u011b upoutaj\u00ed pozornost zam\u00fd\u0161len\u00e9ho publika. A\u0165 u\u017e ohla\u0161ujete nov\u00fd produkt, v\u00fdprodej nebo nadch\u00e1zej\u00edc\u00ed akci, tyto bannery budou m\u00edt trval\u00fd dopad, jak uvnit\u0159, tak venku, d\u00edky pru\u017einov\u00e9 kovov\u00e9 oceli a kol\u00edk\u016fm.<br \/>\nPozvedn\u011bte svou reklamu na dal\u0161\u00ed \u00farove\u0148 pomoc\u00ed vyskakovac\u00edho banneru s troj\u00faheln\u00edkem. P\u0159\u00edm\u00e1 instala\u010dn\u00ed p\u0159\u00edru\u010dka poskytuje v\u0161echny n\u00e1stroje, kter\u00e9 pot\u0159ebujete k snadn\u00e9mu nastaven\u00ed a odstran\u011bn\u00ed banneru. Ud\u011blejte prohl\u00e1\u0161en\u00ed na va\u0161\u00ed p\u0159\u00ed\u0161t\u00ed akci nebo konferenci investov\u00e1n\u00edm do vyskakovac\u00edho banneru je\u0161t\u011b dnes.<\/p>\n<div style=\"width: 1280px;\" class=\"wp-video\"><!--[if lt IE 9]><script>document.createElement('video');<\/script><![endif]--><br \/>\n<video class=\"wp-video-shortcode\" id=\"video-1078-1\" width=\"1280\" height=\"720\" loop autoplay preload=\"metadata\" controls=\"controls\"><source type=\"video\/mp4\" src=\"http:\/\/cmykprinted.com\/wp-content\/uploads\/2022\/12\/Triangle-Pop-Up-Banners.mp4?_=1\" \/><a href=\"http:\/\/cmykprinted.com\/wp-content\/uploads\/2022\/12\/Triangle-Pop-Up-Banners.mp4\">http:\/\/cmykprinted.com\/wp-content\/uploads\/2022\/12\/Triangle-Pop-Up-Banners.mp4<\/a><\/video><\/div>","protected":false},"featured_media":1079,"template":"","meta":{"_kad_post_transparent":"default","_kad_post_title":"hide","_kad_post_layout":"fullwidth","_kad_post_sidebar_id":"","_kad_post_content_style":"unboxed","_kad_post_vertical_padding":"hide","_kad_post_feature":"hide","_kad_post_feature_position":"","_kad_post_header":false,"_kad_post_footer":false},"product_cat":[92,95],"product_tag":[314,315,313,316],"class_list":{"0":"post-1078","1":"product","2":"type-product","3":"status-publish","4":"has-post-thumbnail","6":"product_cat-pop-up-banners","7":"product_cat-triangle-pop-up-banners","8":"product_tag-custom-pop-up-signs","9":"product_tag-personalized-pop-up-signs","10":"product_tag-triangle-pop-out-banner","11":"product_tag-triangle-pop-up-signs","13":"first","14":"instock","15":"shipping-taxable","16":"product-type-simple","17":"entry","18":"content-bg","19":"loop-entry"},"_links":{"self":[{"href":"https:\/\/cmykprinted.com\/cs\/wp-json\/wp\/v2\/product\/1078","targetHints":{"allow":["GET"]}}],"collection":[{"href":"https:\/\/cmykprinted.com\/cs\/wp-json\/wp\/v2\/product"}],"about":[{"href":"https:\/\/cmykprinted.com\/cs\/wp-json\/wp\/v2\/types\/product"}],"version-history":[{"count":2,"href":"https:\/\/cmykprinted.com\/cs\/wp-json\/wp\/v2\/product\/1078\/revisions"}],"predecessor-version":[{"id":1086,"href":"https:\/\/cmykprinted.com\/cs\/wp-json\/wp\/v2\/product\/1078\/revisions\/1086"}],"wp:featuredmedia":[{"embeddable":true,"href":"https:\/\/cmykprinted.com\/cs\/wp-json\/wp\/v2\/media\/1079"}],"wp:attachment":[{"href":"https:\/\/cmykprinted.com\/cs\/wp-json\/wp\/v2\/media?parent=1078"}],"wp:term":[{"taxonomy":"product_cat","embeddable":true,"href":"https:\/\/cmykprinted.com\/cs\/wp-json\/wp\/v2\/product_cat?post=1078"},{"taxonomy":"product_tag","embeddable":true,"href":"https:\/\/cmykprinted.com\/cs\/wp-json\/wp\/v2\/product_tag?post=1078"}],"curies":[{"name":"wp","href":"https:\/\/api.w.org\/{rel}","templated":true}]}}