{"id":1095,"date":"2023-02-13T15:30:16","date_gmt":"2023-02-13T15:30:16","guid":{"rendered":"https:\/\/cmykprinted.com\/?post_type=product&#038;p=1095"},"modified":"2023-02-13T15:34:49","modified_gmt":"2023-02-13T15:34:49","slug":"waterproof-custom-uv-3d-metal-transfer-stickers-labels","status":"publish","type":"product","link":"https:\/\/cmykprinted.com\/cs\/produkt\/waterproof-custom-uv-3d-metal-transfer-stickers-labels\/","title":{"rendered":"Vodot\u011bsn\u00e9 vlastn\u00ed UV 3D kovov\u00e9 p\u0159enosov\u00e9 samolepky \u0161t\u00edtky"},"content":{"rendered":"","protected":false},"excerpt":{"rendered":"<p>3D kovov\u00e9 p\u0159enosov\u00e9 n\u00e1lepky nab\u00edzej\u00ed jedine\u010dn\u00e9 a stylov\u00e9 \u0159e\u0161en\u00ed \u0161t\u00edtkov\u00e1n\u00ed vyu\u017e\u00edvaj\u00edc\u00ed silnou niklovou f\u00f3lii k vytvo\u0159en\u00ed 3D efektu. P\u0159ebyte\u010dn\u00fd materi\u00e1l je z designu o\u0159\u00edznut, co\u017e m\u00e1 za n\u00e1sledek elegantn\u00ed a sofistikovan\u00fd vzhled se vzhledem \u201ebez \u0161t\u00edtku\u201c. Ide\u00e1ln\u00ed pro pr\u00e9miov\u00e9 produkty nebo e-commerce, samolepky jsou vyr\u00e1b\u011bny tiskem designu na niklovou f\u00f3lii prost\u0159ednictv\u00edm specializovan\u00e9ho tiskov\u00e9ho procesu. Po odstran\u011bn\u00ed p\u0159ebyte\u010dn\u00e9ho materi\u00e1lu jsou vyv\u00fd\u0161en\u00e9 prvky pokryty vrstvou lepidla, d\u00edky \u010demu\u017e jsou vhodn\u00e9 pro aplikaci na r\u016fzn\u00e9 povrchy, jako je plast, kov a pap\u00edr.<br \/>\nJednou z kl\u00ed\u010dov\u00fdch v\u00fdhod t\u011bchto 3D kovov\u00fdch p\u0159enosov\u00fdch samolepek je jejich odolnost. Jsou vyrobeny z niklu odoln\u00e9ho v\u016f\u010di korozi, dok\u00e1\u017eou odolat opot\u0159eben\u00ed a z\u00e1rove\u0148 si zachov\u00e1vaj\u00ed svou kvalitu v pr\u016fb\u011bhu \u010dasu. Nav\u00edc jsou odoln\u00e9 proti vyblednut\u00ed a zm\u011bn\u011b barvy, co\u017e zaji\u0161\u0165uje dlouhotrvaj\u00edc\u00ed \u0159e\u0161en\u00ed pro ozna\u010dov\u00e1n\u00ed. 3D efekt t\u011bchto n\u00e1lepek tak\u00e9 dod\u00e1v\u00e1 obalu va\u0161eho produktu nebo zna\u010dce atraktivn\u00ed a v\u00fdrazn\u00fd n\u00e1dech.<\/p>\n<div style=\"width: 1280px;\" class=\"wp-video\"><!--[if lt IE 9]><script>document.createElement('video');<\/script><![endif]--><br \/>\n<video class=\"wp-video-shortcode\" id=\"video-1095-1\" width=\"1280\" height=\"720\" loop autoplay preload=\"metadata\" controls=\"controls\"><source type=\"video\/mp4\" src=\"http:\/\/cmykprinted.com\/wp-content\/uploads\/2022\/12\/Metal-Transfer-Sticker.mp4?_=1\" \/><a href=\"http:\/\/cmykprinted.com\/wp-content\/uploads\/2022\/12\/Metal-Transfer-Sticker.mp4\">http:\/\/cmykprinted.com\/wp-content\/uploads\/2022\/12\/Metal-Transfer-Sticker.mp4<\/a><\/video><\/div>\n<p>&nbsp;<\/p>","protected":false},"featured_media":1096,"template":"","meta":{"_kad_post_transparent":"default","_kad_post_title":"hide","_kad_post_layout":"fullwidth","_kad_post_sidebar_id":"","_kad_post_content_style":"unboxed","_kad_post_vertical_padding":"hide","_kad_post_feature":"hide","_kad_post_feature_position":"","_kad_post_header":false,"_kad_post_footer":false},"product_cat":[101,102],"product_tag":[299],"class_list":{"0":"post-1095","1":"product","2":"type-product","3":"status-publish","4":"has-post-thumbnail","6":"product_cat-transfer-stickers","7":"product_cat-metal-transfer-stickers","8":"product_tag-3d-metal-transfer-stickers","10":"first","11":"instock","12":"shipping-taxable","13":"product-type-simple","14":"entry","15":"content-bg","16":"loop-entry"},"_links":{"self":[{"href":"https:\/\/cmykprinted.com\/cs\/wp-json\/wp\/v2\/product\/1095","targetHints":{"allow":["GET"]}}],"collection":[{"href":"https:\/\/cmykprinted.com\/cs\/wp-json\/wp\/v2\/product"}],"about":[{"href":"https:\/\/cmykprinted.com\/cs\/wp-json\/wp\/v2\/types\/product"}],"version-history":[{"count":2,"href":"https:\/\/cmykprinted.com\/cs\/wp-json\/wp\/v2\/product\/1095\/revisions"}],"predecessor-version":[{"id":1103,"href":"https:\/\/cmykprinted.com\/cs\/wp-json\/wp\/v2\/product\/1095\/revisions\/1103"}],"wp:featuredmedia":[{"embeddable":true,"href":"https:\/\/cmykprinted.com\/cs\/wp-json\/wp\/v2\/media\/1096"}],"wp:attachment":[{"href":"https:\/\/cmykprinted.com\/cs\/wp-json\/wp\/v2\/media?parent=1095"}],"wp:term":[{"taxonomy":"product_cat","embeddable":true,"href":"https:\/\/cmykprinted.com\/cs\/wp-json\/wp\/v2\/product_cat?post=1095"},{"taxonomy":"product_tag","embeddable":true,"href":"https:\/\/cmykprinted.com\/cs\/wp-json\/wp\/v2\/product_tag?post=1095"}],"curies":[{"name":"wp","href":"https:\/\/api.w.org\/{rel}","templated":true}]}}