{"id":1104,"date":"2023-02-13T15:48:44","date_gmt":"2023-02-13T15:48:44","guid":{"rendered":"https:\/\/cmykprinted.com\/?post_type=product&#038;p=1104"},"modified":"2023-02-13T15:54:13","modified_gmt":"2023-02-13T15:54:13","slug":"low-price-custom-feather-flags-for-indoor-and-outdoor-use","status":"publish","type":"product","link":"https:\/\/cmykprinted.com\/cs\/produkt\/low-price-custom-feather-flags-for-indoor-and-outdoor-use\/","title":{"rendered":"N\u00edzk\u00e1 cena zak\u00e1zkov\u00fdch vlajek pro vnit\u0159n\u00ed i venkovn\u00ed pou\u017eit\u00ed"},"content":{"rendered":"","protected":false},"excerpt":{"rendered":"<p>Vlastn\u00ed vlaje\u010dky jsou \u00fa\u010dinn\u00fdm reklamn\u00edm n\u00e1strojem pro podniky a organizace, kter\u00e9 vy\u017eaduj\u00ed snadn\u00fd zp\u016fsob propagace sv\u00e9 zna\u010dky nebo sd\u011blen\u00ed. Tyto vlajky se snadno instaluj\u00ed a lze je um\u00edstit na libovoln\u00e9 m\u00edsto, co\u017e z nich \u010din\u00ed praktick\u00e9 \u0159e\u0161en\u00ed. P\u00e9\u0159ov\u00fd vlajkov\u00fd sto\u017e\u00e1r je vyroben z odoln\u00fdch materi\u00e1l\u016f, jako je hlin\u00edk a sklolamin\u00e1t, co\u017e zaji\u0161\u0165uje, \u017ee z\u016fstane vzp\u0159\u00edmen\u00fd i ve v\u011btrn\u00fdch podm\u00ednk\u00e1ch a nep\u0159\u00edzniv\u00e9m po\u010das\u00ed. Samotn\u00e1 vlajka je vyti\u0161t\u011bna na vysoce kvalitn\u00ed polyesterov\u00e9 tkanin\u011b o gram\u00e1\u017ei 115 g\/m2, kter\u00e1 na rubov\u00e9 stran\u011b nab\u00edz\u00ed odrazivost t\u00e9m\u011b\u0159 100%, co\u017e zaji\u0161\u0165uje, \u017ee vlajka je dob\u0159e viditeln\u00e1 a \u010diteln\u00e1 z d\u00e1lky.<br \/>\nKrom\u011b odolnosti a viditelnosti jsou vlastn\u00ed p\u00e9\u0159ov\u00e9 vlajky tak\u00e9 vhodn\u00e9 pro p\u0159epravu a zab\u00edraj\u00ed minim\u00e1ln\u00ed prostor. Lze je snadno p\u0159emis\u0165ovat z jednoho m\u00edsta na druh\u00e9 a lze je postavit na jak\u00fdkoli povrch s vyu\u017eit\u00edm r\u016fzn\u00fdch mo\u017enost\u00ed z\u00e1kladny.<br \/>\nZ\u00e1v\u011brem lze \u0159\u00edci, \u017ee vlastn\u00ed vlaje\u010dky jsou flexibiln\u00ed a efektivn\u00ed metodou propagace va\u0161\u00ed zna\u010dky nebo sd\u011blen\u00ed. D\u00edky snadn\u00e9 mont\u00e1\u017ei, odolnosti a vysok\u00e9 viditelnosti jsou ide\u00e1ln\u00ed volbou pro jak\u00fdkoli podnik nebo organizaci, kter\u00e1 chce upoutat pozornost.<\/p>\n<div style=\"width: 1280px;\" class=\"wp-video\"><!--[if lt IE 9]><script>document.createElement('video');<\/script><![endif]--><br \/>\n<video class=\"wp-video-shortcode\" id=\"video-1104-1\" width=\"1280\" height=\"720\" loop autoplay preload=\"metadata\" controls=\"controls\"><source type=\"video\/mp4\" src=\"http:\/\/cmykprinted.com\/wp-content\/uploads\/2022\/12\/Feather-beach-flags.mp4?_=1\" \/><a href=\"http:\/\/cmykprinted.com\/wp-content\/uploads\/2022\/12\/Feather-beach-flags.mp4\">http:\/\/cmykprinted.com\/wp-content\/uploads\/2022\/12\/Feather-beach-flags.mp4<\/a><\/video><\/div>","protected":false},"featured_media":1105,"template":"","meta":{"_kad_post_transparent":"default","_kad_post_title":"hide","_kad_post_layout":"fullwidth","_kad_post_sidebar_id":"","_kad_post_content_style":"unboxed","_kad_post_vertical_padding":"hide","_kad_post_feature":"hide","_kad_post_feature_position":"","_kad_post_header":false,"_kad_post_footer":false},"product_cat":[64,65],"product_tag":[321,322,323,204],"class_list":{"0":"post-1104","1":"product","2":"type-product","3":"status-publish","4":"has-post-thumbnail","6":"product_cat-beach-flags","7":"product_cat-feather-flags-banners","8":"product_tag-custom-feather-flags","9":"product_tag-indoor-feather-flags","10":"product_tag-low-price-feather-flags","11":"product_tag-outdoor-feather-flags","13":"first","14":"instock","15":"shipping-taxable","16":"product-type-simple","17":"entry","18":"content-bg","19":"loop-entry"},"_links":{"self":[{"href":"https:\/\/cmykprinted.com\/cs\/wp-json\/wp\/v2\/product\/1104","targetHints":{"allow":["GET"]}}],"collection":[{"href":"https:\/\/cmykprinted.com\/cs\/wp-json\/wp\/v2\/product"}],"about":[{"href":"https:\/\/cmykprinted.com\/cs\/wp-json\/wp\/v2\/types\/product"}],"version-history":[{"count":2,"href":"https:\/\/cmykprinted.com\/cs\/wp-json\/wp\/v2\/product\/1104\/revisions"}],"predecessor-version":[{"id":1112,"href":"https:\/\/cmykprinted.com\/cs\/wp-json\/wp\/v2\/product\/1104\/revisions\/1112"}],"wp:featuredmedia":[{"embeddable":true,"href":"https:\/\/cmykprinted.com\/cs\/wp-json\/wp\/v2\/media\/1105"}],"wp:attachment":[{"href":"https:\/\/cmykprinted.com\/cs\/wp-json\/wp\/v2\/media?parent=1104"}],"wp:term":[{"taxonomy":"product_cat","embeddable":true,"href":"https:\/\/cmykprinted.com\/cs\/wp-json\/wp\/v2\/product_cat?post=1104"},{"taxonomy":"product_tag","embeddable":true,"href":"https:\/\/cmykprinted.com\/cs\/wp-json\/wp\/v2\/product_tag?post=1104"}],"curies":[{"name":"wp","href":"https:\/\/api.w.org\/{rel}","templated":true}]}}