{"id":1951,"date":"2024-03-25T07:48:46","date_gmt":"2024-03-25T07:48:46","guid":{"rendered":"https:\/\/cmykprinted.com\/?post_type=product&#038;p=1951"},"modified":"2024-03-26T08:28:10","modified_gmt":"2024-03-26T08:28:10","slug":"double-side-printed-polyester-hanging-flag-for-advertising","status":"publish","type":"product","link":"https:\/\/cmykprinted.com\/cs\/produkt\/dvoustranna-tisknuta-polyesterova-visici-vlajka-pro-reklamu\/","title":{"rendered":"Oboustrann\u011b poti\u0161t\u011bn\u00e1 polyesterov\u00e1 z\u00e1v\u011bsn\u00e1 vlajka pro reklamu"},"content":{"rendered":"","protected":false},"excerpt":{"rendered":"<p>P\u0159izp\u016fsoben\u00e9 polyesterov\u00e9 vlajky<\/p>\n<p>Nulov\u00e9 minim\u00e1ln\u00ed po\u017eadavky. \u017d\u00e1dn\u00e9 n\u00e1klady na zalo\u017een\u00ed! Velkoobchodn\u00ed sazby dostupn\u00e9 pro n\u00e1kupy ve velk\u00e9m m\u011b\u0159\u00edtku. Pln\u00e9 barvy s vysok\u00fdm rozli\u0161en\u00edm a sublima\u010dn\u00edm tiskem!<\/p>\n<p>Rychl\u00fd obrat, m\u016f\u017eeme dokon\u010dit v\u00e1\u0161 vzorek do 48 hodin.<\/p>\n<p>Perfektn\u00ed barva Pantone, kter\u00e1 se hod\u00ed bez jak\u00fdchkoliv p\u0159\u00edplatk\u016f.<\/p>\n<p>Designov\u00e1 slu\u017eba zdarma!<\/p>\n<p>M\u016f\u017eeme ud\u011blat jak\u00e9koli p\u0159izp\u016fsoben\u00e9 ti\u0161t\u011bn\u00e9 vlajky podle va\u0161eho po\u017eadavku, nap\u0159\u00edklad p\u0159idat pr\u016fchodky \/ o\u010dka \/ ruk\u00e1v nebo h\u016fl.<\/p>\n<p>&nbsp;<\/p>","protected":false},"featured_media":1952,"template":"","meta":{"_kad_post_transparent":"default","_kad_post_title":"hide","_kad_post_layout":"fullwidth","_kad_post_sidebar_id":"","_kad_post_content_style":"unboxed","_kad_post_vertical_padding":"hide","_kad_post_feature":"hide","_kad_post_feature_position":"","_kad_post_header":false,"_kad_post_footer":false},"product_cat":[79],"product_tag":[388,387,386,385],"class_list":{"0":"post-1951","1":"product","2":"type-product","3":"status-publish","4":"has-post-thumbnail","6":"product_cat-custom-flags","7":"product_tag-custom-double-sided-flags","8":"product_tag-double-side-printed-polyester-hanging-flag","9":"product_tag-flag-for-advertising","10":"product_tag-polyester-hanging-flag","12":"first","13":"instock","14":"shipping-taxable","15":"product-type-simple","16":"entry","17":"content-bg","18":"loop-entry"},"_links":{"self":[{"href":"https:\/\/cmykprinted.com\/cs\/wp-json\/wp\/v2\/product\/1951","targetHints":{"allow":["GET"]}}],"collection":[{"href":"https:\/\/cmykprinted.com\/cs\/wp-json\/wp\/v2\/product"}],"about":[{"href":"https:\/\/cmykprinted.com\/cs\/wp-json\/wp\/v2\/types\/product"}],"version-history":[{"count":3,"href":"https:\/\/cmykprinted.com\/cs\/wp-json\/wp\/v2\/product\/1951\/revisions"}],"predecessor-version":[{"id":1963,"href":"https:\/\/cmykprinted.com\/cs\/wp-json\/wp\/v2\/product\/1951\/revisions\/1963"}],"wp:featuredmedia":[{"embeddable":true,"href":"https:\/\/cmykprinted.com\/cs\/wp-json\/wp\/v2\/media\/1952"}],"wp:attachment":[{"href":"https:\/\/cmykprinted.com\/cs\/wp-json\/wp\/v2\/media?parent=1951"}],"wp:term":[{"taxonomy":"product_cat","embeddable":true,"href":"https:\/\/cmykprinted.com\/cs\/wp-json\/wp\/v2\/product_cat?post=1951"},{"taxonomy":"product_tag","embeddable":true,"href":"https:\/\/cmykprinted.com\/cs\/wp-json\/wp\/v2\/product_tag?post=1951"}],"curies":[{"name":"wp","href":"https:\/\/api.w.org\/{rel}","templated":true}]}}