{"id":1975,"date":"2024-03-28T09:29:25","date_gmt":"2024-03-28T09:29:25","guid":{"rendered":"https:\/\/cmykprinted.com\/?post_type=product&#038;p=1975"},"modified":"2024-03-28T10:00:58","modified_gmt":"2024-03-28T10:00:58","slug":"best-custom-polyester-nylon-flags-for-indoor-and-outdoor","status":"publish","type":"product","link":"https:\/\/cmykprinted.com\/cs\/produkt\/nejlepsi-prizpusobene-polyester-nylon-vlajky-pro-vnitrni-a-venkovni-pouziti\/","title":{"rendered":"Nejlep\u0161\u00ed vlastn\u00ed polyesterov\u00e9 nylonov\u00e9 vlajky pro vnit\u0159n\u00ed a venkovn\u00ed pou\u017eit\u00ed"},"content":{"rendered":"","protected":false},"excerpt":{"rendered":"<p>Vlajky u\u0161it\u00e9 na m\u00edru slou\u017e\u00ed jako siln\u00fd propaga\u010dn\u00ed prost\u0159edek, vyu\u017e\u00edvaj\u00edc\u00ed \u017eiv\u00e9 odst\u00edny a dynamick\u00fd pohyb k upout\u00e1n\u00ed pozornosti a zv\u00fd\u0161en\u00ed viditelnosti. Pro p\u0159izp\u016fsoben\u00ed jsou k dispozici r\u016fzn\u00e9 tiskov\u00e9 techniky, jako je digit\u00e1ln\u00ed tisk (vodn\u00ed tisk na nylon), s\u00edtotisk a sublima\u010dn\u00ed tisk. V Golden Mouth Advertising Factory vol\u00edme bu\u010f s\u00edtotisk, nebo digit\u00e1ln\u00ed tisk na nylon 200\/210D nebo pleten\u00fd polyester, p\u0159i\u010dem\u017e materi\u00e1l a metodu tisku vyb\u00edr\u00e1me na z\u00e1klad\u011b rozpo\u010dtu klienta, specifikac\u00ed um\u011bleck\u00fdch d\u011bl a po\u017eadavk\u016f na mno\u017estv\u00ed vlajky. I kdy\u017e pou\u017e\u00edv\u00e1me metodu sublima\u010dn\u00edho tisku, d\u00edky omezen\u00e9mu pronik\u00e1n\u00ed inkoustu je vhodn\u011bj\u0161\u00ed pro alternativn\u00ed zp\u016fsoby potisku l\u00e1tek, jako jsou zak\u00e1zkov\u00e9 pozad\u00ed a ubrusy. Pro vlastn\u00ed ti\u0161t\u011bnou vlajku obvykle pou\u017e\u00edv\u00e1me digit\u00e1ln\u00ed tisk, t\u00edmto zp\u016fsobem je cena nejlevn\u011bj\u0161\u00ed.<\/p>\n<p>&nbsp;<\/p>\n<p>&nbsp;<\/p>\n<p>&nbsp;<\/p>\n<p>&nbsp;<\/p>\n<p>&nbsp;<\/p>\n<p>&nbsp;<\/p>","protected":false},"featured_media":1976,"template":"","meta":{"_kad_post_transparent":"default","_kad_post_title":"hide","_kad_post_layout":"fullwidth","_kad_post_sidebar_id":"","_kad_post_content_style":"unboxed","_kad_post_vertical_padding":"hide","_kad_post_feature":"hide","_kad_post_feature_position":"","_kad_post_header":false,"_kad_post_footer":false},"product_cat":[79],"product_tag":[394,389,397,396,399,395,398],"class_list":{"0":"post-1975","1":"product","2":"type-product","3":"status-publish","4":"has-post-thumbnail","6":"product_cat-custom-flags","7":"product_tag-custom-polyester-nylon-flags","8":"product_tag-custom-printed-flags","9":"product_tag-dye-sublimation-printing-flags","10":"product_tag-flags-printing","11":"product_tag-knitted-fabric-flags","12":"product_tag-nylon-flags","13":"product_tag-polyester-flags","15":"first","16":"instock","17":"shipping-taxable","18":"product-type-simple","19":"entry","20":"content-bg","21":"loop-entry"},"_links":{"self":[{"href":"https:\/\/cmykprinted.com\/cs\/wp-json\/wp\/v2\/product\/1975","targetHints":{"allow":["GET"]}}],"collection":[{"href":"https:\/\/cmykprinted.com\/cs\/wp-json\/wp\/v2\/product"}],"about":[{"href":"https:\/\/cmykprinted.com\/cs\/wp-json\/wp\/v2\/types\/product"}],"version-history":[{"count":1,"href":"https:\/\/cmykprinted.com\/cs\/wp-json\/wp\/v2\/product\/1975\/revisions"}],"predecessor-version":[{"id":1983,"href":"https:\/\/cmykprinted.com\/cs\/wp-json\/wp\/v2\/product\/1975\/revisions\/1983"}],"wp:featuredmedia":[{"embeddable":true,"href":"https:\/\/cmykprinted.com\/cs\/wp-json\/wp\/v2\/media\/1976"}],"wp:attachment":[{"href":"https:\/\/cmykprinted.com\/cs\/wp-json\/wp\/v2\/media?parent=1975"}],"wp:term":[{"taxonomy":"product_cat","embeddable":true,"href":"https:\/\/cmykprinted.com\/cs\/wp-json\/wp\/v2\/product_cat?post=1975"},{"taxonomy":"product_tag","embeddable":true,"href":"https:\/\/cmykprinted.com\/cs\/wp-json\/wp\/v2\/product_tag?post=1975"}],"curies":[{"name":"wp","href":"https:\/\/api.w.org\/{rel}","templated":true}]}}