{"id":2168,"date":"2024-08-08T12:50:58","date_gmt":"2024-08-08T12:50:58","guid":{"rendered":"https:\/\/cmykprinted.com\/?post_type=product&#038;p=2168"},"modified":"2024-08-08T13:05:21","modified_gmt":"2024-08-08T13:05:21","slug":"crowd-barrier-fabric-mesh-covers","status":"publish","type":"product","link":"https:\/\/cmykprinted.com\/cs\/produkt\/textilni-sitove-kryty-na-zabrany-pro-davy\/","title":{"rendered":"Potahy ze s\u00ed\u0165oviny s bari\u00e9rou proti davu"},"content":{"rendered":"<p>Na\u0161e kryty Crowd Barrier pou\u017e\u00edvaj\u00ed 120g textiln\u00ed s\u00ed\u0165ovinu, inkoust je vod\u011bodoln\u00fd a odoln\u00fd proti slunci a lze jej pou\u017e\u00edvat venku asi rok. Co se t\u00fd\u010de postprodukce, v\u0161e m\u016f\u017eete ud\u011blat dle po\u017eadavk\u016f z\u00e1kazn\u00edka, nebo si m\u016f\u017eete vybrat z n\u011bkolika n\u00e1mi poskytovan\u00fdch pl\u00e1n\u016f. M\u016f\u017eeme pou\u017e\u00edt such\u00fd zip, knofl\u00edky na o\u010dka, nebo zipy. Minim\u00e1ln\u00ed objednac\u00ed mno\u017estv\u00ed je 1 KS. Vzorky mohou b\u00fdt vyrobeny do 24 hodin a doru\u010deny do v\u0161ech \u010d\u00e1st\u00ed sv\u011bta do t\u00fddne.<\/p>","protected":false},"excerpt":{"rendered":"<p>&nbsp;<\/p>\n<p>&nbsp;<\/p>","protected":false},"featured_media":2169,"template":"","meta":{"_kad_post_transparent":"default","_kad_post_title":"hide","_kad_post_layout":"fullwidth","_kad_post_sidebar_id":"","_kad_post_content_style":"unboxed","_kad_post_vertical_padding":"hide","_kad_post_feature":"hide","_kad_post_feature_position":"","_kad_post_header":false,"_kad_post_footer":false},"product_cat":[85,87,86],"product_tag":[483,482,480,479,481],"class_list":{"0":"post-2168","1":"product","2":"type-product","3":"status-publish","4":"has-post-thumbnail","6":"product_cat-outdoor-vinyl-banners","7":"product_cat-fabric-mesh-banners","8":"product_cat-fence-mesh-banners","9":"product_tag-barrier-jackets","10":"product_tag-barrier-scrim","11":"product_tag-crowd-barrier-covers","12":"product_tag-crowd-barrier-fabric-mesh-covers","13":"product_tag-crowd-control-barriers","15":"first","16":"instock","17":"shipping-taxable","18":"product-type-simple","19":"entry","20":"content-bg","21":"loop-entry"},"_links":{"self":[{"href":"https:\/\/cmykprinted.com\/cs\/wp-json\/wp\/v2\/product\/2168","targetHints":{"allow":["GET"]}}],"collection":[{"href":"https:\/\/cmykprinted.com\/cs\/wp-json\/wp\/v2\/product"}],"about":[{"href":"https:\/\/cmykprinted.com\/cs\/wp-json\/wp\/v2\/types\/product"}],"version-history":[{"count":1,"href":"https:\/\/cmykprinted.com\/cs\/wp-json\/wp\/v2\/product\/2168\/revisions"}],"predecessor-version":[{"id":2175,"href":"https:\/\/cmykprinted.com\/cs\/wp-json\/wp\/v2\/product\/2168\/revisions\/2175"}],"wp:featuredmedia":[{"embeddable":true,"href":"https:\/\/cmykprinted.com\/cs\/wp-json\/wp\/v2\/media\/2169"}],"wp:attachment":[{"href":"https:\/\/cmykprinted.com\/cs\/wp-json\/wp\/v2\/media?parent=2168"}],"wp:term":[{"taxonomy":"product_cat","embeddable":true,"href":"https:\/\/cmykprinted.com\/cs\/wp-json\/wp\/v2\/product_cat?post=2168"},{"taxonomy":"product_tag","embeddable":true,"href":"https:\/\/cmykprinted.com\/cs\/wp-json\/wp\/v2\/product_tag?post=2168"}],"curies":[{"name":"wp","href":"https:\/\/api.w.org\/{rel}","templated":true}]}}