{"id":2178,"date":"2024-08-28T02:23:28","date_gmt":"2024-08-28T02:23:28","guid":{"rendered":"https:\/\/cmykprinted.com\/?post_type=product&#038;p=2178"},"modified":"2024-08-28T02:59:18","modified_gmt":"2024-08-28T02:59:18","slug":"customized-handheld-mini-flags","status":"publish","type":"product","link":"https:\/\/cmykprinted.com\/cs\/produkt\/prizpusobene-rucni-mini-vlajky\/","title":{"rendered":"P\u0159izp\u016fsoben\u00e9 ru\u010dn\u00ed mini vlajky"},"content":{"rendered":"","protected":false},"excerpt":{"rendered":"<p>Na\u0161e p\u0159izp\u016fsoben\u00e9 kapesn\u00ed mini vlajky jsou oboustrann\u011b vyti\u0161t\u011bny, co\u017e znamen\u00e1, \u017ee logo lze spr\u00e1vn\u011b p\u0159e\u010d\u00edst z obou stran. Pou\u017e\u00edv\u00e1me 280g blokovou l\u00e1tku s oboustrann\u00fdm p\u0159\u00edm\u00fdm digit\u00e1ln\u00edm potiskem. Rozm\u011br vlajky je 20\u00d720 cm, sto\u017e\u00e1r je d\u0159ev\u011bn\u00e1 ty\u010d 30 cm (d\u00e9lku sto\u017e\u00e1ru lze upravit). Pro tento vlastn\u00ed p\u0159\u00edznak neexistuje \u017e\u00e1dn\u00e9 minim\u00e1ln\u00ed mno\u017estv\u00ed objedn\u00e1vky; m\u016f\u017eete objednat jen 1 kus, ale \u010d\u00edm v\u00edce objedn\u00e1te, t\u00edm je to cenov\u011b v\u00fdhodn\u011bj\u0161\u00ed.<br \/>\nNa\u0161e mal\u00e9 vlaje\u010dky na ty\u010d\u00edch lze pou\u017e\u00edt pro sportovn\u00ed akce, stoln\u00ed expozice, v\u00fdzdobu dvor\u016f, shrom\u00e1\u017ed\u011bn\u00ed, festivaly, propaga\u010dn\u00ed d\u00e1rky, p\u0159ehl\u00eddky, protesty a dal\u0161\u00ed aktivity. I kdy\u017e jsou ur\u010deny jako jednor\u00e1zov\u00e9 produkty, nab\u00edzej\u00ed cenov\u011b dostupn\u00fd zp\u016fsob, jak p\u0159edv\u00e9st va\u0161i zna\u010dku.<\/p>\n<div style=\"width: 720px;\" class=\"wp-video\"><!--[if lt IE 9]><script>document.createElement('video');<\/script><![endif]--><br \/>\n<video class=\"wp-video-shortcode\" id=\"video-2178-1\" width=\"720\" height=\"1280\" preload=\"metadata\" controls=\"controls\"><source type=\"video\/mp4\" src=\"https:\/\/cmykprinted.com\/wp-content\/uploads\/2024\/08\/Small-Flags-on-Sticks.mp4?_=1\" \/><a href=\"https:\/\/cmykprinted.com\/wp-content\/uploads\/2024\/08\/Small-Flags-on-Sticks.mp4\">https:\/\/cmykprinted.com\/wp-content\/uploads\/2024\/08\/Small-Flags-on-Sticks.mp4<\/a><\/video><\/div>\n<p>&nbsp;<\/p>","protected":false},"featured_media":2179,"template":"","meta":{"_kad_post_transparent":"default","_kad_post_title":"hide","_kad_post_layout":"fullwidth","_kad_post_sidebar_id":"","_kad_post_content_style":"unboxed","_kad_post_vertical_padding":"hide","_kad_post_feature":"hide","_kad_post_feature_position":"","_kad_post_header":false,"_kad_post_footer":false},"product_cat":[79],"product_tag":[490,485,489,486,488,487,484],"class_list":{"0":"post-2178","1":"product","2":"type-product","3":"status-publish","4":"has-post-thumbnail","6":"product_cat-custom-flags","7":"product_tag-hand-held-flags","8":"product_tag-hand-held-flags-of-the-world","9":"product_tag-handheld-banne","10":"product_tag-mini-flags-on-sticks","11":"product_tag-mini-flags-with-stick","12":"product_tag-small-country-flags-on-sticks","13":"product_tag-small-flags-on-sticks","15":"first","16":"instock","17":"shipping-taxable","18":"product-type-simple","19":"entry","20":"content-bg","21":"loop-entry"},"_links":{"self":[{"href":"https:\/\/cmykprinted.com\/cs\/wp-json\/wp\/v2\/product\/2178","targetHints":{"allow":["GET"]}}],"collection":[{"href":"https:\/\/cmykprinted.com\/cs\/wp-json\/wp\/v2\/product"}],"about":[{"href":"https:\/\/cmykprinted.com\/cs\/wp-json\/wp\/v2\/types\/product"}],"version-history":[{"count":1,"href":"https:\/\/cmykprinted.com\/cs\/wp-json\/wp\/v2\/product\/2178\/revisions"}],"predecessor-version":[{"id":2183,"href":"https:\/\/cmykprinted.com\/cs\/wp-json\/wp\/v2\/product\/2178\/revisions\/2183"}],"wp:featuredmedia":[{"embeddable":true,"href":"https:\/\/cmykprinted.com\/cs\/wp-json\/wp\/v2\/media\/2179"}],"wp:attachment":[{"href":"https:\/\/cmykprinted.com\/cs\/wp-json\/wp\/v2\/media?parent=2178"}],"wp:term":[{"taxonomy":"product_cat","embeddable":true,"href":"https:\/\/cmykprinted.com\/cs\/wp-json\/wp\/v2\/product_cat?post=2178"},{"taxonomy":"product_tag","embeddable":true,"href":"https:\/\/cmykprinted.com\/cs\/wp-json\/wp\/v2\/product_tag?post=2178"}],"curies":[{"name":"wp","href":"https:\/\/api.w.org\/{rel}","templated":true}]}}