{"id":2189,"date":"2024-09-18T13:06:31","date_gmt":"2024-09-18T13:06:31","guid":{"rendered":"https:\/\/cmykprinted.com\/?post_type=product&#038;p=2189"},"modified":"2024-09-19T01:45:11","modified_gmt":"2024-09-19T01:45:11","slug":"full-colors-custom-8-feet-printed-spandex-table-covers","status":"publish","type":"product","link":"https:\/\/cmykprinted.com\/cs\/produkt\/plnobarevne-na-zakazku-8-stop-tisk-spandex-potazky-na-stul\/","title":{"rendered":"Plnobarevn\u00e9 potahy na st\u016fl ze spandexu s 8 stopov\u00fdm potiskem"},"content":{"rendered":"","protected":false},"excerpt":{"rendered":"<p><strong>Spandexov\u00e9 potahy na st\u016fl s potiskem: Perfektn\u00ed displej pro va\u0161i zna\u010dku<\/strong><\/p>\n<p>Ti\u0161t\u011bn\u00e9 spandexov\u00e9 stoln\u00ed potahy se staly z\u00e1kladem ve sv\u011bt\u011b obchodn\u00edch v\u00fdstav, propaga\u010dn\u00edch akc\u00ed a maloobchodn\u00edch expozic. Tyto elegantn\u00ed a stylov\u00e9 potahy na st\u016fl z pru\u017en\u00e9ho spandexu, kter\u00e9 nab\u00edzej\u00ed tvar i funkci, jsou navr\u017eeny tak, aby p\u0159il\u00e9haly k t\u011blu, m\u011bly z\u00e1\u0159iv\u00fd vzhled a bezkonkuren\u010dn\u00ed odolnost.<\/p>\n<p><strong>St\u0159ih \u0161it\u00fd na m\u00edru va\u0161im pot\u0159eb\u00e1m<\/strong><\/p>\n<p>Na\u0161e spandexov\u00e9 potahy na st\u016fl jsou k dispozici v n\u011bkolika konfigurac\u00edch, aby vyhovovaly va\u0161im specifick\u00fdm po\u017eadavk\u016fm. A\u0165 u\u017e pot\u0159ebujete 4strann\u00fd kryt, 4strann\u00fd kryt se zipem pro snadn\u00fd p\u0159\u00edstup k \u00falo\u017en\u00e9mu prostoru pod stolem, nebo 3strann\u00fd design s otev\u0159en\u00fdmi z\u00e1dy, kter\u00fd umo\u017en\u00ed zam\u011bstnanci sed\u011bt u displeje, m\u00e1me m\u00e1m t\u011b pokryto. Sm\u011bs tkaniny spandex\/polyester zaji\u0161\u0165uje tvarov\u011b padnouc\u00ed, t\u00e9m\u011b\u0159 nema\u010dkavou \u00fapravu, kter\u00e1 vypad\u00e1 skv\u011ble v jak\u00e9mkoli prost\u0159ed\u00ed.<\/p>\n<p>Tyto kryty jsou navr\u017eeny pro vnit\u0159n\u00ed i venkovn\u00ed akce a jsou obl\u00edben\u00e9 na veletrz\u00edch, maloobchodn\u00edch prodejn\u00e1ch, propaga\u010dn\u00edch akc\u00edch a ve firemn\u00edch lobby. Vyztu\u017een\u00e9 kapsy na nohavic\u00edch a odoln\u00e9 zipy jsou dvojit\u011b \u0161it\u00e9 pro v\u011bt\u0161\u00ed odolnost a zaji\u0161\u0165uj\u00ed, \u017ee potah z\u016fstane bezpe\u010dn\u011b na sv\u00e9m m\u00edst\u011b i ve v\u011btrn\u00fdch podm\u00ednk\u00e1ch. U\u017e se nemus\u00edte b\u00e1t, \u017ee v\u00e1m venku odfoukne potah stolu.<\/p>\n<p>Vysoce kvalitn\u00ed l\u00e1tka a potisk pro maxim\u00e1ln\u00ed dopad<\/p>\n<p>To, co odli\u0161uje na\u0161e potahy na stoly, je kvalita materi\u00e1lu a tiskov\u00fd proces. Na\u0161e kryty jsou vyrobeny z tkaniny 280 GSM a jsou siln\u011bj\u0161\u00ed a odoln\u011bj\u0161\u00ed ne\u017e v\u011bt\u0161ina konkurent\u016f, co\u017e je vid\u011bt na kone\u010dn\u00e9m produktu. Zam\u011b\u0159ujeme se na ka\u017ed\u00fd detail, abychom dodali produkt, kter\u00fd p\u0159ed\u010d\u00ed o\u010dek\u00e1v\u00e1n\u00ed.<\/p>\n<p>Vyztu\u017een\u00e9 polypropylenov\u00e9 kapsy na nohy jsou extra \u0161irok\u00e9, tak\u017ee se vejdou do ka\u017ed\u00e9 konfigurace nohou stolu. Tato pe\u010dliv\u00e1 pozornost v\u011bnovan\u00e1 designu \u010din\u00ed kryty nejen odoln\u00fdmi, ale tak\u00e9 v\u0161estrann\u00fdmi, vhodn\u00fdmi pro jak\u00e9koli ud\u00e1losti.<\/p>\n<p>Jednou z kl\u00ed\u010dov\u00fdch vlastnost\u00ed na\u0161ich spandexov\u00fdch ubrus\u016f je z\u00e1\u0159iv\u00fd, vysoce kvalitn\u00ed potisk loga, d\u00edky kter\u00e9mu vynikne va\u0161e zna\u010dka. Pomoc\u00ed technologie sublimace barviva p\u0159eneseme v\u00e1\u0161 design pomoc\u00ed intenzivn\u00edho tepla a pln\u011b zapust\u00edme barvy do l\u00e1tky. Tato pokro\u010dil\u00e1 tiskov\u00e1 technika m\u00e1 za n\u00e1sledek trval\u00e9, z\u00e1\u0159iv\u00e9 barvy, kter\u00e9 neblednou. A\u0165 u\u017e chcete tisknout tis\u00edce barev, vysoce kvalitn\u00ed fotografick\u00e9 obr\u00e1zky nebo prvky p\u0159\u00edm\u00fdch barev, m\u016f\u017eeme va\u0161i vizi p\u0159iv\u00e9st k \u017eivotu.<\/p>\n<p>N\u00e1\u0161 tiskov\u00fd proces zaji\u0161\u0165uje, \u017ee i ty nejslo\u017eit\u011bj\u0161\u00ed detaily va\u0161eho loga nebo designu \u201evyniknou\u201c, \u010d\u00edm\u017e v\u00e1\u0161 displej z\u00edsk\u00e1 profesion\u00e1ln\u00ed vyle\u0161t\u011bn\u00fd vzhled. V p\u0159\u00edpad\u011b pot\u0159eby m\u016f\u017eete dokonce vytvo\u0159it 3D efekt se sv\u00fdm n\u00e1vrhem.<\/p>\n<p>Mo\u017enosti vlastn\u00edho designu: Va\u0161e zna\u010dka, v\u00e1\u0161 zp\u016fsob<\/p>\n<p>Nab\u00edz\u00edme pln\u00e9 mo\u017enosti p\u0159izp\u016fsoben\u00ed, aby vyhovovaly va\u0161im pot\u0159eb\u00e1m zna\u010dky. Vyberte si z b\u00edl\u00e9ho pozad\u00ed, jednu z na\u0161ich 20 skladov\u00fdch barev, nebo n\u00e1m poskytn\u011bte konkr\u00e9tn\u00ed barvu nebo vzor Pantone pro pozad\u00ed. A\u0165 u\u017e pot\u0159ebujete potisknout cel\u00fd kryt stolu nebo jen p\u0159edn\u00ed panel, nab\u00edz\u00edme stejnou cenu pro ob\u011b varianty.<\/p>\n<p>Pokud nem\u00e1te um\u011bleck\u00fd soubor ve vysok\u00e9m rozli\u0161en\u00ed, na\u0161i grafici v\u00e1m mohou pomoci p\u0159ev\u00e9st v\u00e1\u0161 st\u00e1vaj\u00edc\u00ed soubor nebo pomoci s vytvo\u0159en\u00edm nov\u00e9ho n\u00e1vrhu tisku.<\/p>\n<p>Odoln\u00fd a snadno se udr\u017euje<\/p>\n<p>Na\u0161e spandexov\u00e9 potahy na st\u016fl jsou navr\u017eeny tak, aby vydr\u017eely. Nejen, \u017ee jsou odoln\u00e9 proti poma\u010dk\u00e1n\u00ed, ale tak\u00e9 je lze pr\u00e1t v pra\u010dce pro snadnou \u00fadr\u017ebu. K myt\u00ed sta\u010d\u00ed pou\u017e\u00edt vodu bez b\u011bl\u00edc\u00edho pr\u00e1\u0161ku. Tyto kryty se nat\u00e1hnou zp\u011bt do tvaru a poka\u017ed\u00e9 v\u00e1m dodaj\u00ed profesion\u00e1ln\u00ed vzhled.<\/p>\n<p>Rychl\u00e9 a spolehliv\u00e9 v\u00fdrobn\u00ed \u010dasy<\/p>\n<p>Ch\u00e1peme d\u016fle\u017eitost term\u00edn\u016f, a proto nab\u00edz\u00edme flexibiln\u00ed v\u00fdrobn\u00ed pl\u00e1ny:<\/p>\n<p>4denn\u00ed \u00fasporn\u00e1 v\u00fdroba<br \/>\nStandardn\u00ed v\u00fdroba 3 dny<br \/>\n2denn\u00ed sp\u011bch v\u00fdroby<br \/>\nExpresn\u00ed v\u00fdroba do druh\u00e9ho dne<br \/>\nSame Day Rush Critical Production<br \/>\nGarantujeme tak\u00e9 na\u0161e v\u00fdrobn\u00ed \u010dasy. Pokud nedodr\u017e\u00edme zaru\u010denou \u010dasovou osu, obdr\u017e\u00edte plnou n\u00e1hradu a v\u00e1\u0161 obal na st\u016fl bude st\u00e1le vyti\u0161t\u011bn a odesl\u00e1n zdarma.<\/p>\n<p>\u017d\u00e1dn\u00e9 skryt\u00e9 poplatky: Co vid\u00edte, to dostanete.<\/p>\n<div style=\"width: 854px;\" class=\"wp-video\"><!--[if lt IE 9]><script>document.createElement('video');<\/script><![endif]--><br \/>\n<video class=\"wp-video-shortcode\" id=\"video-2189-1\" width=\"854\" height=\"480\" preload=\"metadata\" controls=\"controls\"><source type=\"video\/mp4\" src=\"https:\/\/cmykprinted.com\/wp-content\/uploads\/2024\/09\/printed-spandex-table-covers.mp4?_=1\" \/><a href=\"https:\/\/cmykprinted.com\/wp-content\/uploads\/2024\/09\/printed-spandex-table-covers.mp4\">https:\/\/cmykprinted.com\/wp-content\/uploads\/2024\/09\/printed-spandex-table-covers.mp4<\/a><\/video><\/div>","protected":false},"featured_media":2193,"template":"","meta":{"_kad_post_transparent":"default","_kad_post_title":"hide","_kad_post_layout":"fullwidth","_kad_post_sidebar_id":"","_kad_post_content_style":"unboxed","_kad_post_vertical_padding":"hide","_kad_post_feature":"hide","_kad_post_feature_position":"","_kad_post_header":false,"_kad_post_footer":false},"product_cat":[80,81,83],"product_tag":[496,497,498,494,495],"class_list":{"0":"post-2189","1":"product","2":"type-product","3":"status-publish","4":"has-post-thumbnail","6":"product_cat-custom-tablecloth","7":"product_cat-custom-stretch-tablecloth","8":"product_cat-fitted-table-cover","9":"product_tag-8-feet-printed-spandex-table-covers","10":"product_tag-custom-8-feet-table-cover","11":"product_tag-full-colors-printed-table-covers","12":"product_tag-printed-spandex-table-covers","13":"product_tag-spandex-table-covers","15":"first","16":"instock","17":"shipping-taxable","18":"product-type-simple","19":"entry","20":"content-bg","21":"loop-entry"},"_links":{"self":[{"href":"https:\/\/cmykprinted.com\/cs\/wp-json\/wp\/v2\/product\/2189","targetHints":{"allow":["GET"]}}],"collection":[{"href":"https:\/\/cmykprinted.com\/cs\/wp-json\/wp\/v2\/product"}],"about":[{"href":"https:\/\/cmykprinted.com\/cs\/wp-json\/wp\/v2\/types\/product"}],"version-history":[{"count":2,"href":"https:\/\/cmykprinted.com\/cs\/wp-json\/wp\/v2\/product\/2189\/revisions"}],"predecessor-version":[{"id":2200,"href":"https:\/\/cmykprinted.com\/cs\/wp-json\/wp\/v2\/product\/2189\/revisions\/2200"}],"wp:featuredmedia":[{"embeddable":true,"href":"https:\/\/cmykprinted.com\/cs\/wp-json\/wp\/v2\/media\/2193"}],"wp:attachment":[{"href":"https:\/\/cmykprinted.com\/cs\/wp-json\/wp\/v2\/media?parent=2189"}],"wp:term":[{"taxonomy":"product_cat","embeddable":true,"href":"https:\/\/cmykprinted.com\/cs\/wp-json\/wp\/v2\/product_cat?post=2189"},{"taxonomy":"product_tag","embeddable":true,"href":"https:\/\/cmykprinted.com\/cs\/wp-json\/wp\/v2\/product_tag?post=2189"}],"curies":[{"name":"wp","href":"https:\/\/api.w.org\/{rel}","templated":true}]}}