{"id":2204,"date":"2024-09-27T08:24:46","date_gmt":"2024-09-27T08:24:46","guid":{"rendered":"https:\/\/cmykprinted.com\/?post_type=product&#038;p=2204"},"modified":"2024-09-30T01:11:28","modified_gmt":"2024-09-30T01:11:28","slug":"custom-advertising-flags-for-promotional-business-use-at-best-price","status":"publish","type":"product","link":"https:\/\/cmykprinted.com\/cs\/produkt\/zakazkove-reklamni-vlajky-pro-promocni-obchodni-pouziti-za-nejlepsi-cenu\/","title":{"rendered":"Vlastn\u00ed reklamn\u00ed vlajky pro propaga\u010dn\u00ed a obchodn\u00ed pou\u017eit\u00ed za nejlep\u0161\u00ed cenu"},"content":{"rendered":"","protected":false},"excerpt":{"rendered":"<p>Hled\u00e1te efektivn\u00ed a p\u0159itom cenov\u011b dostupn\u00fd zp\u016fsob, jak zv\u00fd\u0161it viditelnost va\u0161\u00ed zna\u010dky? Vlastn\u00ed reklamn\u00ed vlajky jsou ide\u00e1ln\u00edm \u0159e\u0161en\u00edm pro firmy, kter\u00e9 cht\u011bj\u00ed upoutat pozornost a p\u0159il\u00e1kat v\u00edce z\u00e1kazn\u00edk\u016f. Tyto z\u00e1\u0159iv\u00e9 vlastn\u00ed ti\u0161t\u011bn\u00e9 vlajky jsou v\u00fdkonn\u00fdm marketingov\u00fdm n\u00e1strojem pro vylep\u0161en\u00ed va\u0161\u00ed v\u00fdkladn\u00ed sk\u0159\u00edn\u011b nebo prezentace na akci. Na\u0161e vlastn\u00ed reklamn\u00ed vlajky lze pou\u017e\u00edt nejen pro obchodn\u00ed \u00fa\u010dely, ale tak\u00e9 pro propagaci sportovn\u00edch akc\u00ed, vyv\u011b\u0161ov\u00e1n\u00ed st\u00e1tn\u00edch vlajek a jako n\u00e1stroj pro prezidentsk\u00e9 kampan\u011b v r\u016fzn\u00fdch zem\u00edch. Nechte lidi po cel\u00e9 ulici dr\u017eet vlajky s va\u0161\u00edm jm\u00e9nem nebo fotografi\u00ed a cena je tak\u00e9 levn\u00e1. Jedn\u00e1 se o velmi efektivn\u00ed a ekonomickou pr\u00e1ci p\u0159i z\u00edsk\u00e1v\u00e1n\u00ed voli\u010d\u016f.<\/p>\n<p><strong>V\u00edtejte v kontaktu s na\u0161\u00edm prodejn\u00edm t\u00fdmem pro nejrychlej\u0161\u00ed nejlep\u0161\u00ed slu\u017eby a bezplatn\u00e9 vzorky, abyste vid\u011bli na\u0161i kvalitu.<\/strong><\/p>\n<div style=\"width: 1280px;\" class=\"wp-video\"><!--[if lt IE 9]><script>document.createElement('video');<\/script><![endif]--><br \/>\n<video class=\"wp-video-shortcode\" id=\"video-2204-1\" width=\"1280\" height=\"576\" preload=\"metadata\" controls=\"controls\"><source type=\"video\/mp4\" src=\"https:\/\/cmykprinted.com\/wp-content\/uploads\/2024\/09\/custom-advertising-flags.mp4?_=1\" \/><a href=\"https:\/\/cmykprinted.com\/wp-content\/uploads\/2024\/09\/custom-advertising-flags.mp4\">https:\/\/cmykprinted.com\/wp-content\/uploads\/2024\/09\/custom-advertising-flags.mp4<\/a><\/video><\/div>\n<p>&nbsp;<\/p>","protected":false},"featured_media":2205,"template":"","meta":{"_kad_post_transparent":"default","_kad_post_title":"hide","_kad_post_layout":"fullwidth","_kad_post_sidebar_id":"","_kad_post_content_style":"unboxed","_kad_post_vertical_padding":"hide","_kad_post_feature":"hide","_kad_post_feature_position":"","_kad_post_header":false,"_kad_post_footer":false},"product_cat":[79],"product_tag":[500,499,503,501,502],"class_list":{"0":"post-2204","1":"product","2":"type-product","3":"status-publish","4":"has-post-thumbnail","6":"product_cat-custom-flags","7":"product_tag-advertising-flags","8":"product_tag-custom-advertising-flags","9":"product_tag-custom-advertising-flags-at-best-price","10":"product_tag-custom-flags","11":"product_tag-custom-flags-cheap","13":"first","14":"instock","15":"shipping-taxable","16":"product-type-simple","17":"entry","18":"content-bg","19":"loop-entry"},"_links":{"self":[{"href":"https:\/\/cmykprinted.com\/cs\/wp-json\/wp\/v2\/product\/2204","targetHints":{"allow":["GET"]}}],"collection":[{"href":"https:\/\/cmykprinted.com\/cs\/wp-json\/wp\/v2\/product"}],"about":[{"href":"https:\/\/cmykprinted.com\/cs\/wp-json\/wp\/v2\/types\/product"}],"version-history":[{"count":3,"href":"https:\/\/cmykprinted.com\/cs\/wp-json\/wp\/v2\/product\/2204\/revisions"}],"predecessor-version":[{"id":2212,"href":"https:\/\/cmykprinted.com\/cs\/wp-json\/wp\/v2\/product\/2204\/revisions\/2212"}],"wp:featuredmedia":[{"embeddable":true,"href":"https:\/\/cmykprinted.com\/cs\/wp-json\/wp\/v2\/media\/2205"}],"wp:attachment":[{"href":"https:\/\/cmykprinted.com\/cs\/wp-json\/wp\/v2\/media?parent=2204"}],"wp:term":[{"taxonomy":"product_cat","embeddable":true,"href":"https:\/\/cmykprinted.com\/cs\/wp-json\/wp\/v2\/product_cat?post=2204"},{"taxonomy":"product_tag","embeddable":true,"href":"https:\/\/cmykprinted.com\/cs\/wp-json\/wp\/v2\/product_tag?post=2204"}],"curies":[{"name":"wp","href":"https:\/\/api.w.org\/{rel}","templated":true}]}}