{"id":2213,"date":"2024-09-30T03:03:20","date_gmt":"2024-09-30T03:03:20","guid":{"rendered":"https:\/\/cmykprinted.com\/?post_type=product&#038;p=2213"},"modified":"2024-10-02T12:51:57","modified_gmt":"2024-10-02T12:51:57","slug":"oval-pop-up-a-frame-banner-with-fast-turnaround","status":"publish","type":"product","link":"https:\/\/cmykprinted.com\/cs\/produkt\/ovalny-pop-up-ramovy-banner-s-rychlym-obratem\/","title":{"rendered":"Ov\u00e1ln\u00fd vyskakovac\u00ed r\u00e1me\u010dek banner s rychl\u00fdm obratem"},"content":{"rendered":"","protected":false},"excerpt":{"rendered":"<p>Na dne\u0161n\u00edm konkuren\u010dn\u00edm trhu je z\u00e1sadn\u00ed, aby va\u0161e zna\u010dka vynikla. Zadejte vyskakovac\u00ed okno A<\/p>\n<p>Frame Banner \u2013 lehk\u00e9, p\u0159enosn\u00e9 a vysoce efektivn\u00ed \u0159e\u0161en\u00ed displeje, kter\u00e9 je ide\u00e1ln\u00ed pro akce uvnit\u0159 i venku. Tyto v\u0161estrann\u00e9 bannery jsou navr\u017eeny pro okam\u017eitou viditelnost a jsou ide\u00e1ln\u00ed pro sportovn\u00ed akce, veletrhy, propaga\u010dn\u00ed akce a sm\u011brov\u00e9 zna\u010den\u00ed.<\/p>\n<p><strong>Kl\u00ed\u010dov\u00e9 vlastnosti<\/strong><br \/>\n<strong>P\u0159enositelnost a pohodl\u00ed:<\/strong><br \/>\nOval Pop Up A-Frame bannery jsou navr\u017eeny s ohledem na mobilitu. Jejich skl\u00e1dac\u00ed kovov\u00fd r\u00e1m se bez n\u00e1mahy slo\u017e\u00ed do kompaktn\u00ed \u00falo\u017en\u00e9 ta\u0161ky, d\u00edky \u010demu\u017e je p\u0159eprava a nastaven\u00ed hra\u010dkou. A\u0165 u\u017e m\u00ed\u0159\u00edte na veletrh nebo na sportovn\u00ed akci, tyto bannery m\u016f\u017eete snadno vz\u00edt v\u0161ude tam, kde pot\u0159ebujete maxim\u00e1ln\u00ed zviditeln\u011bn\u00ed.<\/p>\n<p><strong>Bezpe\u010dnost p\u0159edev\u0161\u00edm:<\/strong><br \/>\nJednou z v\u00fdjime\u010dn\u00fdch vlastnost\u00ed designu A-r\u00e1mu je jeho bezpe\u010dnost. Na rozd\u00edl od pevn\u00fdch displej\u016f nep\u0159edstavuj\u00ed tyto bannery \u017e\u00e1dn\u00e9 riziko zran\u011bn\u00ed hr\u00e1\u010d\u016f nebo \u00fa\u010dastn\u00edk\u016f na sportovn\u00edch h\u0159i\u0161t\u00edch, tak\u017ee jsou praktickou volbou pro venkovn\u00ed akce.<\/p>\n<p><strong>P\u0159izp\u016fsobiteln\u00e9 velikosti a tvary:<\/strong><br \/>\nK dispozici ve \u010dty\u0159ech velikostech \u2013 mal\u00fd (62 x 126 cm), st\u0159edn\u00ed (65 x 160 cm), velk\u00fd (100 x 200 cm) a extra velk\u00fd (110 x 270 cm) \u2013 v\u00fdsuvn\u00fd A-r\u00e1m lze p\u0159izp\u016fsobit jakoukoliv p\u0159\u00edle\u017eitost. Ka\u017ed\u00fd banner je oboustrann\u00fd s pln\u011b sublima\u010dn\u00edm potiskem, kter\u00fd zaji\u0161\u0165uje \u017eivou grafiku, kter\u00e1 p\u0159itahuje pozornost ze v\u0161ech \u00fahl\u016f.<\/p>\n<p><strong>Stabilita za v\u0161ech podm\u00ednek:<\/strong><br \/>\nPro zaji\u0161t\u011bn\u00ed stability je ka\u017ed\u00fd banner dod\u00e1v\u00e1n se zemn\u00edmi kol\u00edky pro pou\u017eit\u00ed na m\u011bkk\u00fdch povr\u0161\u00edch, jako je p\u00edsek, tr\u00e1va, sn\u00edh nebo p\u016fda. Na tvrd\u00fdch povr\u0161\u00edch je pro v\u011bt\u0161\u00ed bezpe\u010dnost jednodu\u0161e zat\u011b\u017ete. Tato funkce zaji\u0161\u0165uje, \u017ee v\u00e1\u0161 banner z\u016fstane vzp\u0159\u00edmen\u00fd a viditeln\u00fd bez ohledu na prost\u0159ed\u00ed.<\/p>\n<p><strong>Perfektn\u00ed pro jakoukoli ud\u00e1lost<\/strong><br \/>\nPop Up A-Frame bannery jsou zvl\u00e1\u0161t\u011b vhodn\u00e9 pro venkovn\u00ed akce, jako jsou b\u011b\u017eeck\u00e9 sout\u011b\u017ee, golfov\u00e9 turnaje a festivaly. D\u00edky jejich snadn\u00e9mu nastaven\u00ed, demont\u00e1\u017ei a mo\u017enostem skladov\u00e1n\u00ed jsou ide\u00e1ln\u00ed volbou pro organiz\u00e1tory akc\u00ed, kte\u0159\u00ed cht\u011bj\u00ed maximalizovat zobrazen\u00ed zna\u010dky a zapojen\u00ed.<\/p>\n<div style=\"width: 800px;\" class=\"wp-video\"><!--[if lt IE 9]><script>document.createElement('video');<\/script><![endif]--><br \/>\n<video class=\"wp-video-shortcode\" id=\"video-2213-1\" width=\"800\" height=\"800\" preload=\"metadata\" controls=\"controls\"><source type=\"video\/mp4\" src=\"https:\/\/cmykprinted.com\/wp-content\/uploads\/2024\/09\/pop-up-a-frame-banner-01.mp4?_=1\" \/><a href=\"https:\/\/cmykprinted.com\/wp-content\/uploads\/2024\/09\/pop-up-a-frame-banner-01.mp4\">https:\/\/cmykprinted.com\/wp-content\/uploads\/2024\/09\/pop-up-a-frame-banner-01.mp4<\/a><\/video><\/div>","protected":false},"featured_media":2217,"template":"","meta":{"_kad_post_transparent":"default","_kad_post_title":"hide","_kad_post_layout":"fullwidth","_kad_post_sidebar_id":"","_kad_post_content_style":"unboxed","_kad_post_vertical_padding":"hide","_kad_post_feature":"hide","_kad_post_feature_position":"","_kad_post_header":false,"_kad_post_footer":false},"product_cat":[92,94],"product_tag":[506,505,504,128],"class_list":{"0":"post-2213","1":"product","2":"type-product","3":"status-publish","4":"has-post-thumbnail","6":"product_cat-pop-up-banners","7":"product_cat-horizontal-pop-up-banners","8":"product_tag-a-frame-banner","9":"product_tag-oval-pop-up-a-frame-banner","10":"product_tag-pop-up-a-frame-banner","11":"product_tag-pop-up-banner","13":"first","14":"instock","15":"shipping-taxable","16":"product-type-simple","17":"entry","18":"content-bg","19":"loop-entry"},"_links":{"self":[{"href":"https:\/\/cmykprinted.com\/cs\/wp-json\/wp\/v2\/product\/2213","targetHints":{"allow":["GET"]}}],"collection":[{"href":"https:\/\/cmykprinted.com\/cs\/wp-json\/wp\/v2\/product"}],"about":[{"href":"https:\/\/cmykprinted.com\/cs\/wp-json\/wp\/v2\/types\/product"}],"version-history":[{"count":1,"href":"https:\/\/cmykprinted.com\/cs\/wp-json\/wp\/v2\/product\/2213\/revisions"}],"predecessor-version":[{"id":2222,"href":"https:\/\/cmykprinted.com\/cs\/wp-json\/wp\/v2\/product\/2213\/revisions\/2222"}],"wp:featuredmedia":[{"embeddable":true,"href":"https:\/\/cmykprinted.com\/cs\/wp-json\/wp\/v2\/media\/2217"}],"wp:attachment":[{"href":"https:\/\/cmykprinted.com\/cs\/wp-json\/wp\/v2\/media?parent=2213"}],"wp:term":[{"taxonomy":"product_cat","embeddable":true,"href":"https:\/\/cmykprinted.com\/cs\/wp-json\/wp\/v2\/product_cat?post=2213"},{"taxonomy":"product_tag","embeddable":true,"href":"https:\/\/cmykprinted.com\/cs\/wp-json\/wp\/v2\/product_tag?post=2213"}],"curies":[{"name":"wp","href":"https:\/\/api.w.org\/{rel}","templated":true}]}}