{"id":2443,"date":"2025-04-22T08:49:23","date_gmt":"2025-04-22T08:49:23","guid":{"rendered":"https:\/\/cmykprinted.com\/?post_type=product&#038;p=2443"},"modified":"2025-04-28T02:46:21","modified_gmt":"2025-04-28T02:46:21","slug":"custom-pvc-vinyl-banners-with-eyelets","status":"publish","type":"product","link":"https:\/\/cmykprinted.com\/cs\/produkt\/zakazkove-pvc-vinylove-bannery-s-oka\/","title":{"rendered":"Vlastn\u00ed PVC vinylov\u00e9 bannery s o\u010dky"},"content":{"rendered":"","protected":false},"excerpt":{"rendered":"<p>Pokud chcete sd\u00edlet odv\u00e1\u017en\u00e9 sd\u011blen\u00ed se \u0161irok\u00fdm publikem, velk\u00e9 PVC bannery jsou v\u00fdkonnou a praktickou volbou.<\/p>\n<p>Venkovn\u00ed PVC bannery s kovov\u00fdmi o\u010dky jsou ide\u00e1ln\u00ed pro silni\u010dn\u00ed marketing a umo\u017e\u0148uj\u00ed v\u00e1m vytv\u00e1\u0159et poutav\u00e9 reklamy ve velk\u00e9m m\u011b\u0159\u00edtku, kter\u00e9 okam\u017eit\u011b upoutaj\u00ed pozornost. Na akc\u00edch funguj\u00ed jako vizu\u00e1ln\u00ed st\u0159edobod a poskytuj\u00ed perfektn\u00ed kulisu pro nezapomenuteln\u00e9 fotografie.<\/p>\n<p>Ve spole\u010dnosti Golden Mouth Advertising nab\u00edz\u00edme potisk PVC banner\u016f v r\u016fzn\u00fdch velikostech \u2013 a\u017e do 5 m x 50 m \u2013 tak\u017ee m\u016f\u017eete sv\u00fdm sd\u011blen\u00edm ud\u011blat obrovsk\u00fd dojem.<\/p>\n<p>Na\u0161e vlastn\u00ed PVC vinylov\u00e9 bannery jsou vyrobeny z trvanliv\u00e9ho PVC odoln\u00e9ho v\u016f\u010di pov\u011btrnostn\u00edm vliv\u016fm, kter\u00fd odol\u00e1v\u00e1 opot\u0159eben\u00ed a vyblednut\u00ed. Siln\u00fd, pru\u017en\u00fd materi\u00e1l zaji\u0161\u0165uje, \u017ee v\u00e1\u0161 design z\u016fstane \u017eiv\u00fd a neporu\u0161en\u00fd, a\u0165 u\u017e je vystaven uvnit\u0159 nebo venku, pro del\u0161\u00ed pou\u017eit\u00ed.<\/p>\n<p>Instalace je rychl\u00e1 a jednoduch\u00e1 d\u00edky zes\u00edlen\u00fdm ok\u016fm. Tyto robustn\u00ed kovov\u00e9 krou\u017eky dob\u0159e funguj\u00ed s r\u016fzn\u00fdmi zp\u016fsoby upevn\u011bn\u00ed, jako jsou lana, bungee \u0161\u0148\u016fry, h\u00e1ky nebo stahovac\u00ed p\u00e1sky \u2013 tak\u017ee je lze snadno p\u0159ipevnit k plot\u016fm nebo jin\u00fdm podp\u011br\u00e1m venku. A jakmile kampa\u0148 nebo ud\u00e1lost skon\u010d\u00ed, lze bannery snadno odstranit a ulo\u017eit.<\/p>\n<p>Ka\u017ed\u00fd banner je vyti\u0161t\u011bn pomoc\u00ed pokro\u010dil\u00fdch \u0161irokoform\u00e1tov\u00fdch digit\u00e1ln\u00edch tisk\u00e1ren, aby byly zaji\u0161t\u011bny ostr\u00e9 a vysoce kvalitn\u00ed v\u00fdsledky. Pot\u0159ebujete pomoci s n\u00e1vrhem banneru? N\u00e1\u0161 vlastn\u00ed kreativn\u00ed t\u00fdm je zde, aby v\u00e1m pomohl s va\u0161\u00edm um\u011bleck\u00fdm d\u00edlem, aby va\u0161e sd\u011blen\u00ed kr\u00e1sn\u011b o\u017eilo.<\/p>\n<div style=\"width: 1290px;\" class=\"wp-video\"><!--[if lt IE 9]><script>document.createElement('video');<\/script><![endif]--><br \/>\n<video class=\"wp-video-shortcode\" id=\"video-2443-1\" width=\"1290\" height=\"726\" loop autoplay preload=\"auto\" controls=\"controls\"><source type=\"video\/mp4\" src=\"http:\/\/cmykprinted.com\/wp-content\/uploads\/2022\/12\/vinyl-PVC-banners.mp4?_=1\" \/><a href=\"http:\/\/cmykprinted.com\/wp-content\/uploads\/2022\/12\/vinyl-PVC-banners.mp4\">http:\/\/cmykprinted.com\/wp-content\/uploads\/2022\/12\/vinyl-PVC-banners.mp4<\/a><\/video><\/div>\n<p>&nbsp;<\/p>","protected":false},"featured_media":2444,"template":"","meta":{"_kad_post_transparent":"default","_kad_post_title":"hide","_kad_post_layout":"fullwidth","_kad_post_sidebar_id":"","_kad_post_content_style":"unboxed","_kad_post_vertical_padding":"hide","_kad_post_feature":"hide","_kad_post_feature_position":"","_kad_post_header":false,"_kad_post_footer":false},"product_cat":[85,90,91,89],"product_tag":[549,550,548,547],"class_list":{"0":"post-2443","1":"product","2":"type-product","3":"status-publish","4":"has-post-thumbnail","6":"product_cat-outdoor-vinyl-banners","7":"product_cat-glossy-pvc-banners","8":"product_cat-matte-vinyl-banners","9":"product_cat-pvc-banners","10":"product_tag-custom-pvc-vinyl-banners","11":"product_tag-custom-vinyl-banners-with-eyelets","12":"product_tag-pvc-banners-with-eyelets","13":"product_tag-vinyl-banners-with-eyelets","15":"first","16":"instock","17":"shipping-taxable","18":"product-type-simple","19":"entry","20":"content-bg","21":"loop-entry"},"_links":{"self":[{"href":"https:\/\/cmykprinted.com\/cs\/wp-json\/wp\/v2\/product\/2443","targetHints":{"allow":["GET"]}}],"collection":[{"href":"https:\/\/cmykprinted.com\/cs\/wp-json\/wp\/v2\/product"}],"about":[{"href":"https:\/\/cmykprinted.com\/cs\/wp-json\/wp\/v2\/types\/product"}],"version-history":[{"count":3,"href":"https:\/\/cmykprinted.com\/cs\/wp-json\/wp\/v2\/product\/2443\/revisions"}],"predecessor-version":[{"id":2469,"href":"https:\/\/cmykprinted.com\/cs\/wp-json\/wp\/v2\/product\/2443\/revisions\/2469"}],"wp:featuredmedia":[{"embeddable":true,"href":"https:\/\/cmykprinted.com\/cs\/wp-json\/wp\/v2\/media\/2444"}],"wp:attachment":[{"href":"https:\/\/cmykprinted.com\/cs\/wp-json\/wp\/v2\/media?parent=2443"}],"wp:term":[{"taxonomy":"product_cat","embeddable":true,"href":"https:\/\/cmykprinted.com\/cs\/wp-json\/wp\/v2\/product_cat?post=2443"},{"taxonomy":"product_tag","embeddable":true,"href":"https:\/\/cmykprinted.com\/cs\/wp-json\/wp\/v2\/product_tag?post=2443"}],"curies":[{"name":"wp","href":"https:\/\/api.w.org\/{rel}","templated":true}]}}