{"id":2471,"date":"2025-05-09T08:04:34","date_gmt":"2025-05-09T08:04:34","guid":{"rendered":"https:\/\/cmykprinted.com\/?post_type=product&#038;p=2471"},"modified":"2025-05-09T08:04:34","modified_gmt":"2025-05-09T08:04:34","slug":"cheap-outdoor-printed-mesh-banners-for-fence","status":"publish","type":"product","link":"https:\/\/cmykprinted.com\/cs\/produkt\/levne-venkovni-tistene-sitovane-bannery-na-plot\/","title":{"rendered":"Levn\u00e9 venkovn\u00ed poti\u0161t\u011bn\u00e9 s\u00ed\u0165ovan\u00e9 bannery na plot"},"content":{"rendered":"","protected":false},"excerpt":{"rendered":"<p>Um\u00edst\u011bn\u00ed reklamn\u00edch s\u00ed\u0165ov\u00fdch banner\u016f na ploty je velmi efektivn\u00ed zp\u016fsob, jak propagovat zna\u010dky. Ploty jsou vid\u011bt v\u0161ude a lehk\u00e9 s\u00ed\u0165ov\u00e9 bannery lze instalovat na ob\u011b strany. Tento typ banneru je vodot\u011bsn\u00fd, odoln\u00fd proti slunci a velmi snadno se instaluje. Obvykle kolem banneru um\u00edst\u00edme o\u010dka, aby se dal k plotu p\u0159ipevnit popruhy, co\u017e je velmi pevn\u00e9. Okraje banneru omot\u00e1me popruhem, aby byl odoln\u011bj\u0161\u00ed. Nen\u00ed snadn\u00e9 ho roztrhnout v\u011btrem. Povrch s\u00ed\u0165ov\u00e9ho banneru m\u00e1 mnoho otvor\u016f, tak\u017ee m\u00e1 silnou odolnost proti v\u011btru a v\u00edtr m\u016f\u017ee p\u0159\u00edmo proch\u00e1zet povrchem banneru. Na rozd\u00edl od PVC banner\u016f, kter\u00e9 nemaj\u00ed \u017e\u00e1dn\u00e9 otvory, se n\u011bkdy, aby se zv\u00fd\u0161ila odolnost PVC banner\u016f, \u00famysln\u011b na povrch ud\u011blaj\u00ed n\u011bkolik \u0159ez\u016f n\u016f\u017ekami, co\u017e zni\u010d\u00ed celistvost cel\u00e9ho n\u00e1t\u011bru.<\/p>\n<div style=\"width: 960px;\" class=\"wp-video\"><!--[if lt IE 9]><script>document.createElement('video');<\/script><![endif]--><br \/>\n<video class=\"wp-video-shortcode\" id=\"video-2471-1\" width=\"960\" height=\"540\" preload=\"metadata\" controls=\"controls\"><source type=\"video\/mp4\" src=\"https:\/\/cmykprinted.com\/wp-content\/uploads\/2025\/02\/Barrier-Covers.mp4?_=1\" \/><a href=\"https:\/\/cmykprinted.com\/wp-content\/uploads\/2025\/02\/Barrier-Covers.mp4\">https:\/\/cmykprinted.com\/wp-content\/uploads\/2025\/02\/Barrier-Covers.mp4<\/a><\/video><\/div>\n<p>r<\/p>\n<div style=\"width: 960px;\" class=\"wp-video\"><video class=\"wp-video-shortcode\" id=\"video-2471-2\" width=\"960\" height=\"540\" preload=\"metadata\" controls=\"controls\"><source type=\"video\/mp4\" src=\"https:\/\/cmykprinted.com\/wp-content\/uploads\/2025\/02\/Fence-Mesh-Signage.mp4?_=2\" \/><a href=\"https:\/\/cmykprinted.com\/wp-content\/uploads\/2025\/02\/Fence-Mesh-Signage.mp4\">https:\/\/cmykprinted.com\/wp-content\/uploads\/2025\/02\/Fence-Mesh-Signage.mp4<\/a><\/video><\/div>","protected":false},"featured_media":2477,"template":"","meta":{"_kad_post_transparent":"default","_kad_post_title":"hide","_kad_post_layout":"fullwidth","_kad_post_sidebar_id":"","_kad_post_content_style":"unboxed","_kad_post_vertical_padding":"hide","_kad_post_feature":"hide","_kad_post_feature_position":"","_kad_post_header":false,"_kad_post_footer":false},"product_cat":[85,86],"product_tag":[554,553,555],"class_list":{"0":"post-2471","1":"product","2":"type-product","3":"status-publish","4":"has-post-thumbnail","6":"product_cat-outdoor-vinyl-banners","7":"product_cat-fence-mesh-banners","8":"product_tag-cheap-outdoor-printed-mesh-banners","9":"product_tag-mesh-banners-for-fence","10":"product_tag-printed-mesh-banners","12":"first","13":"instock","14":"shipping-taxable","15":"product-type-simple","16":"entry","17":"content-bg","18":"loop-entry"},"_links":{"self":[{"href":"https:\/\/cmykprinted.com\/cs\/wp-json\/wp\/v2\/product\/2471","targetHints":{"allow":["GET"]}}],"collection":[{"href":"https:\/\/cmykprinted.com\/cs\/wp-json\/wp\/v2\/product"}],"about":[{"href":"https:\/\/cmykprinted.com\/cs\/wp-json\/wp\/v2\/types\/product"}],"version-history":[{"count":1,"href":"https:\/\/cmykprinted.com\/cs\/wp-json\/wp\/v2\/product\/2471\/revisions"}],"predecessor-version":[{"id":2480,"href":"https:\/\/cmykprinted.com\/cs\/wp-json\/wp\/v2\/product\/2471\/revisions\/2480"}],"wp:featuredmedia":[{"embeddable":true,"href":"https:\/\/cmykprinted.com\/cs\/wp-json\/wp\/v2\/media\/2477"}],"wp:attachment":[{"href":"https:\/\/cmykprinted.com\/cs\/wp-json\/wp\/v2\/media?parent=2471"}],"wp:term":[{"taxonomy":"product_cat","embeddable":true,"href":"https:\/\/cmykprinted.com\/cs\/wp-json\/wp\/v2\/product_cat?post=2471"},{"taxonomy":"product_tag","embeddable":true,"href":"https:\/\/cmykprinted.com\/cs\/wp-json\/wp\/v2\/product_tag?post=2471"}],"curies":[{"name":"wp","href":"https:\/\/api.w.org\/{rel}","templated":true}]}}