{"id":2524,"date":"2025-05-16T07:24:19","date_gmt":"2025-05-16T07:24:19","guid":{"rendered":"https:\/\/cmykprinted.com\/?post_type=product&#038;p=2524"},"modified":"2025-05-16T07:24:19","modified_gmt":"2025-05-16T07:24:19","slug":"custom-table-cloths-for-6-foot-table","status":"publish","type":"product","link":"https:\/\/cmykprinted.com\/cs\/produkt\/zakazkove-ubrusy-na-6stopy-stul\/","title":{"rendered":"Ubrusy na m\u00edru pro st\u016fl o v\u00fd\u0161ce 6 stop"},"content":{"rendered":"","protected":false},"excerpt":{"rendered":"<p>Ubrusy na m\u00edru pro st\u016fl o v\u00fd\u0161ce 1,8 m \u2013 elegance a funk\u010dnost na m\u00edru<\/p>\n<p>Prom\u011b\u0148te jakoukoli akci, veletrh nebo j\u00eddelnu s na\u0161imi pr\u00e9miov\u00fdmi ubrusy na m\u00edru pro stoly o d\u00e9lce 1,8 metru. Na\u0161e ubrusy jsou navr\u017eeny tak, aby dokonale pasovaly na standardn\u00ed obd\u00e9ln\u00edkov\u00e9 stoly o d\u00e9lce 1,8 metru (obvykle o rozm\u011brech 183 cm na d\u00e9lku, 76 cm na \u0161\u00ed\u0159ku a 75-76 cm na v\u00fd\u0161ku). Nab\u00edz\u00ed ide\u00e1ln\u00ed kombinaci designu na m\u00edru, vysoce kvalitn\u00ed l\u00e1tky a personalizovan\u00e9ho stylu. A\u0165 u\u017e propagujete svou firmu nebo vylep\u0161ujete dekoraci sv\u00e9ho domova, tyto ubrusy na m\u00edru nab\u00edzej\u00ed kr\u00e1su i prakti\u010dnost.<\/p>\n<p>St\u0159ih na m\u00edru pro profesion\u00e1ln\u00ed vzhled<br \/>\nNa\u0161e ubrusy na m\u00edru jsou vyrobeny s preciznost\u00ed, aby zajistily pohodln\u00e9 a elegantn\u00ed uchycen\u00ed na stole o \u0161\u00ed\u0159ce 1,8 metru. Jejich proporce jsou navr\u017eeny tak, aby hladce spl\u00fdvaly ze v\u0161ech stran a poskytovaly \u010dist\u00fd a bezma\u010dkan\u00fd vzhled, kter\u00fd umoc\u0148uje estetiku va\u0161\u00ed prezentace nebo akce. A\u0165 u\u017e se pou\u017e\u00edvaj\u00ed pro form\u00e1ln\u00ed bankety, v\u00fdstavy nebo neform\u00e1ln\u00ed setk\u00e1n\u00ed, upraven\u00fd styl dod\u00e1 n\u00e1dech profesionality a sofistikovanosti.<\/p>\n<div style=\"width: 1280px;\" class=\"wp-video\"><!--[if lt IE 9]><script>document.createElement('video');<\/script><![endif]--><br \/>\n<video class=\"wp-video-shortcode\" id=\"video-2524-1\" width=\"1280\" height=\"720\" preload=\"metadata\" controls=\"controls\"><source type=\"video\/mp4\" src=\"https:\/\/cmykprinted.com\/wp-content\/uploads\/2025\/05\/Logo-Table-Covers-for-Trade-Shows-01.mp4?_=1\" \/><a href=\"https:\/\/cmykprinted.com\/wp-content\/uploads\/2025\/05\/Logo-Table-Covers-for-Trade-Shows-01.mp4\">https:\/\/cmykprinted.com\/wp-content\/uploads\/2025\/05\/Logo-Table-Covers-for-Trade-Shows-01.mp4<\/a><\/video><\/div>","protected":false},"featured_media":2527,"template":"","meta":{"_kad_post_transparent":"default","_kad_post_title":"hide","_kad_post_layout":"fullwidth","_kad_post_sidebar_id":"","_kad_post_content_style":"unboxed","_kad_post_vertical_padding":"hide","_kad_post_feature":"hide","_kad_post_feature_position":"","_kad_post_header":false,"_kad_post_footer":false},"product_cat":[80,81],"product_tag":[563,158,562],"class_list":{"0":"post-2524","1":"product","2":"type-product","3":"status-publish","4":"has-post-thumbnail","6":"product_cat-custom-tablecloth","7":"product_cat-custom-stretch-tablecloth","8":"product_tag-custom-table-cloths","9":"product_tag-custom-tablecloth","10":"product_tag-tablecloth-for-6-foot-table","12":"first","13":"instock","14":"shipping-taxable","15":"product-type-simple","16":"entry","17":"content-bg","18":"loop-entry"},"_links":{"self":[{"href":"https:\/\/cmykprinted.com\/cs\/wp-json\/wp\/v2\/product\/2524","targetHints":{"allow":["GET"]}}],"collection":[{"href":"https:\/\/cmykprinted.com\/cs\/wp-json\/wp\/v2\/product"}],"about":[{"href":"https:\/\/cmykprinted.com\/cs\/wp-json\/wp\/v2\/types\/product"}],"version-history":[{"count":2,"href":"https:\/\/cmykprinted.com\/cs\/wp-json\/wp\/v2\/product\/2524\/revisions"}],"predecessor-version":[{"id":2530,"href":"https:\/\/cmykprinted.com\/cs\/wp-json\/wp\/v2\/product\/2524\/revisions\/2530"}],"wp:featuredmedia":[{"embeddable":true,"href":"https:\/\/cmykprinted.com\/cs\/wp-json\/wp\/v2\/media\/2527"}],"wp:attachment":[{"href":"https:\/\/cmykprinted.com\/cs\/wp-json\/wp\/v2\/media?parent=2524"}],"wp:term":[{"taxonomy":"product_cat","embeddable":true,"href":"https:\/\/cmykprinted.com\/cs\/wp-json\/wp\/v2\/product_cat?post=2524"},{"taxonomy":"product_tag","embeddable":true,"href":"https:\/\/cmykprinted.com\/cs\/wp-json\/wp\/v2\/product_tag?post=2524"}],"curies":[{"name":"wp","href":"https:\/\/api.w.org\/{rel}","templated":true}]}}