{"id":2533,"date":"2025-05-19T07:28:34","date_gmt":"2025-05-19T07:28:34","guid":{"rendered":"https:\/\/cmykprinted.com\/?post_type=product&#038;p=2533"},"modified":"2025-05-19T07:28:34","modified_gmt":"2025-05-19T07:28:34","slug":"ez-tube-trade-show-tension-fabric-displays","status":"publish","type":"product","link":"https:\/\/cmykprinted.com\/cs\/produkt\/ez-trubka-veletrh-napnuta-tkanina-displeje\/","title":{"rendered":"Stojany na nap\u00ednac\u00ed tkaniny EZ Tube Trade Show"},"content":{"rendered":"","protected":false},"excerpt":{"rendered":"<p>V\u00fdstavn\u00ed nap\u00ednac\u00ed textiln\u00ed displeje EZ Tube jsou lehk\u00e9, p\u0159enosn\u00e9 zobrazovac\u00ed syst\u00e9my ur\u010den\u00e9 pro veletrhy, v\u00fdstavy a propaga\u010dn\u00ed akce. Tyto displeje se vyzna\u010duj\u00ed odoln\u00fdm hlin\u00edkov\u00fdm trubkov\u00fdm r\u00e1mem, kter\u00fd se snadno sestavuje bez pou\u017eit\u00ed n\u00e1\u0159ad\u00ed. Na r\u00e1m se jako povlak na pol\u0161t\u00e1\u0159 nasazuje speci\u00e1ln\u011b poti\u0161t\u011bn\u00e1, pru\u017en\u00e1 nap\u00ednac\u00ed textilie, kter\u00e1 vytv\u00e1\u0159\u00ed hladk\u00fd a bez z\u00e1hyb\u016f vzhled. \u017div\u00e1 grafika s vysok\u00fdm rozli\u0161en\u00edm je sublimov\u00e1na pro dlouhotrvaj\u00edc\u00ed barvy a p\u016fsobiv\u00fd dojem. Displeje EZ Tube jsou k dispozici v r\u016fzn\u00fdch velikostech a stylech, v\u010detn\u011b kulis, v\u011b\u017e\u00ed, pult\u016f a z\u00e1v\u011bsn\u00fdch cedul\u00ed. Snadno se montuj\u00ed, demontuj\u00ed a p\u0159epravuj\u00ed, co\u017e z nich \u010din\u00ed obl\u00edbenou volbu pro firmy, kter\u00e9 hledaj\u00ed profesion\u00e1ln\u00ed a pohodln\u00e9 \u0159e\u0161en\u00ed pro branding na cest\u00e1ch. Displeje EZ Tube jsou ide\u00e1ln\u00ed pro vytvo\u0159en\u00ed poutav\u00e9 prezentace a kombinuj\u00ed styl, funk\u010dnost a snadn\u00e9 pou\u017eit\u00ed v jednom kompaktn\u00edm balen\u00ed.<\/p>\n<div style=\"width: 1280px;\" class=\"wp-video\"><!--[if lt IE 9]><script>document.createElement('video');<\/script><![endif]--><br \/>\n<video class=\"wp-video-shortcode\" id=\"video-2533-1\" width=\"1280\" height=\"720\" preload=\"metadata\" controls=\"controls\"><source type=\"video\/mp4\" src=\"https:\/\/cmykprinted.com\/wp-content\/uploads\/2024\/04\/custom-tension-fabric-display.mp4?_=1\" \/><a href=\"https:\/\/cmykprinted.com\/wp-content\/uploads\/2024\/04\/custom-tension-fabric-display.mp4\">https:\/\/cmykprinted.com\/wp-content\/uploads\/2024\/04\/custom-tension-fabric-display.mp4<\/a><\/video><\/div>\n<p>&nbsp;<\/p>\n<p>&nbsp;<\/p>","protected":false},"featured_media":2541,"template":"","meta":{"_kad_post_transparent":"default","_kad_post_title":"hide","_kad_post_layout":"fullwidth","_kad_post_sidebar_id":"","_kad_post_content_style":"unboxed","_kad_post_vertical_padding":"hide","_kad_post_feature":"hide","_kad_post_feature_position":"","_kad_post_header":false,"_kad_post_footer":false},"product_cat":[97,99],"product_tag":[565,134,564],"class_list":{"0":"post-2533","1":"product","2":"type-product","3":"status-publish","4":"has-post-thumbnail","6":"product_cat-tension-fabric-displays","7":"product_cat-custom-fabric-displays","8":"product_tag-ez-tube-fabric-displays","9":"product_tag-tension-fabric-displays","10":"product_tag-trade-show-tension-fabric-displays","12":"first","13":"instock","14":"shipping-taxable","15":"product-type-simple","16":"entry","17":"content-bg","18":"loop-entry"},"_links":{"self":[{"href":"https:\/\/cmykprinted.com\/cs\/wp-json\/wp\/v2\/product\/2533","targetHints":{"allow":["GET"]}}],"collection":[{"href":"https:\/\/cmykprinted.com\/cs\/wp-json\/wp\/v2\/product"}],"about":[{"href":"https:\/\/cmykprinted.com\/cs\/wp-json\/wp\/v2\/types\/product"}],"version-history":[{"count":1,"href":"https:\/\/cmykprinted.com\/cs\/wp-json\/wp\/v2\/product\/2533\/revisions"}],"predecessor-version":[{"id":2542,"href":"https:\/\/cmykprinted.com\/cs\/wp-json\/wp\/v2\/product\/2533\/revisions\/2542"}],"wp:featuredmedia":[{"embeddable":true,"href":"https:\/\/cmykprinted.com\/cs\/wp-json\/wp\/v2\/media\/2541"}],"wp:attachment":[{"href":"https:\/\/cmykprinted.com\/cs\/wp-json\/wp\/v2\/media?parent=2533"}],"wp:term":[{"taxonomy":"product_cat","embeddable":true,"href":"https:\/\/cmykprinted.com\/cs\/wp-json\/wp\/v2\/product_cat?post=2533"},{"taxonomy":"product_tag","embeddable":true,"href":"https:\/\/cmykprinted.com\/cs\/wp-json\/wp\/v2\/product_tag?post=2533"}],"curies":[{"name":"wp","href":"https:\/\/api.w.org\/{rel}","templated":true}]}}