{"id":2545,"date":"2025-05-19T09:09:51","date_gmt":"2025-05-19T09:09:51","guid":{"rendered":"https:\/\/cmykprinted.com\/?post_type=product&#038;p=2545"},"modified":"2025-05-19T09:09:51","modified_gmt":"2025-05-19T09:09:51","slug":"custom-step-and-repeat-logo-wall-backdrop","status":"publish","type":"product","link":"https:\/\/cmykprinted.com\/cs\/produkt\/vlastni-step-and-repeat-logo-stena-pozadi\/","title":{"rendered":"Vlastn\u00ed n\u00e1st\u011bnn\u00e9 pozad\u00ed s logem Step and Repeat"},"content":{"rendered":"","protected":false},"excerpt":{"rendered":"<p>N\u00e1st\u011bnn\u00e9 pozad\u00ed s logem Custom Step and Repeat je profesion\u00e1ln\u00ed a poutav\u00e9 \u0159e\u0161en\u00ed pro akce, \u010derven\u00e9 koberce, tiskov\u00e9 konference a focen\u00ed. Toto pozad\u00ed je navr\u017eeno tak, aby prominentn\u011b zobrazovalo loga v opakuj\u00edc\u00edm se vzoru, zvy\u0161uje viditelnost zna\u010dky a vytv\u00e1\u0159\u00ed elegantn\u00ed a p\u016fsobiv\u00e9 prost\u0159ed\u00ed. Je vybaveno odoln\u00fdm, nastaviteln\u00fdm r\u00e1mem a vysoce kvalitn\u00edm l\u00e1tkov\u00fdm nebo vinylov\u00fdm potiskem s logy nebo grafikou na m\u00edru. Snadno se instaluje a p\u0159epravuje, je ide\u00e1ln\u00ed pro propaga\u010dn\u00ed akce, medi\u00e1ln\u00ed st\u011bny nebo sponzorsk\u00e9 prezentace. Beze\u0161v\u00fd design zaji\u0161\u0165uje \u010dist\u00fd a profesion\u00e1ln\u00ed vzhled na ka\u017ed\u00e9 fotografii. Pozad\u00ed Step and Repeat je ide\u00e1ln\u00ed pro marketing, PR nebo firemn\u00ed branding a p\u0159in\u00e1\u0161\u00ed styl i publicitu v jednom v\u0161estrann\u00e9m proveden\u00ed.<\/p>\n<div style=\"width: 1280px;\" class=\"wp-video\"><!--[if lt IE 9]><script>document.createElement('video');<\/script><![endif]--><br \/>\n<video class=\"wp-video-shortcode\" id=\"video-2545-1\" width=\"1280\" height=\"720\" preload=\"metadata\" controls=\"controls\"><source type=\"video\/mp4\" src=\"https:\/\/cmykprinted.com\/wp-content\/uploads\/2025\/05\/Custom-Step-and-Repeat-Backdrop.mp4?_=1\" \/><a href=\"https:\/\/cmykprinted.com\/wp-content\/uploads\/2025\/05\/Custom-Step-and-Repeat-Backdrop.mp4\">https:\/\/cmykprinted.com\/wp-content\/uploads\/2025\/05\/Custom-Step-and-Repeat-Backdrop.mp4<\/a><\/video><\/div>","protected":false},"featured_media":2548,"template":"","meta":{"_kad_post_transparent":"default","_kad_post_title":"hide","_kad_post_layout":"fullwidth","_kad_post_sidebar_id":"","_kad_post_content_style":"unboxed","_kad_post_vertical_padding":"hide","_kad_post_feature":"hide","_kad_post_feature_position":"","_kad_post_header":false,"_kad_post_footer":false},"product_cat":[97,98],"product_tag":[567,566,568],"class_list":{"0":"post-2545","1":"product","2":"type-product","3":"status-publish","4":"has-post-thumbnail","6":"product_cat-tension-fabric-displays","7":"product_cat-curved-tension-fabric-pop-up-displays","8":"product_tag-custom-step-and-repeat-backdrop","9":"product_tag-logo-wall-backdrop","10":"product_tag-step-and-repeat-logo-backdrop","12":"first","13":"instock","14":"shipping-taxable","15":"product-type-simple","16":"entry","17":"content-bg","18":"loop-entry"},"_links":{"self":[{"href":"https:\/\/cmykprinted.com\/cs\/wp-json\/wp\/v2\/product\/2545","targetHints":{"allow":["GET"]}}],"collection":[{"href":"https:\/\/cmykprinted.com\/cs\/wp-json\/wp\/v2\/product"}],"about":[{"href":"https:\/\/cmykprinted.com\/cs\/wp-json\/wp\/v2\/types\/product"}],"version-history":[{"count":1,"href":"https:\/\/cmykprinted.com\/cs\/wp-json\/wp\/v2\/product\/2545\/revisions"}],"predecessor-version":[{"id":2552,"href":"https:\/\/cmykprinted.com\/cs\/wp-json\/wp\/v2\/product\/2545\/revisions\/2552"}],"wp:featuredmedia":[{"embeddable":true,"href":"https:\/\/cmykprinted.com\/cs\/wp-json\/wp\/v2\/media\/2548"}],"wp:attachment":[{"href":"https:\/\/cmykprinted.com\/cs\/wp-json\/wp\/v2\/media?parent=2545"}],"wp:term":[{"taxonomy":"product_cat","embeddable":true,"href":"https:\/\/cmykprinted.com\/cs\/wp-json\/wp\/v2\/product_cat?post=2545"},{"taxonomy":"product_tag","embeddable":true,"href":"https:\/\/cmykprinted.com\/cs\/wp-json\/wp\/v2\/product_tag?post=2545"}],"curies":[{"name":"wp","href":"https:\/\/api.w.org\/{rel}","templated":true}]}}