{"id":2556,"date":"2025-05-20T09:02:02","date_gmt":"2025-05-20T09:02:02","guid":{"rendered":"https:\/\/cmykprinted.com\/?post_type=product&#038;p=2556"},"modified":"2025-05-20T09:02:02","modified_gmt":"2025-05-20T09:02:02","slug":"cheap-step-and-repeat-backdrop-with-stand","status":"publish","type":"product","link":"https:\/\/cmykprinted.com\/cs\/produkt\/levny-step-and-repeat-pozadi-se-stojanem\/","title":{"rendered":"Levn\u00e9 krokov\u00e9 a opakovac\u00ed pozad\u00ed se stojanem"},"content":{"rendered":"","protected":false},"excerpt":{"rendered":"<p>Vytvo\u0159te si profesion\u00e1ln\u00ed fotografickou p\u0159\u00edle\u017eitost na va\u0161\u00ed p\u0159\u00ed\u0161t\u00ed akci s t\u00edmto pozad\u00edm Step and Repeat se stoj\u00e1nkem. Toto pozad\u00ed je ide\u00e1ln\u00ed pro akce na \u010derven\u00e9m koberci, tiskov\u00e9 konference, veletrhy, svatby a firemn\u00ed akce a obsahuje p\u0159izp\u016fsobiteln\u00fd l\u00e1tkov\u00fd banner, obvykle poti\u0161t\u011bn\u00fd opakuj\u00edc\u00edmi se logy nebo brandingov\u00fdmi vzory.<\/p>\n<p>Banner je vyroben z odoln\u00e9, nema\u010dkav\u00e9 polyesterov\u00e9 tkaniny a nab\u00edz\u00ed tisk ve vysok\u00e9m rozli\u0161en\u00ed pro \u017eiv\u00e9 a poutav\u00e9 zobrazen\u00ed. Robustn\u00ed hlin\u00edkov\u00fd stojan je nastaviteln\u00fd na v\u00fd\u0161ku i \u0161\u00ed\u0159ku, tak\u017ee je vhodn\u00fd pro bannery r\u016fzn\u00fdch velikost\u00ed, obvykle a\u017e do rozm\u011br\u016f 2,4 m x 2,4 m. R\u00e1m se snadno montuje a demontuje a obsahuje teleskopick\u00e9 ty\u010de a bezpe\u010dn\u00e9 zaji\u0161\u0165ovac\u00ed mechanismy pro stabiln\u00ed um\u00edst\u011bn\u00ed. Sou\u010d\u00e1st\u00ed balen\u00ed je p\u0159epravn\u00ed ta\u0161ka pro pohodln\u00e9 p\u0159en\u00e1\u0161en\u00ed a skladov\u00e1n\u00ed.<\/p>\n<p>Toto pozad\u00ed nejen zvy\u0161uje viditelnost zna\u010dky, ale tak\u00e9 dod\u00e1v\u00e1 jak\u00e9mukoli prost\u0159ed\u00ed n\u00e1dech elegance a profesionality. A\u0165 u\u017e se jedn\u00e1 o propaga\u010dn\u00ed fotografie, rozhovory nebo speci\u00e1ln\u00ed oslavy, pozad\u00ed Step and Repeat zajist\u00ed, \u017ee va\u0161e akce zanech\u00e1 trval\u00fd dojem.<\/p>\n<div style=\"width: 720px;\" class=\"wp-video\"><!--[if lt IE 9]><script>document.createElement('video');<\/script><![endif]--><br \/>\n<video class=\"wp-video-shortcode\" id=\"video-2556-1\" width=\"720\" height=\"720\" preload=\"metadata\" controls=\"controls\"><source type=\"video\/mp4\" src=\"https:\/\/cmykprinted.com\/wp-content\/uploads\/2025\/05\/\u89c6\u9891-383512795067.mp4?_=1\" \/><a href=\"https:\/\/cmykprinted.com\/wp-content\/uploads\/2025\/05\/\u89c6\u9891-383512795067.mp4\">https:\/\/cmykprinted.com\/wp-content\/uploads\/2025\/05\/\u89c6\u9891-383512795067.mp4<\/a><\/video><\/div>\n<div style=\"width: 540px;\" class=\"wp-video\"><video class=\"wp-video-shortcode\" id=\"video-2556-2\" width=\"540\" height=\"540\" preload=\"metadata\" controls=\"controls\"><source type=\"video\/mp4\" src=\"https:\/\/cmykprinted.com\/wp-content\/uploads\/2025\/05\/Step-and-Repeat-Backdrop-with-Stand.mp4?_=2\" \/><a href=\"https:\/\/cmykprinted.com\/wp-content\/uploads\/2025\/05\/Step-and-Repeat-Backdrop-with-Stand.mp4\">https:\/\/cmykprinted.com\/wp-content\/uploads\/2025\/05\/Step-and-Repeat-Backdrop-with-Stand.mp4<\/a><\/video><\/div>","protected":false},"featured_media":2561,"template":"","meta":{"_kad_post_transparent":"default","_kad_post_title":"hide","_kad_post_layout":"fullwidth","_kad_post_sidebar_id":"","_kad_post_content_style":"unboxed","_kad_post_vertical_padding":"hide","_kad_post_feature":"hide","_kad_post_feature_position":"","_kad_post_header":false,"_kad_post_footer":false},"product_cat":[97,98],"product_tag":[567,566,568],"class_list":{"0":"post-2556","1":"product","2":"type-product","3":"status-publish","4":"has-post-thumbnail","6":"product_cat-tension-fabric-displays","7":"product_cat-curved-tension-fabric-pop-up-displays","8":"product_tag-custom-step-and-repeat-backdrop","9":"product_tag-logo-wall-backdrop","10":"product_tag-step-and-repeat-logo-backdrop","12":"first","13":"instock","14":"shipping-taxable","15":"product-type-simple","16":"entry","17":"content-bg","18":"loop-entry"},"_links":{"self":[{"href":"https:\/\/cmykprinted.com\/cs\/wp-json\/wp\/v2\/product\/2556","targetHints":{"allow":["GET"]}}],"collection":[{"href":"https:\/\/cmykprinted.com\/cs\/wp-json\/wp\/v2\/product"}],"about":[{"href":"https:\/\/cmykprinted.com\/cs\/wp-json\/wp\/v2\/types\/product"}],"version-history":[{"count":1,"href":"https:\/\/cmykprinted.com\/cs\/wp-json\/wp\/v2\/product\/2556\/revisions"}],"predecessor-version":[{"id":2567,"href":"https:\/\/cmykprinted.com\/cs\/wp-json\/wp\/v2\/product\/2556\/revisions\/2567"}],"wp:featuredmedia":[{"embeddable":true,"href":"https:\/\/cmykprinted.com\/cs\/wp-json\/wp\/v2\/media\/2561"}],"wp:attachment":[{"href":"https:\/\/cmykprinted.com\/cs\/wp-json\/wp\/v2\/media?parent=2556"}],"wp:term":[{"taxonomy":"product_cat","embeddable":true,"href":"https:\/\/cmykprinted.com\/cs\/wp-json\/wp\/v2\/product_cat?post=2556"},{"taxonomy":"product_tag","embeddable":true,"href":"https:\/\/cmykprinted.com\/cs\/wp-json\/wp\/v2\/product_tag?post=2556"}],"curies":[{"name":"wp","href":"https:\/\/api.w.org\/{rel}","templated":true}]}}