{"id":2582,"date":"2025-05-21T06:04:22","date_gmt":"2025-05-21T06:04:22","guid":{"rendered":"https:\/\/cmykprinted.com\/?post_type=product&#038;p=2582"},"modified":"2025-05-21T06:04:22","modified_gmt":"2025-05-21T06:04:22","slug":"custom-feather-flags-australia-queensland-beach-banners","status":"publish","type":"product","link":"https:\/\/cmykprinted.com\/cs\/produkt\/vlastni-peri-vlajky-australie-queensland-plazove-banner\/","title":{"rendered":"Vlastn\u00ed vlajky z pe\u0159\u00ed Austr\u00e1lie Queensland Pl\u00e1\u017eov\u00e9 bannery"},"content":{"rendered":"","protected":false},"excerpt":{"rendered":"<p>Vlajky z pe\u0159\u00ed na zak\u00e1zku jsou dynamick\u00fdm a efektivn\u00edm zp\u016fsobem, jak propagovat va\u0161i firmu, zna\u010dku nebo akci po cel\u00e9 Austr\u00e1lii. Tyto poutav\u00e9 bannery, navr\u017een\u00e9 pro vysokou viditelnost, jsou ide\u00e1ln\u00ed pro venkovn\u00ed trhy, v\u00fdlohy, festivaly, sportovn\u00ed akce a veletrhy. A\u0165 u\u017e jste mal\u00e1 firma nebo n\u00e1rodn\u00ed zna\u010dka, vlajky z pe\u0159\u00ed nab\u00edzej\u00ed profesion\u00e1ln\u00ed a cenov\u011b dostupn\u00e9 reklamn\u00ed \u0159e\u0161en\u00ed.<\/p>\n<p>V rozmanit\u00e9m australsk\u00e9m klimatu jsou na\u0161e p\u00e9\u0159ov\u00e9 vlajky vyrobeny tak, aby vydr\u017eely. Jsou vyrobeny z odoln\u00e9 polyesterov\u00e9 tkaniny a poti\u0161t\u011bny barvami odoln\u00fdmi v\u016f\u010di UV z\u00e1\u0159en\u00ed, tak\u017ee odol\u00e1vaj\u00ed ostr\u00e9mu slunci, v\u011btru i de\u0161ti. D\u00edky n\u00edzk\u00e9 hmotnosti se snadno sestavuj\u00ed, p\u0159epravuj\u00ed a p\u0159emis\u0165uj\u00ed, kdykoli je pot\u0159eba.<\/p>\n<p>M\u016f\u017eete si vybrat jednostrann\u00fd nebo oboustrann\u00fd tisk v z\u00e1vislosti na va\u0161ich pot\u0159eb\u00e1ch viditelnosti. Ka\u017edou vlajku lze pln\u011b p\u0159izp\u016fsobit va\u0161\u00edm logem, barvami a textem, co\u017e v\u00e1m pom\u016f\u017ee vyniknout na jak\u00e9mkoli m\u00edst\u011b. K dispozici jsou r\u016fzn\u00e9 velikosti a varianty podstavc\u016f, kter\u00e9 se hod\u00ed pro r\u016fzn\u00e9 povrchy \u2013 a\u0165 u\u017e pot\u0159ebujete zemn\u00ed hroty na pl\u00e1\u017ee a pole, nebo k\u0159\u00ed\u017eov\u00e9 podstavce s vodn\u00edmi vaky na beton \u010di vnit\u0159n\u00ed prostory.<\/p>\n<p>Od Melbourne po Brisbane a od Sydney po Perth, dod\u00e1v\u00e1me firm\u00e1m po cel\u00e9 zemi zak\u00e1zkov\u00e9 vlajky z pe\u0159\u00ed, kter\u00e9 se rychle vyr\u00e1b\u011bj\u00ed a snadno instaluj\u00ed. N\u00e1\u0161 t\u00fdm je tu, aby v\u00e1m pomohl s n\u00e1vrhem, tiskem a dod\u00e1n\u00edm a zajistil v\u00e1m tak hladk\u00fd a spolehliv\u00fd pr\u016fb\u011bh poka\u017ed\u00e9.<\/p>\n<p>Vyberte si australsk\u00e9 vlajky z pe\u0159\u00ed na zak\u00e1zku, abyste pos\u00edlili prezentaci sv\u00e9 zna\u010dky a upoutali pozornost, a\u0165 jste kdekoli.<\/p>","protected":false},"featured_media":2584,"template":"","meta":{"_kad_post_transparent":"default","_kad_post_title":"hide","_kad_post_layout":"fullwidth","_kad_post_sidebar_id":"","_kad_post_content_style":"unboxed","_kad_post_vertical_padding":"hide","_kad_post_feature":"hide","_kad_post_feature_position":"","_kad_post_header":false,"_kad_post_footer":false},"product_cat":[64,65,66,67],"product_tag":[321,573,574,575],"class_list":{"0":"post-2582","1":"product","2":"type-product","3":"status-publish","4":"has-post-thumbnail","6":"product_cat-beach-flags","7":"product_cat-feather-flags-banners","8":"product_cat-rectangular-flags-banners","9":"product_cat-teardrop-flags-banners","10":"product_tag-custom-feather-flags","11":"product_tag-feather-flags-australia","12":"product_tag-feather-flags-queensland","13":"product_tag-queensland-beach-banners","15":"first","16":"instock","17":"shipping-taxable","18":"product-type-simple","19":"entry","20":"content-bg","21":"loop-entry"},"_links":{"self":[{"href":"https:\/\/cmykprinted.com\/cs\/wp-json\/wp\/v2\/product\/2582","targetHints":{"allow":["GET"]}}],"collection":[{"href":"https:\/\/cmykprinted.com\/cs\/wp-json\/wp\/v2\/product"}],"about":[{"href":"https:\/\/cmykprinted.com\/cs\/wp-json\/wp\/v2\/types\/product"}],"version-history":[{"count":1,"href":"https:\/\/cmykprinted.com\/cs\/wp-json\/wp\/v2\/product\/2582\/revisions"}],"predecessor-version":[{"id":2590,"href":"https:\/\/cmykprinted.com\/cs\/wp-json\/wp\/v2\/product\/2582\/revisions\/2590"}],"wp:featuredmedia":[{"embeddable":true,"href":"https:\/\/cmykprinted.com\/cs\/wp-json\/wp\/v2\/media\/2584"}],"wp:attachment":[{"href":"https:\/\/cmykprinted.com\/cs\/wp-json\/wp\/v2\/media?parent=2582"}],"wp:term":[{"taxonomy":"product_cat","embeddable":true,"href":"https:\/\/cmykprinted.com\/cs\/wp-json\/wp\/v2\/product_cat?post=2582"},{"taxonomy":"product_tag","embeddable":true,"href":"https:\/\/cmykprinted.com\/cs\/wp-json\/wp\/v2\/product_tag?post=2582"}],"curies":[{"name":"wp","href":"https:\/\/api.w.org\/{rel}","templated":true}]}}