{"id":2591,"date":"2025-05-21T09:11:06","date_gmt":"2025-05-21T09:11:06","guid":{"rendered":"https:\/\/cmykprinted.com\/?post_type=product&#038;p=2591"},"modified":"2025-05-23T14:07:36","modified_gmt":"2025-05-23T14:07:36","slug":"custom-printed-promotional-tablecloths-australia","status":"publish","type":"product","link":"https:\/\/cmykprinted.com\/cs\/produkt\/zakazkove-tistene-propagacni-ubrusy-australie\/","title":{"rendered":"Reklamn\u00ed ubrusy s potiskem na zak\u00e1zku v Austr\u00e1lii"},"content":{"rendered":"","protected":false},"excerpt":{"rendered":"<p data-start=\"197\" data-end=\"540\">Reklamn\u00ed ubrusy s potiskem na zak\u00e1zku jsou nezbytn\u00fdm brandingov\u00fdm n\u00e1strojem pro firmy a organizace, kter\u00e9 cht\u011bj\u00ed vytvo\u0159it profesion\u00e1ln\u00ed a poutavou prezentaci na veletrz\u00edch, v\u00fdstav\u00e1ch, p\u0159edstaven\u00edch produkt\u016f a dal\u0161\u00edch akc\u00edch po cel\u00e9 Austr\u00e1lii. Tyto ubrusy, navr\u017een\u00e9 pro zv\u00fd\u0161en\u00ed viditelnosti a p\u0159\u00edtomnosti zna\u010dky, nab\u00edzej\u00ed jak funk\u010dnost, tak styl.<\/p>\n<p data-start=\"542\" data-end=\"865\">Na\u0161e ubrusy jsou vyrobeny z vysoce kvalitn\u00ed polyesterov\u00e9 tkaniny, kter\u00e1 je zn\u00e1m\u00e1 svou odolnost\u00ed, nema\u010dkavost\u00ed a z\u00e1\u0159ivou reprodukc\u00ed barev. Pomoc\u00ed pokro\u010dil\u00e9ho sublima\u010dn\u00edho tisku m\u016f\u017eeme v\u00e1\u0161 ubrus pln\u011b p\u0159izp\u016fsobit logy, slogany, grafikou nebo celoplo\u0161n\u00fdmi designy \u2013 a zajistit tak, aby va\u0161e zna\u010dka byla vid\u011bt z ka\u017ed\u00e9ho \u00fahlu.<\/p>\n<p data-start=\"867\" data-end=\"931\">Nab\u00edz\u00edme r\u016fzn\u00e9 styly, kter\u00e9 vyhov\u00ed r\u016fzn\u00fdm pot\u0159eb\u00e1m, v\u010detn\u011b:<\/p>\n<ul data-start=\"932\" data-end=\"1201\">\n<li data-start=\"932\" data-end=\"1022\">\n<p data-start=\"934\" data-end=\"1022\"><strong data-start=\"934\" data-end=\"961\">Voln\u00e9\/Spa\u0159ovan\u00e9 ubrusy<\/strong> \u2013 V\u0161estrann\u00e1 varianta, kter\u00e1 se hod\u00ed k v\u011bt\u0161in\u011b standardn\u00edch stol\u016f na kozl\u00edku.<\/p>\n<\/li>\n<li data-start=\"1023\" data-end=\"1105\">\n<p data-start=\"1025\" data-end=\"1105\"><strong data-start=\"1025\" data-end=\"1048\">Ubrusy na st\u016fl<\/strong> \u2013 Poskytuj\u00ed \u010dist\u00fd, elegantn\u00ed vzhled s ostr\u00fdmi liniemi.<\/p>\n<\/li>\n<li data-start=\"1106\" data-end=\"1201\">\n<p data-start=\"1108\" data-end=\"1201\"><strong data-start=\"1108\" data-end=\"1132\">Stre\u010dov\u00e9 ubrusy na st\u016fl<\/strong> \u2013 Modern\u00ed a elegantn\u00ed, tyto kalhoty nab\u00edzej\u00ed p\u0159il\u00e9hav\u00fd st\u0159ih a vzhled bez vr\u00e1sek.<\/p>\n<\/li>\n<\/ul>\n<p data-start=\"1203\" data-end=\"1377\">Dostupn\u00e9 velikosti pro stoly o d\u00e9lce 1,2 m, 1,8 m a 2,4 m, na vy\u017e\u00e1d\u00e1n\u00ed i zak\u00e1zkov\u00e9 velikosti. Mo\u017enosti zahrnuj\u00ed proveden\u00ed s otev\u0159enou z\u00e1dovou st\u011bnou (pro sed\u00edc\u00ed person\u00e1l nebo p\u0159\u00edstup k \u00falo\u017en\u00e9mu prostoru) nebo s uzav\u0159enou z\u00e1dovou st\u011bnou.<\/p>\n<p data-start=\"1379\" data-end=\"1529\">Tyto reklamn\u00ed ubrusy jsou ide\u00e1ln\u00ed pro vnit\u0159n\u00ed i venkovn\u00ed pou\u017eit\u00ed, lze je pr\u00e1t v pra\u010dce a jsou opakovan\u011b pou\u017eiteln\u00e9, co\u017e z nich \u010din\u00ed cenov\u011b v\u00fdhodnou marketingovou investici.<\/p>\n<p data-start=\"1531\" data-end=\"1673\">A\u0165 u\u017e vystavujete v Sydney, Melbourne, Brisbane nebo Perthu, na\u0161e ubrusy s potiskem na m\u00edru v\u00e1m pomohou ud\u011blat siln\u00fd a trval\u00fd dojem.<\/p>\n<div style=\"width: 1280px;\" class=\"wp-video\"><!--[if lt IE 9]><script>document.createElement('video');<\/script><![endif]--><br \/>\n<video class=\"wp-video-shortcode\" id=\"video-2591-1\" width=\"1280\" height=\"720\" preload=\"metadata\" controls=\"controls\"><source type=\"video\/mp4\" src=\"https:\/\/cmykprinted.com\/wp-content\/uploads\/2025\/05\/Promotional-Tablecloths-Australia.mp4?_=1\" \/><a href=\"https:\/\/cmykprinted.com\/wp-content\/uploads\/2025\/05\/Promotional-Tablecloths-Australia.mp4\">https:\/\/cmykprinted.com\/wp-content\/uploads\/2025\/05\/Promotional-Tablecloths-Australia.mp4<\/a><\/video><\/div>","protected":false},"featured_media":2610,"template":"","meta":{"_kad_post_transparent":"default","_kad_post_title":"hide","_kad_post_layout":"fullwidth","_kad_post_sidebar_id":"","_kad_post_content_style":"unboxed","_kad_post_vertical_padding":"hide","_kad_post_feature":"hide","_kad_post_feature_position":"","_kad_post_header":false,"_kad_post_footer":false},"product_cat":[80,81],"product_tag":[577,579,578,576],"class_list":{"0":"post-2591","1":"product","2":"type-product","3":"status-publish","4":"has-post-thumbnail","6":"product_cat-custom-tablecloth","7":"product_cat-custom-stretch-tablecloth","8":"product_tag-custom-printed-promotional-tablecloths","9":"product_tag-custom-printed-tablecloths","10":"product_tag-printed-promotional-tablecloths","11":"product_tag-promotional-tablecloths-australia","13":"first","14":"instock","15":"shipping-taxable","16":"product-type-simple","17":"entry","18":"content-bg","19":"loop-entry"},"_links":{"self":[{"href":"https:\/\/cmykprinted.com\/cs\/wp-json\/wp\/v2\/product\/2591","targetHints":{"allow":["GET"]}}],"collection":[{"href":"https:\/\/cmykprinted.com\/cs\/wp-json\/wp\/v2\/product"}],"about":[{"href":"https:\/\/cmykprinted.com\/cs\/wp-json\/wp\/v2\/types\/product"}],"version-history":[{"count":2,"href":"https:\/\/cmykprinted.com\/cs\/wp-json\/wp\/v2\/product\/2591\/revisions"}],"predecessor-version":[{"id":2611,"href":"https:\/\/cmykprinted.com\/cs\/wp-json\/wp\/v2\/product\/2591\/revisions\/2611"}],"wp:featuredmedia":[{"embeddable":true,"href":"https:\/\/cmykprinted.com\/cs\/wp-json\/wp\/v2\/media\/2610"}],"wp:attachment":[{"href":"https:\/\/cmykprinted.com\/cs\/wp-json\/wp\/v2\/media?parent=2591"}],"wp:term":[{"taxonomy":"product_cat","embeddable":true,"href":"https:\/\/cmykprinted.com\/cs\/wp-json\/wp\/v2\/product_cat?post=2591"},{"taxonomy":"product_tag","embeddable":true,"href":"https:\/\/cmykprinted.com\/cs\/wp-json\/wp\/v2\/product_tag?post=2591"}],"curies":[{"name":"wp","href":"https:\/\/api.w.org\/{rel}","templated":true}]}}