{"id":2602,"date":"2025-05-23T13:50:03","date_gmt":"2025-05-23T13:50:03","guid":{"rendered":"https:\/\/cmykprinted.com\/?post_type=product&#038;p=2602"},"modified":"2025-05-23T13:56:32","modified_gmt":"2025-05-23T13:56:32","slug":"custom-fitted-table-cloth-with-zipper-back-australia","status":"publish","type":"product","link":"https:\/\/cmykprinted.com\/cs\/produkt\/na-miru-usity-ubrus-se-zipem-na-zadech-australie\/","title":{"rendered":"Ubrus na m\u00edru se zipem na zadn\u00ed stran\u011b Austr\u00e1lie"},"content":{"rendered":"","protected":false},"excerpt":{"rendered":"<p>Zvy\u0161te prezentaci sv\u00e9 zna\u010dky na akc\u00edch, veletrz\u00edch a v\u00fdstav\u00e1ch s na\u0161\u00edm pr\u00e9miov\u00fdm ubrusem na m\u00edru se zipem na zadn\u00ed stran\u011b \u2013 vyroben\u00fdm speci\u00e1ln\u011b pro australsk\u00e9 firmy. Tento ubrus, vyroben\u00fd z vysoce kvalitn\u00ed stre\u010dov\u00e9 polyesterov\u00e9 tkaniny, je navr\u017een tak, aby bezprobl\u00e9mov\u011b obep\u00ednal v\u00e1\u0161 st\u016fl a vytv\u00e1\u0159el elegantn\u00ed a profesion\u00e1ln\u00ed vzhled, kter\u00fd vynik\u00e1.<\/p>\n<p>Zadn\u00ed zip umo\u017e\u0148uje pohodln\u00fd p\u0159\u00edstup k \u00falo\u017en\u00e9mu prostoru pod stolem, \u010d\u00edm\u017e skryje nepo\u0159\u00e1dek a z\u00e1rove\u0148 zajist\u00ed snadn\u00fd p\u0159\u00edstup k marketingov\u00fdm materi\u00e1l\u016fm, osobn\u00edm v\u011bcem nebo zbo\u017e\u00ed. Ubrus je k dispozici pro standardn\u00ed stoly o rozm\u011brech 1,2 m, 1,8 m a 2,4 m a je pln\u011b p\u0159izp\u016fsoben va\u0161emu logu, barv\u00e1m a grafice pomoc\u00ed z\u00e1\u0159iv\u00e9ho sublima\u010dn\u00edho tisku v pln\u00e9 barv\u011b.<\/p>\n<p>Tento ubrus s lemov\u00e1n\u00edm je ide\u00e1ln\u00ed pro konference, veletrhy, maloobchodn\u00ed prodejny a propaga\u010dn\u00ed akce. Je nema\u010dkav\u00fd, prateln\u00fd v pra\u010dce a opakovan\u011b pou\u017eiteln\u00fd \u2013 nab\u00edz\u00ed dlouhodobou hodnotu a viditelnost zna\u010dky. Navr\u017eeno a poti\u0161t\u011bno v Austr\u00e1lii s rychl\u00fdm vy\u0159\u00edzen\u00edm a celost\u00e1tn\u00edm doru\u010den\u00edm.<\/p>\n<p>Vynikn\u011bte z davu a ud\u011blejte si nezapomenutelnou prezentaci s na\u0161imi profesion\u00e1ln\u00edmi ubrusy na zip.<\/p>\n<div style=\"width: 1280px;\" class=\"wp-video\"><!--[if lt IE 9]><script>document.createElement('video');<\/script><![endif]--><br \/>\n<video class=\"wp-video-shortcode\" id=\"video-2602-1\" width=\"1280\" height=\"720\" preload=\"metadata\" controls=\"controls\"><source type=\"video\/mp4\" src=\"https:\/\/cmykprinted.com\/wp-content\/uploads\/2025\/05\/Promotional-Tablecloths-Australia.mp4?_=1\" \/><a href=\"https:\/\/cmykprinted.com\/wp-content\/uploads\/2025\/05\/Promotional-Tablecloths-Australia.mp4\">https:\/\/cmykprinted.com\/wp-content\/uploads\/2025\/05\/Promotional-Tablecloths-Australia.mp4<\/a><\/video><\/div>","protected":false},"featured_media":2609,"template":"","meta":{"_kad_post_transparent":"default","_kad_post_title":"hide","_kad_post_layout":"fullwidth","_kad_post_sidebar_id":"","_kad_post_content_style":"unboxed","_kad_post_vertical_padding":"hide","_kad_post_feature":"hide","_kad_post_feature_position":"","_kad_post_header":false,"_kad_post_footer":false},"product_cat":[80,81],"product_tag":[535,580,581,582],"class_list":{"0":"post-2602","1":"product","2":"type-product","3":"status-publish","4":"has-post-thumbnail","6":"product_cat-custom-tablecloth","7":"product_cat-custom-stretch-tablecloth","8":"product_tag-custom-fitted-table-cloth","9":"product_tag-fitted-table-cloth","10":"product_tag-fitted-table-cloth-with-zipper-back","11":"product_tag-fitted-table-cloth-with-zipper-back-australia","13":"first","14":"instock","15":"shipping-taxable","16":"product-type-simple","17":"entry","18":"content-bg","19":"loop-entry"},"_links":{"self":[{"href":"https:\/\/cmykprinted.com\/cs\/wp-json\/wp\/v2\/product\/2602","targetHints":{"allow":["GET"]}}],"collection":[{"href":"https:\/\/cmykprinted.com\/cs\/wp-json\/wp\/v2\/product"}],"about":[{"href":"https:\/\/cmykprinted.com\/cs\/wp-json\/wp\/v2\/types\/product"}],"version-history":[{"count":1,"href":"https:\/\/cmykprinted.com\/cs\/wp-json\/wp\/v2\/product\/2602\/revisions"}],"predecessor-version":[{"id":2607,"href":"https:\/\/cmykprinted.com\/cs\/wp-json\/wp\/v2\/product\/2602\/revisions\/2607"}],"wp:featuredmedia":[{"embeddable":true,"href":"https:\/\/cmykprinted.com\/cs\/wp-json\/wp\/v2\/media\/2609"}],"wp:attachment":[{"href":"https:\/\/cmykprinted.com\/cs\/wp-json\/wp\/v2\/media?parent=2602"}],"wp:term":[{"taxonomy":"product_cat","embeddable":true,"href":"https:\/\/cmykprinted.com\/cs\/wp-json\/wp\/v2\/product_cat?post=2602"},{"taxonomy":"product_tag","embeddable":true,"href":"https:\/\/cmykprinted.com\/cs\/wp-json\/wp\/v2\/product_tag?post=2602"}],"curies":[{"name":"wp","href":"https:\/\/api.w.org\/{rel}","templated":true}]}}