{"id":2620,"date":"2025-05-27T07:13:40","date_gmt":"2025-05-27T07:13:40","guid":{"rendered":"https:\/\/cmykprinted.com\/?post_type=product&#038;p=2620"},"modified":"2025-05-27T07:45:05","modified_gmt":"2025-05-27T07:45:05","slug":"custom-printed-branded-tablecloth-for-events","status":"publish","type":"product","link":"https:\/\/cmykprinted.com\/cs\/produkt\/na-zakazku-tisteny-znackovy-ubrus-na-akce\/","title":{"rendered":"Ubrus s potiskem na zak\u00e1zku pro akce"},"content":{"rendered":"","protected":false},"excerpt":{"rendered":"<p>Ubrus s potiskem zna\u010dky je nezbytn\u00fdm propaga\u010dn\u00edm n\u00e1strojem pro ka\u017edou firmu, kter\u00e1 se \u00fa\u010dastn\u00ed akc\u00ed, jako jsou veletrhy, v\u00fdstavy, konference, uveden\u00ed produkt\u016f na trh a marketingov\u00e9 aktivity. Prom\u011bn\u00ed standardn\u00ed st\u016fl v profesion\u00e1ln\u00ed a vizu\u00e1ln\u011b atraktivn\u00ed dekoraci, kter\u00e1 pom\u016f\u017ee va\u0161\u00ed zna\u010dce vyniknout v ru\u0161n\u00e9m prost\u0159ed\u00ed akc\u00ed. Tyto ubrusy, vyroben\u00e9 z vysoce kvalitn\u00edch a odoln\u00fdch l\u00e1tek, jako je polyester nebo stre\u010dov\u00fd spandex, jsou ur\u010deny pro vnit\u0159n\u00ed i venkovn\u00ed pou\u017eit\u00ed.<\/p>\n<p>Design obvykle zahrnuje va\u0161e logo, barvy zna\u010dky, slogan a dal\u0161\u00ed relevantn\u00ed grafiku, vyti\u0161t\u011bnou v pln\u00fdch barv\u00e1ch pomoc\u00ed sublima\u010dn\u00edho nebo digit\u00e1ln\u00edho tisku. To zaji\u0161\u0165uje z\u00e1\u0159iv\u00fd a dlouhotrvaj\u00edc\u00ed vizu\u00e1l, kter\u00fd odol\u00e1v\u00e1 blednut\u00ed i po opakovan\u00e9m pran\u00ed. Zna\u010dkov\u00e9 ubrusy, kter\u00e9 jsou k dispozici v r\u016fzn\u00fdch stylech \u2013 nap\u0159\u00edklad p\u0159il\u00e9hav\u00e9, voln\u011b spl\u00fdvav\u00e9 nebo stre\u010dov\u00e9 \u2013 lze p\u0159izp\u016fsobit standardn\u00edm rozm\u011br\u016fm stol\u016f, jako je 1,2 m, 1,8 m nebo 2,4 m, nebo je upravit tak, aby vyhovovaly jedine\u010dn\u00fdm rozm\u011br\u016fm stolu.<\/p>\n<p>A\u0165 u\u017e si vyberete t\u0159\u00edstrann\u00fd design pro snadn\u00fd p\u0159\u00edstup k \u00falo\u017en\u00e9mu prostoru pod stolem, nebo celoplo\u0161n\u00fd \u010dty\u0159strann\u00fd potah pro elegantn\u00ed 360\u00b0 vzhled, ubrus se zna\u010dkou dod\u00e1 n\u00e1dech profesionality a konzistence zna\u010dky. Snadno se skl\u00e1d\u00e1, skladuje a p\u0159epravuje, tak\u017ee je ide\u00e1ln\u00ed pro firmy, kter\u00e9 se pravideln\u011b \u00fa\u010dastn\u00ed akc\u00ed. Cenov\u011b dostupn\u00e9, opakovan\u011b pou\u017eiteln\u00e9 a efektn\u00ed poti\u0161t\u011bn\u00e9 ubrusy se zna\u010dkou jsou chytrou investic\u00ed do pos\u00edlen\u00ed va\u0161\u00ed zna\u010dky na jak\u00e9koli akci.<\/p>\n<div style=\"width: 1280px;\" class=\"wp-video\"><!--[if lt IE 9]><script>document.createElement('video');<\/script><![endif]--><br \/>\n<video class=\"wp-video-shortcode\" id=\"video-2620-1\" width=\"1280\" height=\"720\" preload=\"metadata\" controls=\"controls\"><source type=\"video\/mp4\" src=\"https:\/\/cmykprinted.com\/wp-content\/uploads\/2025\/05\/Printed-Branded-Tablecloth-for-Events.mp4?_=1\" \/><a href=\"https:\/\/cmykprinted.com\/wp-content\/uploads\/2025\/05\/Printed-Branded-Tablecloth-for-Events.mp4\">https:\/\/cmykprinted.com\/wp-content\/uploads\/2025\/05\/Printed-Branded-Tablecloth-for-Events.mp4<\/a><\/video><\/div>","protected":false},"featured_media":2626,"template":"","meta":{"_kad_post_transparent":"default","_kad_post_title":"hide","_kad_post_layout":"fullwidth","_kad_post_sidebar_id":"","_kad_post_content_style":"unboxed","_kad_post_vertical_padding":"hide","_kad_post_feature":"hide","_kad_post_feature_position":"","_kad_post_header":false,"_kad_post_footer":false},"product_cat":[80,81,83],"product_tag":[587,590,589,588],"class_list":{"0":"post-2620","1":"product","2":"type-product","3":"status-publish","4":"has-post-thumbnail","6":"product_cat-custom-tablecloth","7":"product_cat-custom-stretch-tablecloth","8":"product_cat-fitted-table-cover","9":"product_tag-branded-tablecloth-for-events","10":"product_tag-custom-branded-tablecloth-for-events","11":"product_tag-custom-printed-branded-tablecloth-f","12":"product_tag-printed-branded-tablecloth","14":"first","15":"instock","16":"shipping-taxable","17":"product-type-simple","18":"entry","19":"content-bg","20":"loop-entry"},"_links":{"self":[{"href":"https:\/\/cmykprinted.com\/cs\/wp-json\/wp\/v2\/product\/2620","targetHints":{"allow":["GET"]}}],"collection":[{"href":"https:\/\/cmykprinted.com\/cs\/wp-json\/wp\/v2\/product"}],"about":[{"href":"https:\/\/cmykprinted.com\/cs\/wp-json\/wp\/v2\/types\/product"}],"version-history":[{"count":1,"href":"https:\/\/cmykprinted.com\/cs\/wp-json\/wp\/v2\/product\/2620\/revisions"}],"predecessor-version":[{"id":2622,"href":"https:\/\/cmykprinted.com\/cs\/wp-json\/wp\/v2\/product\/2620\/revisions\/2622"}],"wp:featuredmedia":[{"embeddable":true,"href":"https:\/\/cmykprinted.com\/cs\/wp-json\/wp\/v2\/media\/2626"}],"wp:attachment":[{"href":"https:\/\/cmykprinted.com\/cs\/wp-json\/wp\/v2\/media?parent=2620"}],"wp:term":[{"taxonomy":"product_cat","embeddable":true,"href":"https:\/\/cmykprinted.com\/cs\/wp-json\/wp\/v2\/product_cat?post=2620"},{"taxonomy":"product_tag","embeddable":true,"href":"https:\/\/cmykprinted.com\/cs\/wp-json\/wp\/v2\/product_tag?post=2620"}],"curies":[{"name":"wp","href":"https:\/\/api.w.org\/{rel}","templated":true}]}}