{"id":2627,"date":"2025-05-28T03:20:18","date_gmt":"2025-05-28T03:20:18","guid":{"rendered":"https:\/\/cmykprinted.com\/?post_type=product&#038;p=2627"},"modified":"2025-05-28T03:22:18","modified_gmt":"2025-05-28T03:22:18","slug":"custom-branded-table-cloth-with-bottom-price","status":"publish","type":"product","link":"https:\/\/cmykprinted.com\/cs\/produkt\/na-miru-znackovy-ubrus-za-nejnizsi-cenu\/","title":{"rendered":"Ubrus na m\u00edru s zna\u010dkov\u00fdm potiskem za nejni\u017e\u0161\u00ed cenu"},"content":{"rendered":"","protected":false},"excerpt":{"rendered":"<p data-start=\"235\" data-end=\"483\">Hled\u00e1te cenov\u011b dostupn\u00fd zp\u016fsob, jak prezentovat svou zna\u010dku na akc\u00edch bez kompromis\u016f v kvalit\u011b? <strong data-start=\"335\" data-end=\"376\">Zna\u010dkov\u00fd ubrus za nejni\u017e\u0161\u00ed cenu<\/strong> je perfektn\u00edm \u0159e\u0161en\u00edm pro firmy s omezen\u00fdm rozpo\u010dtem, kter\u00e9 cht\u011bj\u00ed p\u0159esto ud\u011blat profesion\u00e1ln\u00ed dojem.<\/p>\n<p data-start=\"485\" data-end=\"818\">A\u0165 u\u017e vystavujete na veletrz\u00edch, \u00fa\u010dastn\u00edte se obchodn\u00edch veletrh\u016f nebo provozujete do\u010dasn\u00fd obchod, tento ubrus dod\u00e1 va\u0161\u00ed sestav\u011b \u010dist\u00fd, ucelen\u00fd a zna\u010dkov\u00fd vzhled. Vyroben z odoln\u00e9 polyesterov\u00e9 tkaniny, je lehk\u00fd, nema\u010dkav\u00fd a snadno se udr\u017euje \u2013 ide\u00e1ln\u00ed pro firmy, kter\u00e9 \u010dasto cestuj\u00ed nebo se \u00fa\u010dastn\u00ed v\u00edce akc\u00ed.<\/p>\n<p data-start=\"820\" data-end=\"1149\">D\u00edky vysoce kvalitn\u00ed sublima\u010dn\u00ed technologii vypadaj\u00ed va\u0161e logo a barvy zna\u010dky ost\u0159e a \u017eiv\u011b, co\u017e v\u00e1m pom\u016f\u017ee vyniknout z davu. Inkoust je zapu\u0161t\u011bn do l\u00e1tky, tak\u017ee se design po vypr\u00e1n\u00ed neloupe ani nevybledne. Z\u00edsk\u00e1te dlouhotrvaj\u00edc\u00ed propaga\u010dn\u00ed materi\u00e1l za zlomek ceny jin\u00fdch zna\u010dkov\u00fdch propaga\u010dn\u00edch materi\u00e1l\u016f.<\/p>\n<p data-start=\"1151\" data-end=\"1429\">Tento ubrus je k dispozici v n\u011bkolika velikostech (1,2 m, 1,8 m, 2,4 m) a stylech (p\u0159il\u00e9hav\u00fd, spl\u00fdvav\u00fd nebo stre\u010dov\u00fd), aby vyhovoval va\u0161im pot\u0159eb\u00e1m. D\u00e1 se tak\u00e9 kompaktn\u011b slo\u017eit pro snadnou p\u0159epravu a skladov\u00e1n\u00ed, tak\u017ee je ide\u00e1ln\u00ed pro mal\u00e9 firmy, startupy a marketingov\u00e9 t\u00fdmy, kter\u00e9 pracuj\u00ed s omezen\u00fdm rozpo\u010dtem.<\/p>\n<p data-start=\"1431\" data-end=\"1712\">Stru\u010dn\u011b \u0159e\u010deno, jedn\u00e1 se o n\u00edzkon\u00e1kladovou investici, kter\u00e1 p\u0159in\u00e1\u0161\u00ed vysoce p\u016fsobiv\u00fd branding. Z\u00edskejte vzhled pr\u00e9miov\u00e9ho displeje bez pr\u00e9miov\u00e9 ceny. Pokud hled\u00e1te <strong data-start=\"1588\" data-end=\"1648\">skv\u011bl\u00e1 hodnota, spolehliv\u00e1 kvalita a siln\u00e1 prezentace zna\u010dky<\/strong>, n\u00e1\u0161 zna\u010dkov\u00fd ubrus za nejni\u017e\u0161\u00ed cenu je chytrou volbou.<\/p>\n<div style=\"width: 1280px;\" class=\"wp-video\"><!--[if lt IE 9]><script>document.createElement('video');<\/script><![endif]--><br \/>\n<video class=\"wp-video-shortcode\" id=\"video-2627-1\" width=\"1280\" height=\"720\" preload=\"metadata\" controls=\"controls\"><source type=\"video\/mp4\" src=\"https:\/\/cmykprinted.com\/wp-content\/uploads\/2025\/05\/Printed-Branded-Tablecloth-for-Events.mp4?_=1\" \/><a href=\"https:\/\/cmykprinted.com\/wp-content\/uploads\/2025\/05\/Printed-Branded-Tablecloth-for-Events.mp4\">https:\/\/cmykprinted.com\/wp-content\/uploads\/2025\/05\/Printed-Branded-Tablecloth-for-Events.mp4<\/a><\/video><\/div>","protected":false},"featured_media":2630,"template":"","meta":{"_kad_post_transparent":"default","_kad_post_title":"hide","_kad_post_layout":"fullwidth","_kad_post_sidebar_id":"","_kad_post_content_style":"unboxed","_kad_post_vertical_padding":"hide","_kad_post_feature":"hide","_kad_post_feature_position":"","_kad_post_header":false,"_kad_post_footer":false},"product_cat":[80,81,83],"product_tag":[592,591,593],"class_list":{"0":"post-2627","1":"product","2":"type-product","3":"status-publish","4":"has-post-thumbnail","6":"product_cat-custom-tablecloth","7":"product_cat-custom-stretch-tablecloth","8":"product_cat-fitted-table-cover","9":"product_tag-branded-table-cloth","10":"product_tag-branded-table-cloth-price","11":"product_tag-custom-branded-table-cloth","13":"first","14":"instock","15":"shipping-taxable","16":"product-type-simple","17":"entry","18":"content-bg","19":"loop-entry"},"_links":{"self":[{"href":"https:\/\/cmykprinted.com\/cs\/wp-json\/wp\/v2\/product\/2627","targetHints":{"allow":["GET"]}}],"collection":[{"href":"https:\/\/cmykprinted.com\/cs\/wp-json\/wp\/v2\/product"}],"about":[{"href":"https:\/\/cmykprinted.com\/cs\/wp-json\/wp\/v2\/types\/product"}],"version-history":[{"count":2,"href":"https:\/\/cmykprinted.com\/cs\/wp-json\/wp\/v2\/product\/2627\/revisions"}],"predecessor-version":[{"id":2633,"href":"https:\/\/cmykprinted.com\/cs\/wp-json\/wp\/v2\/product\/2627\/revisions\/2633"}],"wp:featuredmedia":[{"embeddable":true,"href":"https:\/\/cmykprinted.com\/cs\/wp-json\/wp\/v2\/media\/2630"}],"wp:attachment":[{"href":"https:\/\/cmykprinted.com\/cs\/wp-json\/wp\/v2\/media?parent=2627"}],"wp:term":[{"taxonomy":"product_cat","embeddable":true,"href":"https:\/\/cmykprinted.com\/cs\/wp-json\/wp\/v2\/product_cat?post=2627"},{"taxonomy":"product_tag","embeddable":true,"href":"https:\/\/cmykprinted.com\/cs\/wp-json\/wp\/v2\/product_tag?post=2627"}],"curies":[{"name":"wp","href":"https:\/\/api.w.org\/{rel}","templated":true}]}}