{"id":2668,"date":"2025-06-06T04:34:33","date_gmt":"2025-06-06T04:34:33","guid":{"rendered":"https:\/\/cmykprinted.com\/?post_type=product&#038;p=2668"},"modified":"2025-06-06T05:55:38","modified_gmt":"2025-06-06T05:55:38","slug":"custom-made-canopy-tents-with-your-logo-printed","status":"publish","type":"product","link":"https:\/\/cmykprinted.com\/cs\/produkt\/na-zakazku-vyrobene-stany-s-vasim-tistenym-logem\/","title":{"rendered":"Stany s baldach\u00fdnem na m\u00edru s potiskem va\u0161eho loga"},"content":{"rendered":"","protected":false},"excerpt":{"rendered":"<p>Vynikn\u011bte na jak\u00e9koli akci s na\u0161imi vysoce kvalitn\u00edmi stany s baldach\u00fdnem na m\u00edru. Na\u0161e stany jsou navr\u017eeny tak, aby prezentovaly va\u0161i zna\u010dku, a jsou opat\u0159eny plnobarevn\u00fdm potiskem va\u0161eho loga, sloganu nebo grafiky na v\u0161ech stran\u00e1ch. A\u0165 u\u017e se \u00fa\u010dastn\u00edte veletrhu, festivalu, trhu nebo sportovn\u00ed akce, na\u0161e personalizovan\u00e9 stany zajist\u00ed maxim\u00e1ln\u00ed viditelnost a profesion\u00e1ln\u00ed prezentaci.<\/p>\n<p>Ka\u017ed\u00fd stan je vyroben z odoln\u00fdch, pov\u011btrnostn\u011b odoln\u00fdch materi\u00e1l\u016f a je konstruov\u00e1n tak, aby odolal australsk\u00e9mu klimatu. Vyberte si z r\u016fzn\u00fdch velikost\u00ed, pevnost\u00ed r\u00e1mu a mo\u017enost\u00ed potisku, kter\u00e9 vyhov\u00ed va\u0161im pot\u0159eb\u00e1m. V\u00fdklopn\u00e1 konstrukce umo\u017e\u0148uje rychl\u00e9 a snadn\u00e9 sestaven\u00ed, tak\u017ee je ide\u00e1ln\u00ed pro vnit\u0159n\u00ed i venkovn\u00ed pou\u017eit\u00ed.<\/p>\n<p>Pou\u017e\u00edv\u00e1me nejmodern\u011bj\u0161\u00ed tiskov\u00e9 technologie, abychom zajistili z\u00e1\u0159iv\u00e9 a dlouhotrvaj\u00edc\u00ed barvy, kter\u00e9 nevyblednou. Voliteln\u00e9 dopl\u0148ky zahrnuj\u00ed st\u011bny, bannery, vlajky a ta\u0161ky \u2013 v\u0161e pln\u011b na m\u00edru.<\/p>\n<p>Na\u0161e zna\u010dkov\u00e9 stany s baldach\u00fdnem jsou ide\u00e1ln\u00ed pro firmy, \u0161koly, neziskov\u00e9 organizace a organiz\u00e1tory akc\u00ed a pomohou v\u00e1m vytvo\u0159it nezapomenuteln\u00fd prvn\u00ed dojem.<\/p>\n<p>Nechte svou zna\u010dku zaz\u00e1\u0159it \u2013 kontaktujte n\u00e1s je\u0161t\u011b dnes a z\u00edskejte cenovou nab\u00eddku nebo bezplatnou maketu.<\/p>\n<div style=\"width: 960px;\" class=\"wp-video\"><!--[if lt IE 9]><script>document.createElement('video');<\/script><![endif]--><br \/>\n<video class=\"wp-video-shortcode\" id=\"video-2668-1\" width=\"960\" height=\"544\" preload=\"metadata\" controls=\"controls\"><source type=\"video\/mp4\" src=\"https:\/\/cmykprinted.com\/wp-content\/uploads\/2024\/04\/digicel-tents.mp4?_=1\" \/><a href=\"https:\/\/cmykprinted.com\/wp-content\/uploads\/2024\/04\/digicel-tents.mp4\">https:\/\/cmykprinted.com\/wp-content\/uploads\/2024\/04\/digicel-tents.mp4<\/a><\/video><\/div>","protected":false},"featured_media":2677,"template":"","meta":{"_kad_post_transparent":"default","_kad_post_title":"hide","_kad_post_layout":"normal","_kad_post_sidebar_id":"","_kad_post_content_style":"unboxed","_kad_post_vertical_padding":"hide","_kad_post_feature":"hide","_kad_post_feature_position":"","_kad_post_header":false,"_kad_post_footer":false},"product_cat":[68,76,74],"product_tag":[605,604,606],"class_list":{"0":"post-2668","1":"product","2":"type-product","3":"status-publish","4":"has-post-thumbnail","6":"product_cat-custom-canopy-tents","7":"product_cat-10x15ft-pop-up-tents-50mm-heavy-duty-hexagon-aluminum-tents-custom-canopy-tents","8":"product_cat-50mm-heavy-duty-hexagon-aluminum-tents","9":"product_tag-custom-canopy-tents-with-logo","10":"product_tag-custom-made-canopy-tents","11":"product_tag-custom-printed-canopy-tents","13":"first","14":"instock","15":"shipping-taxable","16":"product-type-simple","17":"entry","18":"content-bg","19":"loop-entry"},"_links":{"self":[{"href":"https:\/\/cmykprinted.com\/cs\/wp-json\/wp\/v2\/product\/2668","targetHints":{"allow":["GET"]}}],"collection":[{"href":"https:\/\/cmykprinted.com\/cs\/wp-json\/wp\/v2\/product"}],"about":[{"href":"https:\/\/cmykprinted.com\/cs\/wp-json\/wp\/v2\/types\/product"}],"version-history":[{"count":1,"href":"https:\/\/cmykprinted.com\/cs\/wp-json\/wp\/v2\/product\/2668\/revisions"}],"predecessor-version":[{"id":2671,"href":"https:\/\/cmykprinted.com\/cs\/wp-json\/wp\/v2\/product\/2668\/revisions\/2671"}],"wp:featuredmedia":[{"embeddable":true,"href":"https:\/\/cmykprinted.com\/cs\/wp-json\/wp\/v2\/media\/2677"}],"wp:attachment":[{"href":"https:\/\/cmykprinted.com\/cs\/wp-json\/wp\/v2\/media?parent=2668"}],"wp:term":[{"taxonomy":"product_cat","embeddable":true,"href":"https:\/\/cmykprinted.com\/cs\/wp-json\/wp\/v2\/product_cat?post=2668"},{"taxonomy":"product_tag","embeddable":true,"href":"https:\/\/cmykprinted.com\/cs\/wp-json\/wp\/v2\/product_tag?post=2668"}],"curies":[{"name":"wp","href":"https:\/\/api.w.org\/{rel}","templated":true}]}}