{"id":2678,"date":"2025-06-09T08:44:00","date_gmt":"2025-06-09T08:44:00","guid":{"rendered":"https:\/\/cmykprinted.com\/?post_type=product&#038;p=2678"},"modified":"2025-06-09T08:44:00","modified_gmt":"2025-06-09T08:44:00","slug":"outdoor-marketing-flags-supplier-best-price-with-48-hours-turnaround","status":"publish","type":"product","link":"https:\/\/cmykprinted.com\/cs\/produkt\/dodavatel-venkovnich-reklamnich-vlajek-nejlepsi-cena-s-dodanim-do-48-hodin\/","title":{"rendered":"Dodavatel venkovn\u00edch marketingov\u00fdch vlajek za nejlep\u0161\u00ed cenu s dodac\u00ed lh\u016ftou 48 hodin"},"content":{"rendered":"","protected":false},"excerpt":{"rendered":"<p>V usp\u011bchan\u00e9m sv\u011bt\u011b reklamy je upout\u00e1n\u00ed pozornosti v\u0161\u00edm. A\u0165 u\u017e propagujete slavnostn\u00ed otev\u0159en\u00ed, oznamujete v\u00fdprodej, \u00fa\u010dastn\u00edte se veletrhu nebo se prost\u011b sna\u017e\u00edte vyniknout na ru\u0161n\u00e9 ulici, venkovn\u00ed marketingov\u00e9 vlajky z pe\u0159\u00ed na m\u00edru se staly nezbytn\u00fdm a \u00fa\u010dinn\u00fdm propaga\u010dn\u00edm n\u00e1strojem pro firmy v\u0161ech velikost\u00ed. Tyto poutav\u00e9 bannery vlaj\u00ed ve v\u011btru, vytv\u00e1\u0159ej\u00ed dynamick\u00fd pohyb a viditelnost a zaji\u0161\u0165uj\u00ed, \u017ee va\u0161e sd\u011blen\u00ed bude vid\u011bt \u2013 hlasit\u011b a jasn\u011b.<\/p>\n<p>V t\u00e9to p\u0159\u00edru\u010dce prozkoum\u00e1me v\u0161e, co pot\u0159ebujete v\u011bd\u011bt o vlajk\u00e1ch z pe\u0159\u00ed pro venkovn\u00ed marketing: co to je, pro\u010d funguj\u00ed, jak je efektivn\u011b navrhnout a kde a kdy je pou\u017e\u00edt.<\/p>\n<p>Venkovn\u00ed vlajky z pe\u0159\u00ed na m\u00edru jsou chytr\u00fdm, stylov\u00fdm a \u0161k\u00e1lovateln\u00fdm \u0159e\u0161en\u00edm pro modern\u00ed market\u00e9ry. Jejich kombinace pohybu, v\u00fd\u0161ky, barvy a cenov\u00e9 dostupnosti z nich d\u011bl\u00e1 jeden z nej\u00fa\u010dinn\u011bj\u0161\u00edch reklamn\u00edch n\u00e1stroj\u016f, kter\u00e9 jsou dnes k dispozici. A\u0165 u\u017e pot\u0159ebujete jednu vlajku pro v\u00edkendov\u00fd v\u00fdprodej, nebo celou \u0159adu vlajek pro rozs\u00e1hlou kampa\u0148, investice do vlajek z pe\u0159\u00ed na m\u00edru je osv\u011bd\u010denou strategi\u00ed, jak p\u0159it\u00e1hnout pozornost \u2013 a prom\u011bnit n\u00e1v\u0161t\u011bvn\u00edky v z\u00e1kazn\u00edky.<\/p>\n<p>Se spr\u00e1vn\u00fdm designem, kvalitn\u00edmi materi\u00e1ly a strategick\u00fdm um\u00edst\u011bn\u00edm bude va\u0161e p\u00e9\u0159ov\u00e1 vlajka pro va\u0161i firmu tvrd\u011b slou\u017eit \u2013 za ka\u017ed\u00e9ho po\u010das\u00ed, den za dnem.<\/p>\n<p>&nbsp;<\/p>","protected":false},"featured_media":2679,"template":"","meta":{"_kad_post_transparent":"default","_kad_post_title":"hide","_kad_post_layout":"fullwidth","_kad_post_sidebar_id":"","_kad_post_content_style":"unboxed","_kad_post_vertical_padding":"hide","_kad_post_feature":"hide","_kad_post_feature_position":"","_kad_post_header":false,"_kad_post_footer":false},"product_cat":[64,65],"product_tag":[609,610,607,608],"class_list":{"0":"post-2678","1":"product","2":"type-product","3":"status-publish","4":"has-post-thumbnail","6":"product_cat-beach-flags","7":"product_cat-feather-flags-banners","8":"product_tag-outdoor-flags","9":"product_tag-outdoor-flags-with-best-price","10":"product_tag-outdoor-marketing-flags","11":"product_tag-outdoor-marketing-flags-supplier","13":"first","14":"instock","15":"shipping-taxable","16":"product-type-simple","17":"entry","18":"content-bg","19":"loop-entry"},"_links":{"self":[{"href":"https:\/\/cmykprinted.com\/cs\/wp-json\/wp\/v2\/product\/2678","targetHints":{"allow":["GET"]}}],"collection":[{"href":"https:\/\/cmykprinted.com\/cs\/wp-json\/wp\/v2\/product"}],"about":[{"href":"https:\/\/cmykprinted.com\/cs\/wp-json\/wp\/v2\/types\/product"}],"version-history":[{"count":1,"href":"https:\/\/cmykprinted.com\/cs\/wp-json\/wp\/v2\/product\/2678\/revisions"}],"predecessor-version":[{"id":2684,"href":"https:\/\/cmykprinted.com\/cs\/wp-json\/wp\/v2\/product\/2678\/revisions\/2684"}],"wp:featuredmedia":[{"embeddable":true,"href":"https:\/\/cmykprinted.com\/cs\/wp-json\/wp\/v2\/media\/2679"}],"wp:attachment":[{"href":"https:\/\/cmykprinted.com\/cs\/wp-json\/wp\/v2\/media?parent=2678"}],"wp:term":[{"taxonomy":"product_cat","embeddable":true,"href":"https:\/\/cmykprinted.com\/cs\/wp-json\/wp\/v2\/product_cat?post=2678"},{"taxonomy":"product_tag","embeddable":true,"href":"https:\/\/cmykprinted.com\/cs\/wp-json\/wp\/v2\/product_tag?post=2678"}],"curies":[{"name":"wp","href":"https:\/\/api.w.org\/{rel}","templated":true}]}}