{"id":2686,"date":"2025-06-14T12:05:03","date_gmt":"2025-06-14T12:05:03","guid":{"rendered":"https:\/\/cmykprinted.com\/?post_type=product&#038;p=2686"},"modified":"2025-06-14T12:58:32","modified_gmt":"2025-06-14T12:58:32","slug":"factory-with-best-quality-custom-canopy-tent-10x15","status":"publish","type":"product","link":"https:\/\/cmykprinted.com\/cs\/produkt\/tovarna-s-nejlepsi-kvalitou-zakazkovy-stan-10x15\/","title":{"rendered":"Tov\u00e1rna s nejkvalitn\u011bj\u0161\u00edm zak\u00e1zkov\u00fdm st\u0159\u00ed\u0161kan\u00fdm stanem 10\u00d715"},"content":{"rendered":"","protected":false},"excerpt":{"rendered":"<p>Hled\u00e1te perfektn\u00ed venkovn\u00ed \u0159e\u0161en\u00ed, kter\u00e9 zv\u00fd\u0161\u00ed viditelnost va\u0161\u00ed zna\u010dky? Na\u0161e zak\u00e1zkov\u00e9 stany s baldach\u00fdnem o rozm\u011brech 10\u00d715 jsou vyrobeny v na\u0161\u00ed profesion\u00e1ln\u00ed tov\u00e1rn\u011b z nejkvalitn\u011bj\u0161\u00edch materi\u00e1l\u016f a s precizn\u00edm zpracov\u00e1n\u00edm. A\u0165 u\u017e prezentujete svou firmu na veletrhu, venkovn\u00edm trhu, festivalu, sportovn\u00ed akci nebo propaga\u010dn\u00ed akci, tento stan nab\u00edz\u00ed bezkonkuren\u010dn\u00ed odolnost, funk\u010dnost a styl.<\/p>\n<p>Na\u0161e st\u0159\u00ed\u0161ky jsou vyrobeny z odoln\u00e9ho polyesteru 600D s vod\u011bodoln\u00fdmi, UV odoln\u00fdmi a neho\u0159lav\u00fdmi vlastnostmi a jsou navr\u017eeny tak, aby odolaly v\u0161em pov\u011btrnostn\u00edm podm\u00ednk\u00e1m. Robustn\u00ed hlin\u00edkov\u00e9 nebo ocelov\u00e9 r\u00e1my poskytuj\u00ed dlouhodobou oporu a snadno se instaluj\u00ed b\u011bhem n\u011bkolika minut. P\u0159izp\u016fsobte si ka\u017ed\u00fd detail \u2013 p\u0159idejte sv\u00e9 logo v pln\u00e9 barv\u011b, sd\u011blen\u00ed zna\u010dky nebo p\u016fsobiv\u00e9 vizu\u00e1ly pomoc\u00ed pokro\u010dil\u00e9ho sublima\u010dn\u00edho tisku, kter\u00fd zaji\u0161\u0165uje z\u00e1\u0159iv\u00e9 a neblednouc\u00ed v\u00fdsledky.<\/p>\n<p>D\u00edky cen\u00e1m p\u0159\u00edmo od v\u00fdrobce, rychl\u00fdm dodac\u00edm lh\u016ft\u00e1m a celosv\u011btov\u00e9 doprav\u011b nez\u00edsk\u00e1te jen stan \u2013 z\u00edsk\u00e1te vysoce viditeln\u00fd marketingov\u00fd n\u00e1stroj, kter\u00fd je navr\u017een tak, aby fungoval. Vynikn\u011bte v davu s na\u0161\u00edm nejkvalitn\u011bj\u0161\u00edm stanem s baldach\u00fdnem na m\u00edru o rozm\u011brech 10\u00d715.<\/p>","protected":false},"featured_media":2690,"template":"","meta":{"_kad_post_transparent":"default","_kad_post_title":"hide","_kad_post_layout":"normal","_kad_post_sidebar_id":"","_kad_post_content_style":"unboxed","_kad_post_vertical_padding":"hide","_kad_post_feature":"hide","_kad_post_feature_position":"","_kad_post_header":false,"_kad_post_footer":false},"product_cat":[68,76,74],"product_tag":[612,613,611],"class_list":{"0":"post-2686","1":"product","2":"type-product","3":"status-publish","4":"has-post-thumbnail","6":"product_cat-custom-canopy-tents","7":"product_cat-10x15ft-pop-up-tents-50mm-heavy-duty-hexagon-aluminum-tents-custom-canopy-tents","8":"product_cat-50mm-heavy-duty-hexagon-aluminum-tents","9":"product_tag-best-quality-custom-canopy-tent","10":"product_tag-canopy-tent-10x15","11":"product_tag-custom-canopy-tent-10x15","13":"first","14":"instock","15":"shipping-taxable","16":"product-type-simple","17":"entry","18":"content-bg","19":"loop-entry"},"_links":{"self":[{"href":"https:\/\/cmykprinted.com\/cs\/wp-json\/wp\/v2\/product\/2686","targetHints":{"allow":["GET"]}}],"collection":[{"href":"https:\/\/cmykprinted.com\/cs\/wp-json\/wp\/v2\/product"}],"about":[{"href":"https:\/\/cmykprinted.com\/cs\/wp-json\/wp\/v2\/types\/product"}],"version-history":[{"count":1,"href":"https:\/\/cmykprinted.com\/cs\/wp-json\/wp\/v2\/product\/2686\/revisions"}],"predecessor-version":[{"id":2688,"href":"https:\/\/cmykprinted.com\/cs\/wp-json\/wp\/v2\/product\/2686\/revisions\/2688"}],"wp:featuredmedia":[{"embeddable":true,"href":"https:\/\/cmykprinted.com\/cs\/wp-json\/wp\/v2\/media\/2690"}],"wp:attachment":[{"href":"https:\/\/cmykprinted.com\/cs\/wp-json\/wp\/v2\/media?parent=2686"}],"wp:term":[{"taxonomy":"product_cat","embeddable":true,"href":"https:\/\/cmykprinted.com\/cs\/wp-json\/wp\/v2\/product_cat?post=2686"},{"taxonomy":"product_tag","embeddable":true,"href":"https:\/\/cmykprinted.com\/cs\/wp-json\/wp\/v2\/product_tag?post=2686"}],"curies":[{"name":"wp","href":"https:\/\/api.w.org\/{rel}","templated":true}]}}