{"id":2705,"date":"2025-06-18T08:15:16","date_gmt":"2025-06-18T08:15:16","guid":{"rendered":"https:\/\/cmykprinted.com\/?post_type=product&#038;p=2705"},"modified":"2025-06-23T02:43:20","modified_gmt":"2025-06-23T02:43:20","slug":"3d-metal-transfer-stickers","status":"publish","type":"product","link":"https:\/\/cmykprinted.com\/cs\/produkt\/vlastni-3d-kovove-prenosove-nalepky-s-vasim-vlastnim-umenim\/","title":{"rendered":"Vlastn\u00ed-3D-kovov\u00e9-p\u0159enosov\u00e9-n\u00e1lepky-s-va\u0161\u00edm-vlastn\u00edm-um\u011bn\u00edm"},"content":{"rendered":"","protected":false},"excerpt":{"rendered":"<p>Nechte svou zna\u010dku vyniknout s vlastn\u00edmi 3D kovov\u00fdmi samolepkami na transfer \u2013 navr\u017een\u00fdmi v\u00e1mi, vyroben\u00fdmi pro ohromen\u00ed<\/p>\n<p>Dodejte sv\u00fdm produkt\u016fm, obal\u016fm nebo propaga\u010dn\u00edm p\u0159edm\u011bt\u016fm pr\u00e9miov\u00fd a poutav\u00fd vzhled s vlastn\u00edmi 3D kovov\u00fdmi samolepkami s va\u0161\u00edm vlastn\u00edm grafick\u00fdm n\u00e1vrhem. Tyto elegantn\u00ed kovov\u00e9 embl\u00e9my nab\u00edzej\u00ed luxusn\u00ed a profesion\u00e1ln\u00ed vzhled, kter\u00fd okam\u017eit\u011b pozvedne va\u0161i zna\u010dku. A\u0165 u\u017e je aplikujete na notebooky, elektroniku, automobilov\u00e9 d\u00edly nebo maloobchodn\u00ed zbo\u017e\u00ed, tyto kovov\u00e9 samolepky vytv\u00e1\u0159ej\u00ed v\u00fdrazn\u00e9 prohl\u00e1\u0161en\u00ed o kvalit\u011b a designu.<\/p>\n<p>Na\u0161e 3D samolepky jsou vyrobeny z odoln\u00fdch a pov\u011btrnostn\u00edm vliv\u016fm odoln\u00fdch materi\u00e1l\u016f, jako je chrom, kart\u00e1\u010dovan\u00fd hlin\u00edk nebo nerezov\u00e1 ocel, a proto nejsou jen pro vzhled \u2013 jsou vyrobeny tak, aby vydr\u017eely. Ka\u017ed\u00fd kus je precizn\u011b vy\u0159ezan\u00fd a je dod\u00e1v\u00e1n se siln\u00fdm lepidlem a snadno odlupovatelnou p\u0159enosovou f\u00f3li\u00ed, co\u017e zaji\u0161\u0165uje aplikaci bez bublin a nepo\u0159\u00e1dku poka\u017ed\u00e9.<\/p>\n<p>\u017d\u00e1dn\u00e1 minim\u00e1ln\u00ed objedn\u00e1vka. Rychl\u00e9 dod\u00e1n\u00ed. Bezplatn\u00e9 digit\u00e1ln\u00ed makety. Ode\u0161lete sv\u00e9 logo nebo vlastn\u00ed n\u00e1vrh je\u0161t\u011b dnes a prom\u011b\u0148te svou kreativn\u00ed vizi v p\u016fsobivou metalickou realitu.<\/p>\n<div style=\"width: 726px;\" class=\"wp-video\"><!--[if lt IE 9]><script>document.createElement('video');<\/script><![endif]--><br \/>\n<video class=\"wp-video-shortcode\" id=\"video-2705-1\" width=\"726\" height=\"720\" preload=\"metadata\" controls=\"controls\"><source type=\"video\/mp4\" src=\"https:\/\/cmykprinted.com\/wp-content\/uploads\/2025\/06\/3d-Metal-Transfer-Stickers.mp4?_=1\" \/><a href=\"https:\/\/cmykprinted.com\/wp-content\/uploads\/2025\/06\/3d-Metal-Transfer-Stickers.mp4\">https:\/\/cmykprinted.com\/wp-content\/uploads\/2025\/06\/3d-Metal-Transfer-Stickers.mp4<\/a><\/video><\/div>","protected":false},"featured_media":2711,"template":"","meta":{"_kad_post_transparent":"default","_kad_post_title":"hide","_kad_post_layout":"fullwidth","_kad_post_sidebar_id":"","_kad_post_content_style":"unboxed","_kad_post_vertical_padding":"hide","_kad_post_feature":"hide","_kad_post_feature_position":"","_kad_post_header":false,"_kad_post_footer":false},"product_cat":[101,102],"product_tag":[299,618,617,616],"class_list":{"0":"post-2705","1":"product","2":"type-product","3":"status-publish","4":"has-post-thumbnail","6":"product_cat-transfer-stickers","7":"product_cat-metal-transfer-stickers","8":"product_tag-3d-metal-transfer-stickers","9":"product_tag-custom-3d-metal-transfer-stickers","10":"product_tag-metallic-transfer-sticker","11":"product_tag-transfer-sticker","13":"first","14":"instock","15":"shipping-taxable","16":"product-type-simple","17":"entry","18":"content-bg","19":"loop-entry"},"_links":{"self":[{"href":"https:\/\/cmykprinted.com\/cs\/wp-json\/wp\/v2\/product\/2705","targetHints":{"allow":["GET"]}}],"collection":[{"href":"https:\/\/cmykprinted.com\/cs\/wp-json\/wp\/v2\/product"}],"about":[{"href":"https:\/\/cmykprinted.com\/cs\/wp-json\/wp\/v2\/types\/product"}],"version-history":[{"count":1,"href":"https:\/\/cmykprinted.com\/cs\/wp-json\/wp\/v2\/product\/2705\/revisions"}],"predecessor-version":[{"id":2714,"href":"https:\/\/cmykprinted.com\/cs\/wp-json\/wp\/v2\/product\/2705\/revisions\/2714"}],"wp:featuredmedia":[{"embeddable":true,"href":"https:\/\/cmykprinted.com\/cs\/wp-json\/wp\/v2\/media\/2711"}],"wp:attachment":[{"href":"https:\/\/cmykprinted.com\/cs\/wp-json\/wp\/v2\/media?parent=2705"}],"wp:term":[{"taxonomy":"product_cat","embeddable":true,"href":"https:\/\/cmykprinted.com\/cs\/wp-json\/wp\/v2\/product_cat?post=2705"},{"taxonomy":"product_tag","embeddable":true,"href":"https:\/\/cmykprinted.com\/cs\/wp-json\/wp\/v2\/product_tag?post=2705"}],"curies":[{"name":"wp","href":"https:\/\/api.w.org\/{rel}","templated":true}]}}