{"id":2716,"date":"2025-06-23T02:33:41","date_gmt":"2025-06-23T02:33:41","guid":{"rendered":"https:\/\/cmykprinted.com\/?post_type=product&#038;p=2716"},"modified":"2025-06-23T02:33:41","modified_gmt":"2025-06-23T02:33:41","slug":"logo-transfer-stickers","status":"publish","type":"product","link":"https:\/\/cmykprinted.com\/cs\/produkt\/samolepky-s-prenosem-loga\/","title":{"rendered":"Samolepky s logem na m\u00edru z kovov\u00e9ho niklu vyroben\u00e9 v \u010c\u00edn\u011b"},"content":{"rendered":"","protected":false},"excerpt":{"rendered":"<p>Chcete, aby va\u0161e zna\u010dka vynikla elegantn\u00edm a luxusn\u00edm povrchem? Na\u0161e samolepky s logem z kovu a niklu na zak\u00e1zku jsou perfektn\u00edm \u0159e\u0161en\u00edm pro firmy, kter\u00e9 po\u017eaduj\u00ed kvalitu, odolnost a vizu\u00e1ln\u00ed efekt. Tyto samolepky, vyroben\u00e9 v \u010c\u00edn\u011b pomoc\u00ed pokro\u010dil\u00e9 technologie galvanick\u00e9ho tvarov\u00e1n\u00ed, se vyzna\u010duj\u00ed ultratenk\u00fdm a lehk\u00fdm niklov\u00fdm materi\u00e1lem s \u00fa\u017easn\u00fdm kovov\u00fdm povrchem \u2013 k dispozici ve st\u0159\u00edbrn\u00e9, zlat\u00e9, matn\u00e9, leskl\u00e9 nebo kart\u00e1\u010dovan\u00e9 textu\u0159e.<\/p>\n<p>Tyto samolepky na p\u0159enosn\u00e9 materi\u00e1ly jsou ide\u00e1ln\u00ed pro notebooky, elektroniku, obaly, spot\u0159ebi\u010de, reklamn\u00ed p\u0159edm\u011bty, lahvi\u010dky na kosmetiku, lahvi\u010dky na parf\u00e9my, krabi\u010dky na sv\u00ed\u010dky a dal\u0161\u00ed. D\u00edky siln\u00e9mu lepidlu se snadno aplikuj\u00ed a nezanech\u00e1vaj\u00ed \u017e\u00e1dn\u00e9 zbytky. Ka\u017ed\u00e9 logo je vy\u0159ez\u00e1no na m\u00edru s ostr\u00fdmi detaily, co\u017e zaji\u0161\u0165uje \u010dist\u00fd a profesion\u00e1ln\u00ed vzhled na jak\u00e9mkoli hladk\u00e9m povrchu.<\/p>\n<p>Minim\u00e1ln\u00ed mno\u017estv\u00ed objedn\u00e1vky je n\u00edzk\u00e9, k dispozici jsou mno\u017estevn\u00ed slevy a rychl\u00e9 mezin\u00e1rodn\u00ed dod\u00e1n\u00ed zaji\u0161\u0165uje v\u010dasn\u00e9 dod\u00e1n\u00ed. A\u0165 u\u017e jste startup nebo zaveden\u00e1 zna\u010dka, vyberte si kvalitu vyrobenou v \u010c\u00edn\u011b, kter\u00e9 m\u016f\u017eete d\u016fv\u011b\u0159ovat \u2013 vyt\u0159\u00edbenou, cenov\u011b dostupnou a vyrobenou tak, aby ohromila.<\/p>\n<div style=\"width: 726px;\" class=\"wp-video\"><!--[if lt IE 9]><script>document.createElement('video');<\/script><![endif]--><br \/>\n<video class=\"wp-video-shortcode\" id=\"video-2716-1\" width=\"726\" height=\"720\" preload=\"metadata\" controls=\"controls\"><source type=\"video\/mp4\" src=\"https:\/\/cmykprinted.com\/wp-content\/uploads\/2025\/06\/3d-Metal-Transfer-Stickers.mp4?_=1\" \/><a href=\"https:\/\/cmykprinted.com\/wp-content\/uploads\/2025\/06\/3d-Metal-Transfer-Stickers.mp4\">https:\/\/cmykprinted.com\/wp-content\/uploads\/2025\/06\/3d-Metal-Transfer-Stickers.mp4<\/a><\/video><\/div>","protected":false},"featured_media":2717,"template":"","meta":{"_kad_post_transparent":"default","_kad_post_title":"hide","_kad_post_layout":"fullwidth","_kad_post_sidebar_id":"","_kad_post_content_style":"unboxed","_kad_post_vertical_padding":"hide","_kad_post_feature":"hide","_kad_post_feature_position":"","_kad_post_header":false,"_kad_post_footer":false},"product_cat":[101,102],"product_tag":[620,619,621],"class_list":{"0":"post-2716","1":"product","2":"type-product","3":"status-publish","4":"has-post-thumbnail","6":"product_cat-transfer-stickers","7":"product_cat-metal-transfer-stickers","8":"product_tag-custom-logo-transfer-stickers","9":"product_tag-logo-transfer-stickers","10":"product_tag-metal-nickle-logo-transfer-stickers","12":"first","13":"instock","14":"shipping-taxable","15":"product-type-simple","16":"entry","17":"content-bg","18":"loop-entry"},"_links":{"self":[{"href":"https:\/\/cmykprinted.com\/cs\/wp-json\/wp\/v2\/product\/2716","targetHints":{"allow":["GET"]}}],"collection":[{"href":"https:\/\/cmykprinted.com\/cs\/wp-json\/wp\/v2\/product"}],"about":[{"href":"https:\/\/cmykprinted.com\/cs\/wp-json\/wp\/v2\/types\/product"}],"version-history":[{"count":1,"href":"https:\/\/cmykprinted.com\/cs\/wp-json\/wp\/v2\/product\/2716\/revisions"}],"predecessor-version":[{"id":2722,"href":"https:\/\/cmykprinted.com\/cs\/wp-json\/wp\/v2\/product\/2716\/revisions\/2722"}],"wp:featuredmedia":[{"embeddable":true,"href":"https:\/\/cmykprinted.com\/cs\/wp-json\/wp\/v2\/media\/2717"}],"wp:attachment":[{"href":"https:\/\/cmykprinted.com\/cs\/wp-json\/wp\/v2\/media?parent=2716"}],"wp:term":[{"taxonomy":"product_cat","embeddable":true,"href":"https:\/\/cmykprinted.com\/cs\/wp-json\/wp\/v2\/product_cat?post=2716"},{"taxonomy":"product_tag","embeddable":true,"href":"https:\/\/cmykprinted.com\/cs\/wp-json\/wp\/v2\/product_tag?post=2716"}],"curies":[{"name":"wp","href":"https:\/\/api.w.org\/{rel}","templated":true}]}}