{"id":2723,"date":"2025-06-27T03:53:26","date_gmt":"2025-06-27T03:53:26","guid":{"rendered":"https:\/\/cmykprinted.com\/?post_type=product&#038;p=2723"},"modified":"2025-06-27T06:33:48","modified_gmt":"2025-06-27T06:33:48","slug":"custom-made-football-flags","status":"publish","type":"product","link":"https:\/\/cmykprinted.com\/cs\/produkt\/zakazkove-fotbalove-vlajky\/","title":{"rendered":"Velkoform\u00e1tov\u00e9 fotbalov\u00e9 vlajky na zak\u00e1zku s n\u00edzkou cenou"},"content":{"rendered":"","protected":false},"excerpt":{"rendered":"<p>Chcete ve velk\u00e9m stylu uk\u00e1zat svou fotbalovou hrdost? Na\u0161e velkoform\u00e1tov\u00e9 fotbalov\u00e9 vlajky na m\u00edru jsou perfektn\u00edm \u0159e\u0161en\u00edm pro v\u00e1\u0161niv\u00e9 fanou\u0161ky, kluby nebo organiz\u00e1tory akc\u00ed, kte\u0159\u00ed cht\u011bj\u00ed ud\u011blat siln\u00fd dojem. Tyto bannery jsou vyrobeny z prvot\u0159\u00eddn\u00ed a odoln\u00e9 polyesterov\u00e9 tkaniny, odol\u00e1vaj\u00ed venkovn\u00edm vliv\u016fm a z\u016fstanou z\u00e1\u0159iv\u00e9 sez\u00f3nu co sez\u00f3nu.<\/p>\n<p>Nab\u00edz\u00edme kompletn\u00ed \u00fapravy \u2013 vyberte si barvy sv\u00e9ho t\u00fdmu, loga, slogany a jak\u00fdkoli jedine\u010dn\u00fd design a vytvo\u0159te si vlajky, kter\u00e9 skute\u010dn\u011b odr\u00e1\u017eej\u00ed va\u0161eho fotbalov\u00e9ho ducha. A\u0165 u\u017e zdob\u00edte stadiony, fanz\u00f3ny, sportovn\u00ed bary nebo venkovn\u00ed akce, n\u00e1\u0161 tisk s vysok\u00fdm rozli\u0161en\u00edm zaru\u010d\u00ed ostrou grafiku a poutav\u00e9 barvy, kter\u00e9 vy\u010dn\u00edvaj\u00ed z davu.<\/p>\n<p>Navzdory jejich p\u016fsobiv\u00e9 velikosti a kvalit\u011b garantujeme vysoce konkurenceschopn\u00e9 ceny, kter\u00e9 vyhov\u00ed v\u0161em rozpo\u010dt\u016fm, tak\u017ee je nyn\u00ed snaz\u0161\u00ed ne\u017e kdy d\u0159\u00edve objedn\u00e1vat ve velk\u00e9m pro turnaje, ligy nebo propaga\u010dn\u00ed kampan\u011b. Rychl\u00e9 dod\u00e1n\u00ed a celosv\u011btov\u00e1 doprava znamenaj\u00ed, \u017ee sv\u00e9 bannery dostanete v\u010das, a\u0165 jste kdekoli.<\/p>\n<p>Nespokojte se s oby\u010dejnost\u00ed. Uka\u017ete v\u00e1\u0161e\u0148 sv\u00e9ho t\u00fdmu nahlas a hrd\u011b s na\u0161imi velkoform\u00e1tov\u00fdmi fotbalov\u00fdmi sportovn\u00edmi vlajkami na zak\u00e1zku \u2013 pr\u00e9miov\u00e1 kvalita za pr\u00e9miovou cenu!<\/p>\n<div style=\"width: 854px;\" class=\"wp-video\"><!--[if lt IE 9]><script>document.createElement('video');<\/script><![endif]--><br \/>\n<video class=\"wp-video-shortcode\" id=\"video-2723-1\" width=\"854\" height=\"480\" preload=\"metadata\" controls=\"controls\"><source type=\"video\/mp4\" src=\"https:\/\/cmykprinted.com\/wp-content\/uploads\/2025\/06\/Large-Flag-Banner-for-Football-Events.mp4?_=1\" \/><a href=\"https:\/\/cmykprinted.com\/wp-content\/uploads\/2025\/06\/Large-Flag-Banner-for-Football-Events.mp4\">https:\/\/cmykprinted.com\/wp-content\/uploads\/2025\/06\/Large-Flag-Banner-for-Football-Events.mp4<\/a><\/video><\/div>","protected":false},"featured_media":2724,"template":"","meta":{"_kad_post_transparent":"default","_kad_post_title":"hide","_kad_post_layout":"fullwidth","_kad_post_sidebar_id":"","_kad_post_content_style":"unboxed","_kad_post_vertical_padding":"hide","_kad_post_feature":"hide","_kad_post_feature_position":"","_kad_post_header":false,"_kad_post_footer":false},"product_cat":[79],"product_tag":[625,622,626,624,623],"class_list":{"0":"post-2723","1":"product","2":"type-product","3":"status-publish","4":"has-post-thumbnail","6":"product_cat-custom-flags","7":"product_tag-custom-football-flags","8":"product_tag-custom-made-football-flags","9":"product_tag-custom-made-sports-flags","10":"product_tag-large-size-flags","11":"product_tag-sports-flags-banners","13":"first","14":"instock","15":"shipping-taxable","16":"product-type-simple","17":"entry","18":"content-bg","19":"loop-entry"},"_links":{"self":[{"href":"https:\/\/cmykprinted.com\/cs\/wp-json\/wp\/v2\/product\/2723","targetHints":{"allow":["GET"]}}],"collection":[{"href":"https:\/\/cmykprinted.com\/cs\/wp-json\/wp\/v2\/product"}],"about":[{"href":"https:\/\/cmykprinted.com\/cs\/wp-json\/wp\/v2\/types\/product"}],"version-history":[{"count":5,"href":"https:\/\/cmykprinted.com\/cs\/wp-json\/wp\/v2\/product\/2723\/revisions"}],"predecessor-version":[{"id":2743,"href":"https:\/\/cmykprinted.com\/cs\/wp-json\/wp\/v2\/product\/2723\/revisions\/2743"}],"wp:featuredmedia":[{"embeddable":true,"href":"https:\/\/cmykprinted.com\/cs\/wp-json\/wp\/v2\/media\/2724"}],"wp:attachment":[{"href":"https:\/\/cmykprinted.com\/cs\/wp-json\/wp\/v2\/media?parent=2723"}],"wp:term":[{"taxonomy":"product_cat","embeddable":true,"href":"https:\/\/cmykprinted.com\/cs\/wp-json\/wp\/v2\/product_cat?post=2723"},{"taxonomy":"product_tag","embeddable":true,"href":"https:\/\/cmykprinted.com\/cs\/wp-json\/wp\/v2\/product_tag?post=2723"}],"curies":[{"name":"wp","href":"https:\/\/api.w.org\/{rel}","templated":true}]}}