{"id":2738,"date":"2025-06-27T06:28:32","date_gmt":"2025-06-27T06:28:32","guid":{"rendered":"https:\/\/cmykprinted.com\/?post_type=product&#038;p=2738"},"modified":"2025-06-27T06:28:33","modified_gmt":"2025-06-27T06:28:33","slug":"business-flags","status":"publish","type":"product","link":"https:\/\/cmykprinted.com\/cs\/produkt\/obchodni-vlajky\/","title":{"rendered":"Vlastn\u00ed firemn\u00ed vlajky ve tvaru slzy s dod\u00e1n\u00edm do 24 hodin"},"content":{"rendered":"","protected":false},"excerpt":{"rendered":"<p><strong>Okam\u017eit\u011b vynikn\u011bte s firemn\u00edmi vlajkami ve tvaru slzy na m\u00edru \u2013 doru\u010den\u00ed za pouh\u00fdch 24 hodin!<\/strong><\/p>\n<p>Chcete, aby va\u0161e firma rychle upoutala pozornost? Na\u0161e firemn\u00ed vlajky ve tvaru slzy na m\u00edru jsou perfektn\u00edm a p\u016fsobiv\u00fdm \u0159e\u0161en\u00edm pro prezentaci va\u0161\u00ed zna\u010dky, propaga\u010dn\u00edch akc\u00ed nebo ud\u00e1lost\u00ed. Tyto vlajky, navr\u017een\u00e9 pro maxim\u00e1ln\u00ed viditelnost, se vyzna\u010duj\u00ed elegantn\u00edm, modern\u00edm tvarem, kter\u00fd kr\u00e1sn\u011b vlaje a p\u0159itahuje pohledy ze v\u0161ech stran.<\/p>\n<p>Nab\u00edz\u00edme plnobarevn\u00fd tisk s vysok\u00fdm rozli\u0161en\u00edm na pr\u00e9miovou polyesterovou tkaninu, co\u017e zaru\u010duje, \u017ee va\u0161e loga, slogany a grafika budou vypadat \u017eiv\u011b a profesion\u00e1ln\u011b. D\u00edky \u0161irok\u00e9 nab\u00eddce velikost\u00ed si m\u016f\u017eete vybrat perfektn\u00ed v\u00fd\u0161ku a \u0161\u00ed\u0159ku, kter\u00e1 se hod\u00ed do va\u0161\u00ed prodejny, veletr\u017en\u00edho st\u00e1nku, venkovn\u00ed akce nebo vystaven\u00ed na ulici.<\/p>\n<p>A co je nejlep\u0161\u00ed, nab\u00edz\u00edme bezkonkuren\u010dn\u00ed 24hodinov\u00fd servis, tak\u017ee m\u016f\u017eete dodr\u017eet kr\u00e1tk\u00e9 term\u00edny bez kompromis\u016f v kvalit\u011b. Od schv\u00e1len\u00ed n\u00e1vrhu a\u017e po v\u00fdrobu, n\u00e1\u0161 zjednodu\u0161en\u00fd proces zaji\u0161\u0165uje rychl\u00e9 dod\u00e1n\u00ed va\u0161ich vlajek a pom\u00e1h\u00e1 v\u00e1m vyu\u017e\u00edt p\u0159\u00edle\u017eitost\u00ed bez prodlen\u00ed.<\/p>\n<p>D\u00edky dostupn\u00fdm cen\u00e1m, odoln\u00fdm materi\u00e1l\u016fm a snadn\u00e9 mont\u00e1\u017ei jsou na\u0161e firemn\u00ed vlajky s kapkovit\u00fdmi motivy na zak\u00e1zku dokonal\u00fdm marketingov\u00fdm n\u00e1strojem pro ka\u017edou firmu, kter\u00e1 je p\u0159ipravena ud\u011blat odv\u00e1\u017en\u00fd dojem \u2013 a to rychle!<\/p>\n<div style=\"width: 1290px;\" class=\"wp-video\"><!--[if lt IE 9]><script>document.createElement('video');<\/script><![endif]--><br \/>\n<video class=\"wp-video-shortcode\" id=\"video-2738-1\" width=\"1290\" height=\"726\" poster=\"https:\/\/cmykprinted.com\/wp-content\/uploads\/2023\/10\/Wholesale-Teardrop-Flags-1026002.jpg\" preload=\"metadata\" controls=\"controls\"><source type=\"video\/mp4\" src=\"https:\/\/cmykprinted.com\/wp-content\/uploads\/2023\/10\/Wholesale-Teardrop-Flags.mp4?_=1\" \/><a href=\"https:\/\/cmykprinted.com\/wp-content\/uploads\/2023\/10\/Wholesale-Teardrop-Flags.mp4\">https:\/\/cmykprinted.com\/wp-content\/uploads\/2023\/10\/Wholesale-Teardrop-Flags.mp4<\/a><\/video><\/div>","protected":false},"featured_media":2741,"template":"","meta":{"_kad_post_transparent":"default","_kad_post_title":"hide","_kad_post_layout":"fullwidth","_kad_post_sidebar_id":"","_kad_post_content_style":"unboxed","_kad_post_vertical_padding":"hide","_kad_post_feature":"hide","_kad_post_feature_position":"","_kad_post_header":false,"_kad_post_footer":false},"product_cat":[64,67],"product_tag":[627,629,628],"class_list":{"0":"post-2738","1":"product","2":"type-product","3":"status-publish","4":"has-post-thumbnail","6":"product_cat-beach-flags","7":"product_cat-teardrop-flags-banners","8":"product_tag-business-flags","9":"product_tag-custom-business-flags","10":"product_tag-teardrop-business-flags","12":"first","13":"instock","14":"shipping-taxable","15":"product-type-simple","16":"entry","17":"content-bg","18":"loop-entry"},"_links":{"self":[{"href":"https:\/\/cmykprinted.com\/cs\/wp-json\/wp\/v2\/product\/2738","targetHints":{"allow":["GET"]}}],"collection":[{"href":"https:\/\/cmykprinted.com\/cs\/wp-json\/wp\/v2\/product"}],"about":[{"href":"https:\/\/cmykprinted.com\/cs\/wp-json\/wp\/v2\/types\/product"}],"version-history":[{"count":1,"href":"https:\/\/cmykprinted.com\/cs\/wp-json\/wp\/v2\/product\/2738\/revisions"}],"predecessor-version":[{"id":2742,"href":"https:\/\/cmykprinted.com\/cs\/wp-json\/wp\/v2\/product\/2738\/revisions\/2742"}],"wp:featuredmedia":[{"embeddable":true,"href":"https:\/\/cmykprinted.com\/cs\/wp-json\/wp\/v2\/media\/2741"}],"wp:attachment":[{"href":"https:\/\/cmykprinted.com\/cs\/wp-json\/wp\/v2\/media?parent=2738"}],"wp:term":[{"taxonomy":"product_cat","embeddable":true,"href":"https:\/\/cmykprinted.com\/cs\/wp-json\/wp\/v2\/product_cat?post=2738"},{"taxonomy":"product_tag","embeddable":true,"href":"https:\/\/cmykprinted.com\/cs\/wp-json\/wp\/v2\/product_tag?post=2738"}],"curies":[{"name":"wp","href":"https:\/\/api.w.org\/{rel}","templated":true}]}}