{"id":2745,"date":"2025-07-01T12:15:17","date_gmt":"2025-07-01T12:15:17","guid":{"rendered":"https:\/\/cmykprinted.com\/?post_type=product&#038;p=2745"},"modified":"2025-07-01T12:35:43","modified_gmt":"2025-07-01T12:35:43","slug":"display-signs-for-trade-shows","status":"publish","type":"product","link":"https:\/\/cmykprinted.com\/cs\/produkt\/vystavni-tabule-na-veletrhy\/","title":{"rendered":"Reklamn\u00ed textiln\u00ed cedule pro veletrhy s dodac\u00ed lh\u016ftou 48 hodin"},"content":{"rendered":"","protected":false},"excerpt":{"rendered":"<p>Nechte svou zna\u010dku vyniknout na veletrz\u00edch s na\u0161imi textiln\u00edmi cedulemi na m\u00edru, kter\u00e9 jsou vyrobeny tak, aby poskytovaly z\u00e1\u0159iv\u00fd vizu\u00e1ln\u00ed dojem a profesion\u00e1ln\u00ed efekt. Tyto cedule, vyroben\u00e9 v na\u0161em modern\u00edm v\u00fdrobn\u00edm z\u00e1vod\u011b, se vyzna\u010duj\u00ed sublima\u010dn\u00edm tiskem s vysok\u00fdm rozli\u0161en\u00edm na pr\u00e9miov\u00e9 l\u00e1tky, jako je polyester s gram\u00e1\u017e\u00ed 250 g\/m\u00b2, co\u017e zaji\u0161\u0165uje z\u00e1\u0159iv\u00e9 barvy a odolnost proti ma\u010dk\u00e1n\u00ed.<\/p>\n<p>Od zak\u00e1zkov\u00fdch l\u00e1tkov\u00fdch cedul\u00ed pro veletrhy a\u017e po z\u00e1v\u011bsn\u00e9 bannery a stoln\u00ed displeje nab\u00edz\u00edme \u0161irokou \u0161k\u00e1lu p\u0159izp\u016fsobiteln\u00fdch velikost\u00ed a tvar\u016f, kter\u00e9 se hod\u00ed k designu va\u0161eho st\u00e1nku. Na\u0161e l\u00e1tkov\u00e9 cedule jsou lehk\u00e9 a snadno sestaviteln\u00e9, tak\u017ee se snadno a rychle pou\u017eij\u00ed pro instalaci a p\u0159epravu, co\u017e v\u00e1m u\u0161et\u0159\u00ed \u010das a \u00fasil\u00ed b\u011bhem ru\u0161n\u00fdch akc\u00ed.<\/p>\n<p>Vyu\u017eijte skute\u010dn\u00e9 ceny p\u0159\u00edmo z v\u00fdroby bez kompromis\u016f v kvalit\u011b. A\u0165 u\u017e pot\u0159ebujete jeden stojan nebo hromadnou v\u00fdrobu, garantujeme konkurenceschopn\u00e9 ceny, rychl\u00e9 dodac\u00ed lh\u016fty a celosv\u011btovou dopravu. Propagujte svou zna\u010dku pomoc\u00ed l\u00e1tkov\u00fdch stojan\u016f na m\u00edru, kter\u00e9 p\u0159it\u00e1hnou pozornost a zanechaj\u00ed trval\u00fd dojem na ka\u017ed\u00e9m veletrhu!<\/p>\n<div style=\"width: 720px;\" class=\"wp-video\"><!--[if lt IE 9]><script>document.createElement('video');<\/script><![endif]--><br \/>\n<video class=\"wp-video-shortcode\" id=\"video-2745-1\" width=\"720\" height=\"1280\" preload=\"metadata\" controls=\"controls\"><source type=\"video\/mp4\" src=\"https:\/\/cmykprinted.com\/wp-content\/uploads\/2025\/07\/Instruction-Installation-Custom-Pillowcase-Backdrop.mp4?_=1\" \/><a href=\"https:\/\/cmykprinted.com\/wp-content\/uploads\/2025\/07\/Instruction-Installation-Custom-Pillowcase-Backdrop.mp4\">https:\/\/cmykprinted.com\/wp-content\/uploads\/2025\/07\/Instruction-Installation-Custom-Pillowcase-Backdrop.mp4<\/a><\/video><\/div>\n<p>&nbsp;<\/p>","protected":false},"featured_media":2751,"template":"","meta":{"_kad_post_transparent":"default","_kad_post_title":"hide","_kad_post_layout":"fullwidth","_kad_post_sidebar_id":"","_kad_post_content_style":"unboxed","_kad_post_vertical_padding":"hide","_kad_post_feature":"hide","_kad_post_feature_position":"","_kad_post_header":false,"_kad_post_footer":false},"product_cat":[97,99],"product_tag":[632,630,631],"class_list":{"0":"post-2745","1":"product","2":"type-product","3":"status-publish","4":"has-post-thumbnail","6":"product_cat-tension-fabric-displays","7":"product_cat-custom-fabric-displays","8":"product_tag-custom-fabric-display-signs","9":"product_tag-display-signs-for-trade-shows","10":"product_tag-fabric-display-signs","12":"first","13":"instock","14":"shipping-taxable","15":"product-type-simple","16":"entry","17":"content-bg","18":"loop-entry"},"_links":{"self":[{"href":"https:\/\/cmykprinted.com\/cs\/wp-json\/wp\/v2\/product\/2745","targetHints":{"allow":["GET"]}}],"collection":[{"href":"https:\/\/cmykprinted.com\/cs\/wp-json\/wp\/v2\/product"}],"about":[{"href":"https:\/\/cmykprinted.com\/cs\/wp-json\/wp\/v2\/types\/product"}],"version-history":[{"count":1,"href":"https:\/\/cmykprinted.com\/cs\/wp-json\/wp\/v2\/product\/2745\/revisions"}],"predecessor-version":[{"id":2756,"href":"https:\/\/cmykprinted.com\/cs\/wp-json\/wp\/v2\/product\/2745\/revisions\/2756"}],"wp:featuredmedia":[{"embeddable":true,"href":"https:\/\/cmykprinted.com\/cs\/wp-json\/wp\/v2\/media\/2751"}],"wp:attachment":[{"href":"https:\/\/cmykprinted.com\/cs\/wp-json\/wp\/v2\/media?parent=2745"}],"wp:term":[{"taxonomy":"product_cat","embeddable":true,"href":"https:\/\/cmykprinted.com\/cs\/wp-json\/wp\/v2\/product_cat?post=2745"},{"taxonomy":"product_tag","embeddable":true,"href":"https:\/\/cmykprinted.com\/cs\/wp-json\/wp\/v2\/product_tag?post=2745"}],"curies":[{"name":"wp","href":"https:\/\/api.w.org\/{rel}","templated":true}]}}