{"id":2758,"date":"2025-07-02T03:30:52","date_gmt":"2025-07-02T03:30:52","guid":{"rendered":"https:\/\/cmykprinted.com\/?post_type=product&#038;p=2758"},"modified":"2025-07-02T03:30:52","modified_gmt":"2025-07-02T03:30:52","slug":"waterproof-transfer-stickers","status":"publish","type":"product","link":"https:\/\/cmykprinted.com\/cs\/produkt\/vodeodolne-transferove-samolepky\/","title":{"rendered":"Samolepic\u00ed vodot\u011bsn\u00e9 p\u0159enosn\u00e9 samolepky s logem pro kosmetiku, parf\u00e9my, sklen\u011bn\u00e9 lahve"},"content":{"rendered":"","protected":false},"excerpt":{"rendered":"<p>Pozdvihn\u011bte kvalitu sv\u00fdch kosmetick\u00fdch a parf\u00e9mov\u00fdch obal\u016f pomoc\u00ed vodot\u011bsn\u00fdch transferov\u00fdch samolepek s logem na m\u00edru, kter\u00e9 jsou navr\u017eeny tak, aby bezchybn\u011b p\u0159ilnuly ke sklen\u011bn\u00fdm lahv\u00edm a elegantn\u00edm povrch\u016fm. Tyto samolepky jsou vyrobeny z vysoce kvalitn\u00edch materi\u00e1l\u016f a maj\u00ed siln\u00fd lepic\u00ed podklad, kter\u00fd zaji\u0161\u0165uje bezpe\u010dn\u00e9 uchycen\u00ed i ve vlhk\u00e9m prost\u0159ed\u00ed. Vod\u011bodoln\u00e9 a olejot\u011bsn\u00e9 vlastnosti zachov\u00e1vaj\u00ed lesk va\u0161eho loga, ani\u017e by se \u010dasem odlupovalo nebo bledlo. Jsou ide\u00e1ln\u00ed pro branding kosmetiky, parf\u00e9m\u016f, esenci\u00e1ln\u00edch olej\u016f nebo luxusn\u00edch sklen\u011bn\u00fdch n\u00e1dob a dod\u00e1vaj\u00ed jim profesion\u00e1ln\u00ed a elegantn\u00ed vzhled. Na\u0161e pokro\u010dil\u00e1 technologie tisku zaru\u010duje z\u00e1\u0159iv\u00e9 barvy, ostr\u00e9 detaily a hladk\u00fd povrch, kter\u00fd bezprobl\u00e9mov\u011b spl\u00fdv\u00e1 s povrchem lahve a dod\u00e1v\u00e1 jim luxusn\u00ed vzhled bez nutnosti etiketov\u00e1n\u00ed. Tyto snadno aplikovateln\u00e9 a vysoce odoln\u00e9 transferov\u00e9 samolepky poskytuj\u00ed trval\u00fd dojem zna\u010dky, zvy\u0161uj\u00ed vizu\u00e1ln\u00ed atraktivitu va\u0161ich produkt\u016f a nech\u00e1vaj\u00ed je vyniknout v reg\u00e1lech. P\u0159izp\u016fsobte si tvary, velikosti a povrchov\u00e9 \u00fapravy tak, aby odr\u00e1\u017eely jedine\u010dnou identitu va\u0161\u00ed zna\u010dky.<\/p>\n<div style=\"width: 1280px;\" class=\"wp-video\"><!--[if lt IE 9]><script>document.createElement('video');<\/script><![endif]--><br \/>\n<video class=\"wp-video-shortcode\" id=\"video-2758-1\" width=\"1280\" height=\"720\" preload=\"metadata\" controls=\"controls\"><source type=\"video\/mp4\" src=\"https:\/\/cmykprinted.com\/wp-content\/uploads\/2025\/07\/Waterproof-Transfer-Stickers.mp4?_=1\" \/><a href=\"https:\/\/cmykprinted.com\/wp-content\/uploads\/2025\/07\/Waterproof-Transfer-Stickers.mp4\">https:\/\/cmykprinted.com\/wp-content\/uploads\/2025\/07\/Waterproof-Transfer-Stickers.mp4<\/a><\/video><\/div>","protected":false},"featured_media":2762,"template":"","meta":{"_kad_post_transparent":"default","_kad_post_title":"hide","_kad_post_layout":"fullwidth","_kad_post_sidebar_id":"","_kad_post_content_style":"unboxed","_kad_post_vertical_padding":"hide","_kad_post_feature":"hide","_kad_post_feature_position":"","_kad_post_header":false,"_kad_post_footer":false},"product_cat":[101,102],"product_tag":[636,635,634,633],"class_list":{"0":"post-2758","1":"product","2":"type-product","3":"status-publish","4":"has-post-thumbnail","6":"product_cat-transfer-stickers","7":"product_cat-metal-transfer-stickers","8":"product_tag-transfer-stickers-for-cosmetics-bottle","9":"product_tag-transfer-stickers-for-glass-bottle","10":"product_tag-transfer-stickers-for-perfume-bottle","11":"product_tag-waterproof-transfer-stickers","13":"first","14":"instock","15":"shipping-taxable","16":"product-type-simple","17":"entry","18":"content-bg","19":"loop-entry"},"_links":{"self":[{"href":"https:\/\/cmykprinted.com\/cs\/wp-json\/wp\/v2\/product\/2758","targetHints":{"allow":["GET"]}}],"collection":[{"href":"https:\/\/cmykprinted.com\/cs\/wp-json\/wp\/v2\/product"}],"about":[{"href":"https:\/\/cmykprinted.com\/cs\/wp-json\/wp\/v2\/types\/product"}],"version-history":[{"count":1,"href":"https:\/\/cmykprinted.com\/cs\/wp-json\/wp\/v2\/product\/2758\/revisions"}],"predecessor-version":[{"id":2766,"href":"https:\/\/cmykprinted.com\/cs\/wp-json\/wp\/v2\/product\/2758\/revisions\/2766"}],"wp:featuredmedia":[{"embeddable":true,"href":"https:\/\/cmykprinted.com\/cs\/wp-json\/wp\/v2\/media\/2762"}],"wp:attachment":[{"href":"https:\/\/cmykprinted.com\/cs\/wp-json\/wp\/v2\/media?parent=2758"}],"wp:term":[{"taxonomy":"product_cat","embeddable":true,"href":"https:\/\/cmykprinted.com\/cs\/wp-json\/wp\/v2\/product_cat?post=2758"},{"taxonomy":"product_tag","embeddable":true,"href":"https:\/\/cmykprinted.com\/cs\/wp-json\/wp\/v2\/product_tag?post=2758"}],"curies":[{"name":"wp","href":"https:\/\/api.w.org\/{rel}","templated":true}]}}