{"id":2767,"date":"2025-07-03T07:12:11","date_gmt":"2025-07-03T07:12:11","guid":{"rendered":"https:\/\/cmykprinted.com\/?post_type=product&#038;p=2767"},"modified":"2025-07-03T07:55:11","modified_gmt":"2025-07-03T07:55:11","slug":"banner-with-velcro","status":"publish","type":"product","link":"https:\/\/cmykprinted.com\/cs\/produkt\/banner-s-suchym-zipem\/","title":{"rendered":"Vlastn\u00ed banner s pozad\u00edm a such\u00fdm zipem - o 30 % ni\u017e\u0161\u00ed cena"},"content":{"rendered":"","protected":false},"excerpt":{"rendered":"<p>Vytvo\u0159te poutav\u00fd dojem s na\u0161\u00edm bannerem na pozad\u00ed s praktick\u00fdm upevn\u011bn\u00edm na such\u00fd zip! Tento banner na pozad\u00ed se such\u00fdm zipem, navr\u017een\u00fd pro snadn\u00e9 a v\u0161estrann\u00e9 pou\u017eit\u00ed, je ide\u00e1ln\u00ed pro veletrhy, fotobudky, tiskov\u00e9 konference, maloobchodn\u00ed prostory a speci\u00e1ln\u00ed akce. Je vyroben z vysoce kvalitn\u00ed a odoln\u00e9 l\u00e1tky nebo vinylu a nab\u00edz\u00ed z\u00e1\u0159iv\u00fd barevn\u00fd potisk, kter\u00fd prezentuje va\u0161i zna\u010dku, sd\u011blen\u00ed nebo um\u011bleck\u00e9 d\u00edlo v \u00fa\u017easn\u00fdch detailech.<\/p>\n<p>Such\u00e9 zipy pod\u00e9l okraj\u016f zaji\u0161\u0165uj\u00ed rychlou instalaci a bezprobl\u00e9mov\u00e9 zarovn\u00e1n\u00ed s r\u00e1my nebo stojany, co\u017e v\u00e1m umo\u017e\u0148uje snadno a bez pou\u017eit\u00ed n\u00e1\u0159ad\u00ed m\u011bnit grafiku. Na\u0161e bannerov\u00e9 pozad\u00ed na m\u00edru, kter\u00e9 je k dispozici v r\u016fzn\u00fdch velikostech, se hod\u00ed do va\u0161eho prostoru. Je lehk\u00e9, p\u0159enosn\u00e9 a snadno se p\u0159epravuje. A\u0165 u\u017e jej pou\u017e\u00edv\u00e1te uvnit\u0159 nebo venku, zachov\u00e1v\u00e1 si sv\u00e9 \u017eiv\u00e9 barvy a ostr\u00fd vizu\u00e1ln\u00ed efekt. Ud\u011blejte profesion\u00e1ln\u00ed dojem a pozvedn\u011bte sv\u016fj marketing s \u0159e\u0161en\u00edm pozad\u00ed, kter\u00e9 je praktick\u00e9 i vizu\u00e1ln\u011b p\u016fsobiv\u00e9. Prom\u011b\u0148te svou vizi ve skute\u010dnost s na\u0161\u00edm bannerov\u00fdm pozad\u00edm na m\u00edru se such\u00fdm zipem je\u0161t\u011b dnes!<\/p>\n<div style=\"width: 1290px;\" class=\"wp-video\"><!--[if lt IE 9]><script>document.createElement('video');<\/script><![endif]--><br \/>\n<video class=\"wp-video-shortcode\" id=\"video-2767-1\" width=\"1290\" height=\"726\" loop autoplay preload=\"auto\" controls=\"controls\"><source type=\"video\/mp4\" src=\"http:\/\/cmykprinted.com\/wp-content\/uploads\/2022\/12\/vinyl-PVC-banners.mp4?_=1\" \/><a href=\"http:\/\/cmykprinted.com\/wp-content\/uploads\/2022\/12\/vinyl-PVC-banners.mp4\">http:\/\/cmykprinted.com\/wp-content\/uploads\/2022\/12\/vinyl-PVC-banners.mp4<\/a><\/video><\/div>\n<p>&nbsp;<\/p>","protected":false},"featured_media":2772,"template":"","meta":{"_kad_post_transparent":"default","_kad_post_title":"hide","_kad_post_layout":"fullwidth","_kad_post_sidebar_id":"","_kad_post_content_style":"unboxed","_kad_post_vertical_padding":"hide","_kad_post_feature":"hide","_kad_post_feature_position":"","_kad_post_header":false,"_kad_post_footer":false},"product_cat":[85,90,91,89],"product_tag":[637,638],"class_list":{"0":"post-2767","1":"product","2":"type-product","3":"status-publish","4":"has-post-thumbnail","6":"product_cat-outdoor-vinyl-banners","7":"product_cat-glossy-pvc-banners","8":"product_cat-matte-vinyl-banners","9":"product_cat-pvc-banners","10":"product_tag-banner-with-velcro","11":"product_tag-custom-backdrop-banner","13":"first","14":"instock","15":"shipping-taxable","16":"product-type-simple","17":"entry","18":"content-bg","19":"loop-entry"},"_links":{"self":[{"href":"https:\/\/cmykprinted.com\/cs\/wp-json\/wp\/v2\/product\/2767","targetHints":{"allow":["GET"]}}],"collection":[{"href":"https:\/\/cmykprinted.com\/cs\/wp-json\/wp\/v2\/product"}],"about":[{"href":"https:\/\/cmykprinted.com\/cs\/wp-json\/wp\/v2\/types\/product"}],"version-history":[{"count":1,"href":"https:\/\/cmykprinted.com\/cs\/wp-json\/wp\/v2\/product\/2767\/revisions"}],"predecessor-version":[{"id":2775,"href":"https:\/\/cmykprinted.com\/cs\/wp-json\/wp\/v2\/product\/2767\/revisions\/2775"}],"wp:featuredmedia":[{"embeddable":true,"href":"https:\/\/cmykprinted.com\/cs\/wp-json\/wp\/v2\/media\/2772"}],"wp:attachment":[{"href":"https:\/\/cmykprinted.com\/cs\/wp-json\/wp\/v2\/media?parent=2767"}],"wp:term":[{"taxonomy":"product_cat","embeddable":true,"href":"https:\/\/cmykprinted.com\/cs\/wp-json\/wp\/v2\/product_cat?post=2767"},{"taxonomy":"product_tag","embeddable":true,"href":"https:\/\/cmykprinted.com\/cs\/wp-json\/wp\/v2\/product_tag?post=2767"}],"curies":[{"name":"wp","href":"https:\/\/api.w.org\/{rel}","templated":true}]}}