{"id":2784,"date":"2025-07-07T02:32:54","date_gmt":"2025-07-07T02:32:54","guid":{"rendered":"https:\/\/cmykprinted.com\/?post_type=product&#038;p=2784"},"modified":"2025-07-07T02:35:29","modified_gmt":"2025-07-07T02:35:29","slug":"street-light-pole-banner","status":"publish","type":"product","link":"https:\/\/cmykprinted.com\/cs\/produkt\/banner-na-sloup-ulice-osvetleni\/","title":{"rendered":"Levn\u00fd pouli\u010dn\u00ed lampov\u00fd sloup s dr\u017e\u00e1ky"},"content":{"rendered":"","protected":false},"excerpt":{"rendered":"<p>Hled\u00e1te cenov\u011b dostupn\u00fd a z\u00e1rove\u0148 p\u016fsobiv\u00fd zp\u016fsob, jak prezentovat svou zna\u010dku, propagovat akce nebo ozdobit m\u011bstsk\u00e9 ulice? Na\u0161e levn\u00e9 bannery na sloupy pouli\u010dn\u00edho osv\u011btlen\u00ed s dr\u017e\u00e1ky jsou perfektn\u00edm \u0159e\u0161en\u00edm.<\/p>\n<p>Tyto bannery jsou vyrobeny z odoln\u00fdch a pov\u011btrnostn\u00edm vliv\u016fm odoln\u00fdch materi\u00e1l\u016f, jako je odoln\u00fd vinyl nebo polyesterov\u00e1 tkanina, a zaji\u0161\u0165uj\u00ed z\u00e1\u0159iv\u00e9 a dlouhotrvaj\u00edc\u00ed tisky, kter\u00e9 odol\u00e1vaj\u00ed slunci, de\u0161ti i v\u011btru. Ka\u017ed\u00e1 sada je dod\u00e1v\u00e1na s robustn\u00edmi dr\u017e\u00e1ky pro bezpe\u010dnou a snadnou instalaci na sloupy r\u016fzn\u00fdch velikost\u00ed, co\u017e je \u010din\u00ed ide\u00e1ln\u00edmi pro ulice, parkovi\u0161t\u011b, kampusy, n\u00e1kupn\u00ed \u010dtvrti a dal\u0161\u00ed.<\/p>\n<p>Kl\u00ed\u010dov\u00e9 vlastnosti:<br \/>\n1. Cenov\u011b efektivn\u00ed marketing \u2013 Vysok\u00e1 viditelnost za dostupnou cenu.<\/p>\n<p>2. Vlastn\u00ed tisk \u2013 Plnobarevn\u00e1 grafika pro zv\u00fdrazn\u011bn\u00ed va\u0161\u00ed jedine\u010dn\u00e9 zpr\u00e1vy nebo zna\u010dky.<\/p>\n<p>3. Odoln\u00e9 materi\u00e1ly \u2013 Navr\u017eeny tak, aby odolaly venkovn\u00edm podm\u00ednk\u00e1m a byly vhodn\u00e9 pro del\u0161\u00ed pou\u017e\u00edv\u00e1n\u00ed.<\/p>\n<p>4. Snadn\u00e1 instalace \u2013 Sou\u010d\u00e1st\u00ed balen\u00ed jsou spolehliv\u00e9 konzole pro rychlou mont\u00e1\u017e.<\/p>\n<p>5. V\u0161estrann\u00e9 pou\u017eit\u00ed \u2013 Ide\u00e1ln\u00ed pro sez\u00f3nn\u00ed propaga\u010dn\u00ed akce, festivaly, ob\u010dansk\u00e9 oslavy a firemn\u00ed reklamu.<\/p>\n<p>Nenechte se omezit rozpo\u010dtov\u00fdmi omezen\u00edmi. S na\u0161imi levn\u00fdmi bannery na sloupy pouli\u010dn\u00edho osv\u011btlen\u00ed s konzolami m\u016f\u017eete upoutat pozornost a zd\u016fraznit sv\u00e9 sd\u011blen\u00ed, ani\u017e byste utratili p\u0159\u00edli\u0161 mnoho pen\u011bz. Kontaktujte n\u00e1s je\u0161t\u011b dnes a z\u00edskejte nez\u00e1vazn\u00e9 velikosti, designy a nez\u00e1vaznou cenovou nab\u00eddku!<\/p>\n<figure id=\"attachment_2785\" aria-describedby=\"caption-attachment-2785\" style=\"width: 1000px\" class=\"wp-caption alignnone\"><img fetchpriority=\"high\" decoding=\"async\" class=\"size-full wp-image-2785\" src=\"https:\/\/cmykprinted.com\/wp-content\/uploads\/2025\/07\/Street-Light-Pole-Banner.jpg\" alt=\"Banner sloupu pouli\u010dn\u00edho osv\u011btlen\u00ed\" width=\"1000\" height=\"560\" srcset=\"https:\/\/cmykprinted.com\/wp-content\/uploads\/2025\/07\/Street-Light-Pole-Banner.jpg 1000w, https:\/\/cmykprinted.com\/wp-content\/uploads\/2025\/07\/Street-Light-Pole-Banner-300x168.jpg 300w, https:\/\/cmykprinted.com\/wp-content\/uploads\/2025\/07\/Street-Light-Pole-Banner-768x430.jpg 768w, https:\/\/cmykprinted.com\/wp-content\/uploads\/2025\/07\/Street-Light-Pole-Banner-18x10.jpg 18w, https:\/\/cmykprinted.com\/wp-content\/uploads\/2025\/07\/Street-Light-Pole-Banner-600x336.jpg 600w\" sizes=\"(max-width: 1000px) 100vw, 1000px\" \/><figcaption id=\"caption-attachment-2785\" class=\"wp-caption-text\">Banner sloupu pouli\u010dn\u00edho osv\u011btlen\u00ed<\/figcaption><\/figure>\n<p>&nbsp;<\/p>","protected":false},"featured_media":2786,"template":"","meta":{"_kad_post_transparent":"default","_kad_post_title":"hide","_kad_post_layout":"fullwidth","_kad_post_sidebar_id":"","_kad_post_content_style":"unboxed","_kad_post_vertical_padding":"hide","_kad_post_feature":"hide","_kad_post_feature_position":"","_kad_post_header":false,"_kad_post_footer":false},"product_cat":[85,90,91,89],"product_tag":[642,641],"class_list":{"0":"post-2784","1":"product","2":"type-product","3":"status-publish","4":"has-post-thumbnail","6":"product_cat-outdoor-vinyl-banners","7":"product_cat-glossy-pvc-banners","8":"product_cat-matte-vinyl-banners","9":"product_cat-pvc-banners","10":"product_tag-light-pole-banner-with-brackets","11":"product_tag-street-light-pole-banner","13":"first","14":"instock","15":"shipping-taxable","16":"product-type-simple","17":"entry","18":"content-bg","19":"loop-entry"},"_links":{"self":[{"href":"https:\/\/cmykprinted.com\/cs\/wp-json\/wp\/v2\/product\/2784","targetHints":{"allow":["GET"]}}],"collection":[{"href":"https:\/\/cmykprinted.com\/cs\/wp-json\/wp\/v2\/product"}],"about":[{"href":"https:\/\/cmykprinted.com\/cs\/wp-json\/wp\/v2\/types\/product"}],"version-history":[{"count":1,"href":"https:\/\/cmykprinted.com\/cs\/wp-json\/wp\/v2\/product\/2784\/revisions"}],"predecessor-version":[{"id":2789,"href":"https:\/\/cmykprinted.com\/cs\/wp-json\/wp\/v2\/product\/2784\/revisions\/2789"}],"wp:featuredmedia":[{"embeddable":true,"href":"https:\/\/cmykprinted.com\/cs\/wp-json\/wp\/v2\/media\/2786"}],"wp:attachment":[{"href":"https:\/\/cmykprinted.com\/cs\/wp-json\/wp\/v2\/media?parent=2784"}],"wp:term":[{"taxonomy":"product_cat","embeddable":true,"href":"https:\/\/cmykprinted.com\/cs\/wp-json\/wp\/v2\/product_cat?post=2784"},{"taxonomy":"product_tag","embeddable":true,"href":"https:\/\/cmykprinted.com\/cs\/wp-json\/wp\/v2\/product_tag?post=2784"}],"curies":[{"name":"wp","href":"https:\/\/api.w.org\/{rel}","templated":true}]}}