{"id":2799,"date":"2025-07-08T08:16:30","date_gmt":"2025-07-08T08:16:30","guid":{"rendered":"https:\/\/cmykprinted.com\/?post_type=product&#038;p=2799"},"modified":"2025-07-08T08:16:30","modified_gmt":"2025-07-08T08:16:30","slug":"custom-fabric-banners","status":"publish","type":"product","link":"https:\/\/cmykprinted.com\/cs\/produkt\/zakazkove-latkove-bannery\/","title":{"rendered":"L\u00e1tkov\u00e9 bannery na zak\u00e1zku pro veletrhy\/sport\/akce s 20% slevou"},"content":{"rendered":"","protected":false},"excerpt":{"rendered":"<p>S na\u0161imi pr\u00e9miov\u00fdmi l\u00e1tkov\u00fdmi bannery na m\u00edru zap\u016fsob\u00edte na veletrz\u00edch, sportovn\u00edch akc\u00edch nebo jak\u00e9koli jin\u00e9 zvl\u00e1\u0161tn\u00ed p\u0159\u00edle\u017eitosti. Tyto bannery jsou vyrobeny z vysoce kvalitn\u00edch a odoln\u00fdch materi\u00e1l\u016f a poskytuj\u00ed z\u00e1\u0159ivou a ostrou grafiku, kter\u00e1 upout\u00e1 ka\u017edou pozornost a zv\u00fd\u0161\u00ed viditelnost va\u0161\u00ed zna\u010dky. Jsou lehk\u00e9, ale z\u00e1rove\u0148 robustn\u00ed, snadno se p\u0159epravuj\u00ed, instaluj\u00ed a znovu pou\u017e\u00edvaj\u00ed, co\u017e v\u00e1m u\u0161et\u0159\u00ed \u010das i pen\u00edze.<\/p>\n<p>A\u0165 u\u017e prezentujete svou firmu na v\u00fdstav\u011b, fand\u00edte sv\u00e9mu t\u00fdmu nebo vytv\u00e1\u0159\u00edte \u00fa\u017easnou kulisu pro akci, na\u0161e l\u00e1tkov\u00e9 bannery nab\u00edzej\u00ed v\u0161estrann\u00e1 \u0159e\u0161en\u00ed p\u0159izp\u016fsoben\u00e1 va\u0161im jedine\u010dn\u00fdm pot\u0159eb\u00e1m. U\u017eijte si \u017eiv\u00e9 barvy d\u00edky pokro\u010dil\u00e9mu sublima\u010dn\u00edmu tisku, kter\u00fd zajist\u00ed, \u017ee va\u0161e sd\u011blen\u00ed z\u016fstane v\u00fdrazn\u00e9 a profesion\u00e1ln\u00ed.<\/p>\n<p>Nenechte si uj\u00edt na\u0161i \u010dasov\u011b omezenou nab\u00eddku: Z\u00edskejte je\u0161t\u011b dnes 20% slevu na textiln\u00ed bannery na m\u00edru a nechte svou zna\u010dku z\u00e1\u0159it jasn\u011bji ne\u017e kdy d\u0159\u00edve. Kontaktujte n\u00e1s a posu\u0148te svou prezentaci na vy\u0161\u0161\u00ed \u00farove\u0148 a odli\u0161te se od konkurence!<\/p>\n<div style=\"width: 854px;\" class=\"wp-video\"><!--[if lt IE 9]><script>document.createElement('video');<\/script><![endif]--><br \/>\n<video class=\"wp-video-shortcode\" id=\"video-2799-1\" width=\"854\" height=\"480\" preload=\"metadata\" controls=\"controls\"><source type=\"video\/mp4\" src=\"https:\/\/cmykprinted.com\/wp-content\/uploads\/2025\/06\/Large-Flag-Banner-for-Football-Events.mp4?_=1\" \/><a href=\"https:\/\/cmykprinted.com\/wp-content\/uploads\/2025\/06\/Large-Flag-Banner-for-Football-Events.mp4\">https:\/\/cmykprinted.com\/wp-content\/uploads\/2025\/06\/Large-Flag-Banner-for-Football-Events.mp4<\/a><\/video><\/div>","protected":false},"featured_media":2807,"template":"","meta":{"_kad_post_transparent":"default","_kad_post_title":"hide","_kad_post_layout":"fullwidth","_kad_post_sidebar_id":"","_kad_post_content_style":"unboxed","_kad_post_vertical_padding":"hide","_kad_post_feature":"hide","_kad_post_feature_position":"","_kad_post_header":false,"_kad_post_footer":false},"product_cat":[79],"product_tag":[646,408,648,647],"class_list":{"0":"post-2799","1":"product","2":"type-product","3":"status-publish","4":"has-post-thumbnail","6":"product_cat-custom-flags","7":"product_tag-custom-fabric-banners","8":"product_tag-fabric-banners","9":"product_tag-fabric-banners-for-events","10":"product_tag-fabric-banners-for-trade-show","12":"first","13":"instock","14":"shipping-taxable","15":"product-type-simple","16":"entry","17":"content-bg","18":"loop-entry"},"_links":{"self":[{"href":"https:\/\/cmykprinted.com\/cs\/wp-json\/wp\/v2\/product\/2799","targetHints":{"allow":["GET"]}}],"collection":[{"href":"https:\/\/cmykprinted.com\/cs\/wp-json\/wp\/v2\/product"}],"about":[{"href":"https:\/\/cmykprinted.com\/cs\/wp-json\/wp\/v2\/types\/product"}],"version-history":[{"count":1,"href":"https:\/\/cmykprinted.com\/cs\/wp-json\/wp\/v2\/product\/2799\/revisions"}],"predecessor-version":[{"id":2808,"href":"https:\/\/cmykprinted.com\/cs\/wp-json\/wp\/v2\/product\/2799\/revisions\/2808"}],"wp:featuredmedia":[{"embeddable":true,"href":"https:\/\/cmykprinted.com\/cs\/wp-json\/wp\/v2\/media\/2807"}],"wp:attachment":[{"href":"https:\/\/cmykprinted.com\/cs\/wp-json\/wp\/v2\/media?parent=2799"}],"wp:term":[{"taxonomy":"product_cat","embeddable":true,"href":"https:\/\/cmykprinted.com\/cs\/wp-json\/wp\/v2\/product_cat?post=2799"},{"taxonomy":"product_tag","embeddable":true,"href":"https:\/\/cmykprinted.com\/cs\/wp-json\/wp\/v2\/product_tag?post=2799"}],"curies":[{"name":"wp","href":"https:\/\/api.w.org\/{rel}","templated":true}]}}