{"id":2810,"date":"2025-07-10T09:30:52","date_gmt":"2025-07-10T09:30:52","guid":{"rendered":"https:\/\/cmykprinted.com\/?post_type=product&#038;p=2810"},"modified":"2025-07-10T09:30:52","modified_gmt":"2025-07-10T09:30:52","slug":"breakaway-banner-for-football","status":"publish","type":"product","link":"https:\/\/cmykprinted.com\/cs\/produkt\/prurazovy-banner-pro-fotbal\/","title":{"rendered":"Odtrh\u00e1vac\u00ed banner pro fotbal za konkurenceschopnou cenu"},"content":{"rendered":"","protected":false},"excerpt":{"rendered":"<p>Hled\u00e1te zp\u016fsob, jak do sv\u00fdch fotbalov\u00fdch z\u00e1pas\u016f vn\u00e9st bezkonkuren\u010dn\u00ed vzru\u0161en\u00ed a t\u00fdmov\u00e9ho ducha, ani\u017e byste museli p\u0159ekro\u010dit rozpo\u010det? N\u00e1\u0161 odtrh\u00e1vac\u00ed banner pro fotbal nab\u00edz\u00ed perfektn\u00ed \u0159e\u0161en\u00ed za konkurenceschopnou cenu. Tyto bannery, navr\u017een\u00e9 pro dramatick\u00e9 vstupy hr\u00e1\u010d\u016f, vytv\u00e1\u0159ej\u00ed strhuj\u00edc\u00ed pod\u00edvanou, kter\u00e1 nabije sportovce i fanou\u0161ky energi\u00ed.<\/p>\n<p>Vytvo\u0159te ohromuj\u00edc\u00ed momenty v den z\u00e1pasu<\/p>\n<p>Na\u0161e fotbalov\u00e9 bannery na rozehr\u00e1vky jsou vyrobeny z vysoce kvalitn\u00ed a odoln\u00e9 l\u00e1tky, kter\u00e1 vydr\u017e\u00ed opakovan\u00e9 pou\u017eit\u00ed, z\u00e1pas za z\u00e1pasem. Banner se skl\u00e1d\u00e1 ze dvou panel\u016f, kter\u00e9 se p\u0159ipev\u0148uj\u00ed such\u00fdm zipem, co\u017e hr\u00e1\u010d\u016fm umo\u017e\u0148uje prorazit st\u0159edem h\u0159i\u0161t\u011b a explozivn\u011b vstoupit na h\u0159i\u0161t\u011b. Je to nezapomenuteln\u00fd zp\u016fsob, jak uk\u00e1zat t\u00fdmovou hrdost a pobavit div\u00e1ky.<\/p>\n<p>Snadn\u00e9 nastaven\u00ed a op\u011btovn\u00e9 pou\u017eit\u00ed<\/p>\n<p>Ka\u017ed\u00fd odtrh\u00e1vac\u00ed banner na fotbal m\u00e1 na obou stran\u00e1ch kapsy pro uchycen\u00ed podp\u016frn\u00fdch ty\u010d\u00ed. Ty\u010de lze pro stabilitu ukotvit do zem\u011b, zat\u00edmco lana, kter\u00e1 dr\u017e\u00ed roztlesk\u00e1va\u010dky nebo person\u00e1l, udr\u017euj\u00ed horn\u00ed \u010d\u00e1st v bezpe\u010d\u00ed. Instalace je rychl\u00e1 a jednoduch\u00e1, tak\u017ee budete p\u0159ipraveni na v\u00fdkop b\u011bhem n\u011bkolika minut. Po z\u00e1pase jednodu\u0161e panely znovu p\u0159ipevn\u011bte a banner srolujte pro kompaktn\u00ed ulo\u017een\u00ed.<\/p>\n<p>\u017div\u00fd zak\u00e1zkov\u00fd tisk<\/p>\n<p>Nab\u00edz\u00edme plnobarevn\u00fd tisk ve vysok\u00e9m rozli\u0161en\u00ed, tak\u017ee si m\u016f\u017eete sv\u016fj banner p\u0159izp\u016fsobit logy t\u00fdm\u016f, n\u00e1zvy \u0161kol, maskoty, slogany nebo grafikou sponzor\u016f. \u017div\u00e9 potisky z\u016fst\u00e1vaj\u00ed jasn\u00e9 a poutav\u00e9 i po opakovan\u00e9m pou\u017eit\u00ed, co\u017e pom\u00e1h\u00e1 va\u0161emu t\u00fdmu na h\u0159i\u0161ti vyniknout.<\/p>\n<div style=\"width: 960px;\" class=\"wp-video\"><!--[if lt IE 9]><script>document.createElement('video');<\/script><![endif]--><br \/>\n<video class=\"wp-video-shortcode\" id=\"video-2810-1\" width=\"960\" height=\"540\" preload=\"metadata\" controls=\"controls\"><source type=\"video\/mp4\" src=\"https:\/\/cmykprinted.com\/wp-content\/uploads\/2025\/07\/Breakaway-Banners.mp4?_=1\" \/><a href=\"https:\/\/cmykprinted.com\/wp-content\/uploads\/2025\/07\/Breakaway-Banners.mp4\">https:\/\/cmykprinted.com\/wp-content\/uploads\/2025\/07\/Breakaway-Banners.mp4<\/a><\/video><\/div>","protected":false},"featured_media":2816,"template":"","meta":{"_kad_post_transparent":"default","_kad_post_title":"hide","_kad_post_layout":"fullwidth","_kad_post_sidebar_id":"","_kad_post_content_style":"unboxed","_kad_post_vertical_padding":"hide","_kad_post_feature":"hide","_kad_post_feature_position":"","_kad_post_header":false,"_kad_post_footer":false},"product_cat":[79],"product_tag":[650,649],"class_list":{"0":"post-2810","1":"product","2":"type-product","3":"status-publish","4":"has-post-thumbnail","6":"product_cat-custom-flags","7":"product_tag-breakaway-banner","8":"product_tag-breakaway-banner-for-football","10":"first","11":"instock","12":"shipping-taxable","13":"product-type-simple","14":"entry","15":"content-bg","16":"loop-entry"},"_links":{"self":[{"href":"https:\/\/cmykprinted.com\/cs\/wp-json\/wp\/v2\/product\/2810","targetHints":{"allow":["GET"]}}],"collection":[{"href":"https:\/\/cmykprinted.com\/cs\/wp-json\/wp\/v2\/product"}],"about":[{"href":"https:\/\/cmykprinted.com\/cs\/wp-json\/wp\/v2\/types\/product"}],"version-history":[{"count":1,"href":"https:\/\/cmykprinted.com\/cs\/wp-json\/wp\/v2\/product\/2810\/revisions"}],"predecessor-version":[{"id":2820,"href":"https:\/\/cmykprinted.com\/cs\/wp-json\/wp\/v2\/product\/2810\/revisions\/2820"}],"wp:featuredmedia":[{"embeddable":true,"href":"https:\/\/cmykprinted.com\/cs\/wp-json\/wp\/v2\/media\/2816"}],"wp:attachment":[{"href":"https:\/\/cmykprinted.com\/cs\/wp-json\/wp\/v2\/media?parent=2810"}],"wp:term":[{"taxonomy":"product_cat","embeddable":true,"href":"https:\/\/cmykprinted.com\/cs\/wp-json\/wp\/v2\/product_cat?post=2810"},{"taxonomy":"product_tag","embeddable":true,"href":"https:\/\/cmykprinted.com\/cs\/wp-json\/wp\/v2\/product_tag?post=2810"}],"curies":[{"name":"wp","href":"https:\/\/api.w.org\/{rel}","templated":true}]}}