{"id":2821,"date":"2025-07-16T07:13:11","date_gmt":"2025-07-16T07:13:11","guid":{"rendered":"https:\/\/cmykprinted.com\/?post_type=product&#038;p=2821"},"modified":"2025-07-16T07:13:11","modified_gmt":"2025-07-16T07:13:11","slug":"branded-backdrops","status":"publish","type":"product","link":"https:\/\/cmykprinted.com\/cs\/produkt\/znackove-pozadi\/","title":{"rendered":"Levn\u00e9 kulisy na m\u00edru pro sportovn\u00ed akce"},"content":{"rendered":"","protected":false},"excerpt":{"rendered":"<p>Zna\u010dkov\u00e1 pozad\u00ed na sportovn\u00ed akce jsou perfektn\u00edm \u0159e\u0161en\u00edm pro zv\u00fd\u0161en\u00ed viditelnosti va\u0161\u00ed zna\u010dky a vytvo\u0159en\u00ed profesion\u00e1ln\u00ed atmosf\u00e9ry na jak\u00e9mkoli sportovn\u00edm m\u00edst\u011b. Tato pozad\u00ed, vyroben\u00e1 z vysoce kvalitn\u00ed l\u00e1tky a poti\u0161t\u011bn\u00e1 sublima\u010dn\u00edm tiskem v pln\u00e9 barv\u011b, zobrazuj\u00ed loga, sponzory, n\u00e1zvy t\u00fdm\u016f a propaga\u010dn\u00ed sd\u011blen\u00ed s \u017eivou a jasnou viditelnost\u00ed.<\/p>\n<p>A\u0165 u\u017e se pou\u017e\u00edvaj\u00ed za p\u00f3dii, v prostor\u00e1ch pro tiskov\u00e9 konference, fotoz\u00f3n\u00e1ch nebo ve vstupn\u00edch prostor\u00e1ch, pom\u00e1haj\u00ed upoutat pozornost a poskytuj\u00ed ide\u00e1ln\u00ed prost\u0159ed\u00ed pro m\u00e9dia.<\/p>\n<p>Na\u0161e kulisy jsou k dispozici v r\u016fzn\u00fdch velikostech a lze je p\u0159izp\u016fsobit specifick\u00fdm pot\u0159eb\u00e1m va\u0161\u00ed akce. Jsou lehk\u00e9, p\u0159enosn\u00e9 a snadno se montuj\u00ed. Dod\u00e1vaj\u00ed se s hlin\u00edkov\u00fdmi r\u00e1my nebo nap\u00ednac\u00edmi l\u00e1tkami pro rychlou instalaci a povrchovou \u00fapravu bez vr\u00e1sek. Tyto zak\u00e1zkov\u00e9 dekorace jsou ide\u00e1ln\u00ed pro vnit\u0159n\u00ed i venkovn\u00ed sportovn\u00ed akce, jsou odoln\u00e9 a opakovan\u011b pou\u017eiteln\u00e9.<\/p>\n<p>Zvy\u0161te dopad sv\u00e9 zna\u010dky a vytvo\u0159te ucelenou vizu\u00e1ln\u00ed identitu s na\u0161imi kulisami pro sportovn\u00ed akce na m\u00edru.<\/p>\n<div style=\"width: 720px;\" class=\"wp-video\"><!--[if lt IE 9]><script>document.createElement('video');<\/script><![endif]--><br \/>\n<video class=\"wp-video-shortcode\" id=\"video-2821-1\" width=\"720\" height=\"1280\" preload=\"metadata\" controls=\"controls\"><source type=\"video\/mp4\" src=\"https:\/\/cmykprinted.com\/wp-content\/uploads\/2025\/07\/Branded-Backdrops.mp4?_=1\" \/><a href=\"https:\/\/cmykprinted.com\/wp-content\/uploads\/2025\/07\/Branded-Backdrops.mp4\">https:\/\/cmykprinted.com\/wp-content\/uploads\/2025\/07\/Branded-Backdrops.mp4<\/a><\/video><\/div>","protected":false},"featured_media":2825,"template":"","meta":{"_kad_post_transparent":"default","_kad_post_title":"hide","_kad_post_layout":"fullwidth","_kad_post_sidebar_id":"","_kad_post_content_style":"unboxed","_kad_post_vertical_padding":"hide","_kad_post_feature":"hide","_kad_post_feature_position":"","_kad_post_header":false,"_kad_post_footer":false},"product_cat":[97,100],"product_tag":[651,653,654,652],"class_list":{"0":"post-2821","1":"product","2":"type-product","3":"status-publish","4":"has-post-thumbnail","6":"product_cat-tension-fabric-displays","7":"product_cat-straight-tension-fabric-backdrop","8":"product_tag-branded-backdrops","9":"product_tag-branded-backdrops-for-sports-event","10":"product_tag-cheap-custom-branded-backdrops","11":"product_tag-custom-branded-backdrops","13":"first","14":"instock","15":"shipping-taxable","16":"product-type-simple","17":"entry","18":"content-bg","19":"loop-entry"},"_links":{"self":[{"href":"https:\/\/cmykprinted.com\/cs\/wp-json\/wp\/v2\/product\/2821","targetHints":{"allow":["GET"]}}],"collection":[{"href":"https:\/\/cmykprinted.com\/cs\/wp-json\/wp\/v2\/product"}],"about":[{"href":"https:\/\/cmykprinted.com\/cs\/wp-json\/wp\/v2\/types\/product"}],"version-history":[{"count":2,"href":"https:\/\/cmykprinted.com\/cs\/wp-json\/wp\/v2\/product\/2821\/revisions"}],"predecessor-version":[{"id":2829,"href":"https:\/\/cmykprinted.com\/cs\/wp-json\/wp\/v2\/product\/2821\/revisions\/2829"}],"wp:featuredmedia":[{"embeddable":true,"href":"https:\/\/cmykprinted.com\/cs\/wp-json\/wp\/v2\/media\/2825"}],"wp:attachment":[{"href":"https:\/\/cmykprinted.com\/cs\/wp-json\/wp\/v2\/media?parent=2821"}],"wp:term":[{"taxonomy":"product_cat","embeddable":true,"href":"https:\/\/cmykprinted.com\/cs\/wp-json\/wp\/v2\/product_cat?post=2821"},{"taxonomy":"product_tag","embeddable":true,"href":"https:\/\/cmykprinted.com\/cs\/wp-json\/wp\/v2\/product_tag?post=2821"}],"curies":[{"name":"wp","href":"https:\/\/api.w.org\/{rel}","templated":true}]}}