{"id":2856,"date":"2025-10-17T08:07:33","date_gmt":"2025-10-17T08:07:33","guid":{"rendered":"https:\/\/cmykprinted.com\/?post_type=product&#038;p=2856"},"modified":"2025-10-17T08:07:33","modified_gmt":"2025-10-17T08:07:33","slug":"ez-tube-display","status":"publish","type":"product","link":"https:\/\/cmykprinted.com\/cs\/produkt\/ez-trubka-displej\/","title":{"rendered":"Levn\u00e9 vlastn\u00ed EZ Tube Display Banner s rovn\u00fdm nap\u00edn\u00e1n\u00edm l\u00e1tky na pozad\u00ed"},"content":{"rendered":"","protected":false},"excerpt":{"rendered":"<p>Pokud jde o profesion\u00e1ln\u00ed, poutav\u00fd a efektivn\u00ed prezentaci va\u0161\u00ed zna\u010dky, nic se nevyrovn\u00e1 displeji EZ Tube. Tento p\u0159enosn\u00fd displej, navr\u017een\u00fd s ohledem na elegantn\u00ed styl a snadnou mont\u00e1\u017e, je obl\u00edben\u00fd mezi vystavovateli, pl\u00e1nova\u010di akc\u00ed a marketingov\u00fdmi profesion\u00e1ly, kte\u0159\u00ed si cen\u00ed pohodl\u00ed i efektu. A\u0165 u\u017e se jedn\u00e1 o veletrhy, uveden\u00ed produkt\u016f na trh, v\u00fdstavy nebo firemn\u00ed akce, displej EZ Tube dod\u00e1 va\u0161\u00ed zna\u010dce elegantn\u00ed a luxusn\u00ed vzhled, kter\u00fd okam\u017eit\u011b upout\u00e1 pozornost.<\/p>\n<p>V dne\u0161n\u00edm konkuren\u010dn\u00edm marketingov\u00e9m prost\u0159ed\u00ed vynik\u00e1 EZ Tube Display jako v\u0161estrann\u00e9, odoln\u00e9 a vizu\u00e1ln\u011b \u00fachvatn\u00e9 \u0159e\u0161en\u00ed pro firmy, kter\u00e9 cht\u011bj\u00ed ud\u011blat trval\u00fd dojem. D\u00edky instalaci bez pou\u017eit\u00ed n\u00e1\u0159ad\u00ed, z\u00e1\u0159iv\u00e9 kvalit\u011b tisku a opakovan\u011b pou\u017eiteln\u00e9 struktu\u0159e nab\u00edz\u00ed bezkonkuren\u010dn\u00ed hodnotu a pohodl\u00ed pro profesion\u00e1ln\u00ed event marketing. Pozdvihn\u011bte sv\u016fj p\u0159\u00ed\u0161t\u00ed veletrh nebo propaga\u010dn\u00ed akci s EZ Tube Display \u2013 kde se jednoduchost setk\u00e1v\u00e1 se sofistikovanost\u00ed a va\u0161e zna\u010dka je v centru pozornosti.<\/p>\n<div style=\"width: 720px;\" class=\"wp-video\"><!--[if lt IE 9]><script>document.createElement('video');<\/script><![endif]--><br \/>\n<video class=\"wp-video-shortcode\" id=\"video-2856-1\" width=\"720\" height=\"1280\" preload=\"metadata\" controls=\"controls\"><source type=\"video\/mp4\" src=\"https:\/\/cmykprinted.com\/wp-content\/uploads\/2025\/07\/Branded-Backdrops.mp4?_=1\" \/><a href=\"https:\/\/cmykprinted.com\/wp-content\/uploads\/2025\/07\/Branded-Backdrops.mp4\">https:\/\/cmykprinted.com\/wp-content\/uploads\/2025\/07\/Branded-Backdrops.mp4<\/a><\/video><\/div>","protected":false},"featured_media":2857,"template":"","meta":{"_kad_post_transparent":"default","_kad_post_title":"hide","_kad_post_layout":"fullwidth","_kad_post_sidebar_id":"","_kad_post_content_style":"unboxed","_kad_post_vertical_padding":"hide","_kad_post_feature":"hide","_kad_post_feature_position":"","_kad_post_header":false,"_kad_post_footer":false},"product_cat":[97,100],"product_tag":[664,662,663,197],"class_list":{"0":"post-2856","1":"product","2":"type-product","3":"status-publish","4":"has-post-thumbnail","6":"product_cat-tension-fabric-displays","7":"product_cat-straight-tension-fabric-backdrop","8":"product_tag-custom-straight-tension-fabric-backdrop","9":"product_tag-ez-tube-display","10":"product_tag-ez-tube-display-banner","11":"product_tag-tension-fabric-backdrop","13":"first","14":"instock","15":"shipping-taxable","16":"product-type-simple","17":"entry","18":"content-bg","19":"loop-entry"},"_links":{"self":[{"href":"https:\/\/cmykprinted.com\/cs\/wp-json\/wp\/v2\/product\/2856","targetHints":{"allow":["GET"]}}],"collection":[{"href":"https:\/\/cmykprinted.com\/cs\/wp-json\/wp\/v2\/product"}],"about":[{"href":"https:\/\/cmykprinted.com\/cs\/wp-json\/wp\/v2\/types\/product"}],"version-history":[{"count":1,"href":"https:\/\/cmykprinted.com\/cs\/wp-json\/wp\/v2\/product\/2856\/revisions"}],"predecessor-version":[{"id":2863,"href":"https:\/\/cmykprinted.com\/cs\/wp-json\/wp\/v2\/product\/2856\/revisions\/2863"}],"wp:featuredmedia":[{"embeddable":true,"href":"https:\/\/cmykprinted.com\/cs\/wp-json\/wp\/v2\/media\/2857"}],"wp:attachment":[{"href":"https:\/\/cmykprinted.com\/cs\/wp-json\/wp\/v2\/media?parent=2856"}],"wp:term":[{"taxonomy":"product_cat","embeddable":true,"href":"https:\/\/cmykprinted.com\/cs\/wp-json\/wp\/v2\/product_cat?post=2856"},{"taxonomy":"product_tag","embeddable":true,"href":"https:\/\/cmykprinted.com\/cs\/wp-json\/wp\/v2\/product_tag?post=2856"}],"curies":[{"name":"wp","href":"https:\/\/api.w.org\/{rel}","templated":true}]}}