{"id":2883,"date":"2025-11-03T04:08:00","date_gmt":"2025-11-03T04:08:00","guid":{"rendered":"https:\/\/cmykprinted.com\/?post_type=product&#038;p=2883"},"modified":"2025-11-03T04:08:00","modified_gmt":"2025-11-03T04:08:00","slug":"custom-trade-show-table-runner","status":"publish","type":"product","link":"https:\/\/cmykprinted.com\/cs\/produkt\/vlastni-vystavni-stolni-behoun\/","title":{"rendered":"Levn\u00fd velkoobchodn\u00ed b\u011bhoun na veletrhy s dodac\u00ed lh\u016ftou 48 hodin"},"content":{"rendered":"","protected":false},"excerpt":{"rendered":"<p data-start=\"1431\" data-end=\"1712\">Vynikn\u011bte na ka\u017ed\u00e9 akci s na\u0161imi levn\u00fdmi velkoobchodn\u00edmi b\u011bhouny na veletrhy na zak\u00e1zku \u2013 chytr\u00fdm a cenov\u011b dostupn\u00fdm zp\u016fsobem, jak prezentovat svou zna\u010dku. Na\u0161e b\u011bhouny na veletrhy jsou vyrobeny z odoln\u00e9, nema\u010dkav\u00e9 l\u00e1tky a poti\u0161t\u011bny z\u00e1\u0159iv\u00fdmi barvami, aby va\u0161e logo z\u00e1\u0159ilo.<\/p>\n<p data-start=\"1431\" data-end=\"1712\">Tyto b\u011bhouny na veletrhy jsou ide\u00e1ln\u00ed pro v\u00fdstavy, kongresy a propaga\u010dn\u00ed akce a dodaj\u00ed ka\u017ed\u00e9 prezentaci okam\u017eit\u00fd profesionalismus. P\u0159izp\u016fsobte si velikost, design a logo tak, aby dokonale ladily s va\u0161\u00ed zna\u010dkou.<\/p>\n<p data-start=\"1431\" data-end=\"1712\">D\u00edky na\u0161\u00ed 48hodinov\u00e9 dodac\u00ed lh\u016ft\u011b z\u00edsk\u00e1te vysoce kvalitn\u00ed veletr\u017en\u00ed b\u011bhouny s rychl\u00fdm dod\u00e1n\u00edm \u2013 ide\u00e1ln\u00ed pro napjat\u00e9 term\u00edny a akce na posledn\u00ed chv\u00edli. A\u0165 u\u017e objedn\u00e1v\u00e1te jeden kus nebo stovky, nab\u00edz\u00edme bezkonkuren\u010dn\u00ed velkoobchodn\u00ed ceny a spolehliv\u00fd servis. Ud\u011blejte si sv\u016fj st\u00e1nek nezapomenuteln\u00fdm s veletr\u017en\u00edmi b\u011bhouny na m\u00edru, kter\u00e9 v sob\u011b spojuj\u00ed kvalitu, rychlost a hodnotu.<\/p>\n<div style=\"width: 1280px;\" class=\"wp-video\"><!--[if lt IE 9]><script>document.createElement('video');<\/script><![endif]--><br \/>\n<video class=\"wp-video-shortcode\" id=\"video-2883-1\" width=\"1280\" height=\"720\" preload=\"metadata\" controls=\"controls\"><source type=\"video\/mp4\" src=\"https:\/\/cmykprinted.com\/wp-content\/uploads\/2025\/11\/Custom-Trade-Show-Table-Runner.mp4?_=1\" \/><a href=\"https:\/\/cmykprinted.com\/wp-content\/uploads\/2025\/11\/Custom-Trade-Show-Table-Runner.mp4\">https:\/\/cmykprinted.com\/wp-content\/uploads\/2025\/11\/Custom-Trade-Show-Table-Runner.mp4<\/a><\/video><\/div>","protected":false},"featured_media":2884,"template":"","meta":{"_kad_post_transparent":"default","_kad_post_title":"hide","_kad_post_layout":"fullwidth","_kad_post_sidebar_id":"","_kad_post_content_style":"unboxed","_kad_post_vertical_padding":"hide","_kad_post_feature":"hide","_kad_post_feature_position":"","_kad_post_header":false,"_kad_post_footer":false},"product_cat":[80,81],"product_tag":[244,672,671],"class_list":{"0":"post-2883","1":"product","2":"type-product","3":"status-publish","4":"has-post-thumbnail","6":"product_cat-custom-tablecloth","7":"product_cat-custom-stretch-tablecloth","8":"product_tag-custom-table-runner","9":"product_tag-custom-trade-show-table-runner","10":"product_tag-trade-show-table-runner","12":"first","13":"instock","14":"shipping-taxable","15":"product-type-simple","16":"entry","17":"content-bg","18":"loop-entry"},"_links":{"self":[{"href":"https:\/\/cmykprinted.com\/cs\/wp-json\/wp\/v2\/product\/2883","targetHints":{"allow":["GET"]}}],"collection":[{"href":"https:\/\/cmykprinted.com\/cs\/wp-json\/wp\/v2\/product"}],"about":[{"href":"https:\/\/cmykprinted.com\/cs\/wp-json\/wp\/v2\/types\/product"}],"version-history":[{"count":1,"href":"https:\/\/cmykprinted.com\/cs\/wp-json\/wp\/v2\/product\/2883\/revisions"}],"predecessor-version":[{"id":2890,"href":"https:\/\/cmykprinted.com\/cs\/wp-json\/wp\/v2\/product\/2883\/revisions\/2890"}],"wp:featuredmedia":[{"embeddable":true,"href":"https:\/\/cmykprinted.com\/cs\/wp-json\/wp\/v2\/media\/2884"}],"wp:attachment":[{"href":"https:\/\/cmykprinted.com\/cs\/wp-json\/wp\/v2\/media?parent=2883"}],"wp:term":[{"taxonomy":"product_cat","embeddable":true,"href":"https:\/\/cmykprinted.com\/cs\/wp-json\/wp\/v2\/product_cat?post=2883"},{"taxonomy":"product_tag","embeddable":true,"href":"https:\/\/cmykprinted.com\/cs\/wp-json\/wp\/v2\/product_tag?post=2883"}],"curies":[{"name":"wp","href":"https:\/\/api.w.org\/{rel}","templated":true}]}}