{"id":2901,"date":"2025-11-07T02:21:11","date_gmt":"2025-11-07T02:21:11","guid":{"rendered":"https:\/\/cmykprinted.com\/?post_type=product&#038;p=2901"},"modified":"2025-11-07T02:21:11","modified_gmt":"2025-11-07T02:21:11","slug":"trade-show-table-covers-with-logo","status":"publish","type":"product","link":"https:\/\/cmykprinted.com\/cs\/produkt\/veletrzni-ubrusy-s-logem\/","title":{"rendered":"Kryty na veletr\u017en\u00ed stoly s logem s dodac\u00ed lh\u016ftou 48 hodin"},"content":{"rendered":"","protected":false},"excerpt":{"rendered":"<p>Zvy\u0161te okam\u017eit\u011b svou prezentaci na akci s na\u0161imi ubrusy na veletr\u017en\u00ed stoly s logem, kter\u00e9 jsou navr\u017eeny pro firmy, kter\u00e9 pot\u0159ebuj\u00ed rychle profesion\u00e1ln\u00ed branding.<\/p>\n<p>Tyto pr\u00e9miov\u00e9 ubrusy na veletr\u017en\u00ed stoly jsou pln\u011b p\u0159izp\u016fsobeny s vysok\u00fdm rozli\u0161en\u00edm a plnobarevn\u00fdm potiskem, aby zv\u00fdraznily va\u0161e logo, sd\u011blen\u00ed a vizu\u00e1ln\u00ed prvky s maxim\u00e1ln\u00edm \u00fa\u010dinkem.<\/p>\n<p>Na\u0161e ubrusy na veletr\u017en\u00ed stoly s potiskem na m\u00edru, navr\u017een\u00e9 tak, aby pozvedly jak\u00fdkoli v\u00fdstavn\u00ed st\u00e1nek, prom\u011bn\u00ed oby\u010dejn\u00e9 stoly v poutav\u00e9 vitr\u00edny zna\u010dek.<\/p>\n<p>S na\u0161\u00ed garantovanou 48hodinovou dodac\u00ed lh\u016ftou se m\u016f\u017eete s jistotou p\u0159ipravit na veletrhy, konference a marketingov\u00e9 akce na posledn\u00ed chv\u00edli, ani\u017e byste museli ob\u011btovat kvalitu. Na\u0161e ubrusy na veletr\u017en\u00ed stoly jsou vyrobeny z odoln\u00e9, nema\u010dkav\u00e9 l\u00e1tky a dod\u00e1vaj\u00ed se v p\u0159il\u00e9hav\u00fdch, stre\u010dov\u00fdch a spl\u00fdvav\u00fdch variant\u00e1ch, kter\u00e9 se hod\u00ed k jak\u00e9mukoli uspo\u0159\u00e1d\u00e1n\u00ed st\u00e1nku.<\/p>\n<p>Jsou snadno pou\u017eiteln\u00e9, opakovan\u011b pou\u017eiteln\u00e9 a ide\u00e1ln\u00ed pro firmy, kter\u00e9 cht\u011bj\u00ed konzistentn\u00ed a profesion\u00e1ln\u00ed prezentaci na ka\u017ed\u00e9 akci.<\/p>\n<p>Vyberte si na\u0161e rychl\u00e9, spolehliv\u00e9 a vysoce kvalitn\u00ed ubrusy na veletr\u017en\u00ed stoly, abyste vynikli a p\u0159il\u00e1kali v\u00edce n\u00e1v\u0161t\u011bvn\u00edk\u016f na va\u0161em p\u0159\u00ed\u0161t\u00edm veletrhu.<\/p>\n<div style=\"width: 1280px;\" class=\"wp-video\"><!--[if lt IE 9]><script>document.createElement('video');<\/script><![endif]--><br \/>\n<video class=\"wp-video-shortcode\" id=\"video-2901-1\" width=\"1280\" height=\"720\" preload=\"metadata\" controls=\"controls\"><source type=\"video\/mp4\" src=\"https:\/\/cmykprinted.com\/wp-content\/uploads\/2025\/11\/Trade-Show-Table-Covers-with-Logo.mp4?_=1\" \/><a href=\"https:\/\/cmykprinted.com\/wp-content\/uploads\/2025\/11\/Trade-Show-Table-Covers-with-Logo.mp4\">https:\/\/cmykprinted.com\/wp-content\/uploads\/2025\/11\/Trade-Show-Table-Covers-with-Logo.mp4<\/a><\/video><\/div>","protected":false},"featured_media":2903,"template":"","meta":{"_kad_post_transparent":"default","_kad_post_title":"hide","_kad_post_layout":"fullwidth","_kad_post_sidebar_id":"","_kad_post_content_style":"unboxed","_kad_post_vertical_padding":"hide","_kad_post_feature":"hide","_kad_post_feature_position":"","_kad_post_header":false,"_kad_post_footer":false},"product_cat":[80,81],"product_tag":[676,675,677],"class_list":{"0":"post-2901","1":"product","2":"type-product","3":"status-publish","4":"has-post-thumbnail","6":"product_cat-custom-tablecloth","7":"product_cat-custom-stretch-tablecloth","8":"product_tag-table-covers","9":"product_tag-trade-show-table-covers","10":"product_tag-trade-show-table-covers-with-logo","12":"first","13":"instock","14":"shipping-taxable","15":"product-type-simple","16":"entry","17":"content-bg","18":"loop-entry"},"_links":{"self":[{"href":"https:\/\/cmykprinted.com\/cs\/wp-json\/wp\/v2\/product\/2901","targetHints":{"allow":["GET"]}}],"collection":[{"href":"https:\/\/cmykprinted.com\/cs\/wp-json\/wp\/v2\/product"}],"about":[{"href":"https:\/\/cmykprinted.com\/cs\/wp-json\/wp\/v2\/types\/product"}],"version-history":[{"count":1,"href":"https:\/\/cmykprinted.com\/cs\/wp-json\/wp\/v2\/product\/2901\/revisions"}],"predecessor-version":[{"id":2907,"href":"https:\/\/cmykprinted.com\/cs\/wp-json\/wp\/v2\/product\/2901\/revisions\/2907"}],"wp:featuredmedia":[{"embeddable":true,"href":"https:\/\/cmykprinted.com\/cs\/wp-json\/wp\/v2\/media\/2903"}],"wp:attachment":[{"href":"https:\/\/cmykprinted.com\/cs\/wp-json\/wp\/v2\/media?parent=2901"}],"wp:term":[{"taxonomy":"product_cat","embeddable":true,"href":"https:\/\/cmykprinted.com\/cs\/wp-json\/wp\/v2\/product_cat?post=2901"},{"taxonomy":"product_tag","embeddable":true,"href":"https:\/\/cmykprinted.com\/cs\/wp-json\/wp\/v2\/product_tag?post=2901"}],"curies":[{"name":"wp","href":"https:\/\/api.w.org\/{rel}","templated":true}]}}