{"id":393,"date":"2022-12-03T03:54:51","date_gmt":"2022-12-03T03:54:51","guid":{"rendered":"https:\/\/cmykprinted.com\/?post_type=product&#038;p=393"},"modified":"2022-12-09T09:14:36","modified_gmt":"2022-12-09T09:14:36","slug":"custom-printed-advertising-promotional-beach-feather-flag","status":"publish","type":"product","link":"https:\/\/cmykprinted.com\/cs\/produkt\/custom-printed-advertising-promotional-beach-feather-flag\/","title":{"rendered":"Reklamn\u00ed vlajka s pl\u00e1\u017eov\u00fdm pe\u0159\u00edm s vlastn\u00edm potiskem"},"content":{"rendered":"","protected":false},"excerpt":{"rendered":"<p>Sna\u017e\u00edte se vyniknout na ru\u0161n\u00e9 ulici nebo na p\u0159epln\u011bn\u00fdch veletr\u017en\u00edch akc\u00edch? Tu\u010dn\u00e9 vlastn\u00ed vlajky jsou osv\u011bd\u010den\u00fdm zp\u016fsobem, jak upozornit na na\u0161e podnik\u00e1n\u00ed na farm\u00e1\u0159sk\u00fdch trz\u00edch, veletrz\u00edch nebo food truckech. Jsou tak\u00e9 \u00fa\u010dinn\u00fdm a dob\u0159e viditeln\u00fdm marketingem \u2013 p\u0159\u00edle\u017eitost\u00ed, aby si va\u0161e obchodn\u00ed jm\u00e9no, logo a barvy v\u0161imli chodci i silni\u010dn\u00ed provoz. Na\u0161e reklamn\u00ed vlajky se dod\u00e1vaj\u00ed se v\u0161\u00edm, co pot\u0159ebujete k postaven\u00ed na rovn\u00fd povrch. V\u00e1\u0161 bal\u00ed\u010dek bude obsahovat polyesterovou vlajku odolnou v\u016f\u010di pov\u011btrnostn\u00edm vliv\u016fm, sklolamin\u00e1tovou a hlin\u00edkovou ty\u010d, z\u00e1kladnu na zem a dokonce i m\u011bkk\u00e9 pouzdro pro snadnou p\u0159epravu. Prozkoumejte na\u0161i galerii vlastn\u00edch \u0161ablon vlajek, v\u010detn\u011b mo\u017enost\u00ed pro konkr\u00e9tn\u00ed odv\u011btv\u00ed a ud\u00e1losti. Jakmile najdete obl\u00edbenou mo\u017enost, p\u0159idejte sv\u00e9 vlastn\u00ed podrobnosti v na\u0161em online designov\u00e9m studiu. O zbytek se postar\u00e1me my, va\u0161i objedn\u00e1vku profesion\u00e1ln\u011b vytiskneme a ode\u0161leme. Va\u0161e reklamn\u00ed vlajka bude vypadat skv\u011ble a p\u0159ipravena za\u010d\u00edt se ot\u00e1\u010det.<\/p>\n<div style=\"width: 1280px;\" class=\"wp-video\"><!--[if lt IE 9]><script>document.createElement('video');<\/script><![endif]--><br \/>\n<video class=\"wp-video-shortcode\" id=\"video-393-1\" width=\"1280\" height=\"720\" loop autoplay preload=\"auto\" controls=\"controls\"><source type=\"video\/mp4\" src=\"http:\/\/cmykprinted.com\/wp-content\/uploads\/2022\/12\/Custom-Printed-Advertising-Promotional-Beach-Feather-Flag.mp4?_=1\" \/><a href=\"http:\/\/cmykprinted.com\/wp-content\/uploads\/2022\/12\/Custom-Printed-Advertising-Promotional-Beach-Feather-Flag.mp4\">http:\/\/cmykprinted.com\/wp-content\/uploads\/2022\/12\/Custom-Printed-Advertising-Promotional-Beach-Feather-Flag.mp4<\/a><\/video><\/div>","protected":false},"featured_media":394,"template":"","meta":{"_kad_post_transparent":"default","_kad_post_title":"hide","_kad_post_layout":"fullwidth","_kad_post_sidebar_id":"","_kad_post_content_style":"unboxed","_kad_post_vertical_padding":"hide","_kad_post_feature":"hide","_kad_post_feature_position":"","_kad_post_header":false,"_kad_post_footer":false},"product_cat":[64,65,66,67],"product_tag":[107,104,105,106,108],"class_list":{"0":"post-393","1":"product","2":"type-product","3":"status-publish","4":"has-post-thumbnail","6":"product_cat-beach-flags","7":"product_cat-feather-flags-banners","8":"product_cat-rectangular-flags-banners","9":"product_cat-teardrop-flags-banners","10":"product_tag-advertising-beach-flag","11":"product_tag-beach-feather-flag","12":"product_tag-custom-beach-flag","13":"product_tag-custom-beach-flag-feather-flag","14":"product_tag-promotional-beach-flag","16":"first","17":"instock","18":"shipping-taxable","19":"product-type-simple","20":"entry","21":"content-bg","22":"loop-entry"},"_links":{"self":[{"href":"https:\/\/cmykprinted.com\/cs\/wp-json\/wp\/v2\/product\/393","targetHints":{"allow":["GET"]}}],"collection":[{"href":"https:\/\/cmykprinted.com\/cs\/wp-json\/wp\/v2\/product"}],"about":[{"href":"https:\/\/cmykprinted.com\/cs\/wp-json\/wp\/v2\/types\/product"}],"version-history":[{"count":3,"href":"https:\/\/cmykprinted.com\/cs\/wp-json\/wp\/v2\/product\/393\/revisions"}],"predecessor-version":[{"id":433,"href":"https:\/\/cmykprinted.com\/cs\/wp-json\/wp\/v2\/product\/393\/revisions\/433"}],"wp:featuredmedia":[{"embeddable":true,"href":"https:\/\/cmykprinted.com\/cs\/wp-json\/wp\/v2\/media\/394"}],"wp:attachment":[{"href":"https:\/\/cmykprinted.com\/cs\/wp-json\/wp\/v2\/media?parent=393"}],"wp:term":[{"taxonomy":"product_cat","embeddable":true,"href":"https:\/\/cmykprinted.com\/cs\/wp-json\/wp\/v2\/product_cat?post=393"},{"taxonomy":"product_tag","embeddable":true,"href":"https:\/\/cmykprinted.com\/cs\/wp-json\/wp\/v2\/product_tag?post=393"}],"curies":[{"name":"wp","href":"https:\/\/api.w.org\/{rel}","templated":true}]}}