{"id":488,"date":"2022-12-17T05:59:50","date_gmt":"2022-12-17T05:59:50","guid":{"rendered":"https:\/\/cmykprinted.com\/?post_type=product&#038;p=488"},"modified":"2023-03-31T01:41:05","modified_gmt":"2023-03-31T01:41:05","slug":"wholesale-custom-printed-outdoor-polyester-stretch-tablecloth","status":"publish","type":"product","link":"https:\/\/cmykprinted.com\/cs\/produkt\/wholesale-custom-printed-outdoor-polyester-stretch-tablecloth\/","title":{"rendered":"Velkoobchodn\u00ed zak\u00e1zkov\u00fd poti\u0161t\u011bn\u00fd venkovn\u00ed polyesterov\u00fd stre\u010dov\u00fd ubrus"},"content":{"rendered":"","protected":false},"excerpt":{"rendered":"<p>Tento vysoce kvalitn\u00ed venkovn\u00ed stan s baldach\u00fdnem je vhodn\u00fd pro r\u016fzn\u00e9 pou\u017eit\u00ed. Vodot\u011bsn\u00fd r\u00e1m ve tvaru \u0161esti\u00faheln\u00edku a nastaviteln\u00e1 v\u00fd\u0161ka jej \u010din\u00ed v\u0161estrann\u00fdm, zat\u00edmco mo\u017enosti celobarevn\u00e9ho celoplo\u0161n\u00e9ho potisku v\u00e1m umo\u017en\u00ed p\u0159izp\u016fsobit vzhled stanu. Zahrnut\u00ed pouzdra na kole\u010dk\u00e1ch, zemn\u00edch kol\u00edk\u016f a lana usnad\u0148uje postaven\u00ed a zaji\u0161t\u011bn\u00ed stanu na r\u016fzn\u00fdch m\u00edstech. Tento stan by byl vhodn\u00fd pro pou\u017eit\u00ed na veletrz\u00edch, venkovn\u00edch akc\u00edch a jako do\u010dasn\u00fd \u00fakryt pro outdoorov\u00e9 aktivity, jako je kempov\u00e1n\u00ed nebo pikniky.<\/p>\n<div style=\"width: 1290px;\" class=\"wp-video\"><!--[if lt IE 9]><script>document.createElement('video');<\/script><![endif]--><br \/>\n<video class=\"wp-video-shortcode\" id=\"video-488-1\" width=\"1290\" height=\"726\" loop autoplay preload=\"auto\" controls=\"controls\"><source type=\"video\/mp4\" src=\"http:\/\/cmykprinted.com\/wp-content\/uploads\/2022\/12\/Custom-Stretch-Tablecloth.mp4?_=1\" \/><a href=\"http:\/\/cmykprinted.com\/wp-content\/uploads\/2022\/12\/Custom-Stretch-Tablecloth.mp4\">http:\/\/cmykprinted.com\/wp-content\/uploads\/2022\/12\/Custom-Stretch-Tablecloth.mp4<\/a><\/video><\/div>","protected":false},"featured_media":489,"template":"","meta":{"_kad_post_transparent":"default","_kad_post_title":"hide","_kad_post_layout":"fullwidth","_kad_post_sidebar_id":"","_kad_post_content_style":"unboxed","_kad_post_vertical_padding":"hide","_kad_post_feature":"hide","_kad_post_feature_position":"","_kad_post_header":false,"_kad_post_footer":false},"product_cat":[80,81],"product_tag":[116,117,119,118,120],"class_list":{"0":"post-488","1":"product","2":"type-product","3":"status-publish","4":"has-post-thumbnail","6":"product_cat-custom-tablecloth","7":"product_cat-custom-stretch-tablecloth","8":"product_tag-custom-printed-tablecloth","9":"product_tag-custom-stretch-tablecloth","10":"product_tag-outdoor-stretch-tablecloth","11":"product_tag-polyester-stretch-tablecloth","12":"product_tag-wholesale-stretch-tablecloth","14":"first","15":"instock","16":"shipping-taxable","17":"product-type-simple","18":"entry","19":"content-bg","20":"loop-entry"},"_links":{"self":[{"href":"https:\/\/cmykprinted.com\/cs\/wp-json\/wp\/v2\/product\/488","targetHints":{"allow":["GET"]}}],"collection":[{"href":"https:\/\/cmykprinted.com\/cs\/wp-json\/wp\/v2\/product"}],"about":[{"href":"https:\/\/cmykprinted.com\/cs\/wp-json\/wp\/v2\/types\/product"}],"version-history":[{"count":3,"href":"https:\/\/cmykprinted.com\/cs\/wp-json\/wp\/v2\/product\/488\/revisions"}],"predecessor-version":[{"id":1800,"href":"https:\/\/cmykprinted.com\/cs\/wp-json\/wp\/v2\/product\/488\/revisions\/1800"}],"wp:featuredmedia":[{"embeddable":true,"href":"https:\/\/cmykprinted.com\/cs\/wp-json\/wp\/v2\/media\/489"}],"wp:attachment":[{"href":"https:\/\/cmykprinted.com\/cs\/wp-json\/wp\/v2\/media?parent=488"}],"wp:term":[{"taxonomy":"product_cat","embeddable":true,"href":"https:\/\/cmykprinted.com\/cs\/wp-json\/wp\/v2\/product_cat?post=488"},{"taxonomy":"product_tag","embeddable":true,"href":"https:\/\/cmykprinted.com\/cs\/wp-json\/wp\/v2\/product_tag?post=488"}],"curies":[{"name":"wp","href":"https:\/\/api.w.org\/{rel}","templated":true}]}}