{"id":510,"date":"2022-12-17T13:15:19","date_gmt":"2022-12-17T13:15:19","guid":{"rendered":"https:\/\/cmykprinted.com\/?post_type=product&#038;p=510"},"modified":"2022-12-17T14:48:04","modified_gmt":"2022-12-17T14:48:04","slug":"outdoor-flexible-custom-printed-fence-mesh-banners-signs","status":"publish","type":"product","link":"https:\/\/cmykprinted.com\/cs\/produkt\/outdoor-flexible-custom-printed-fence-mesh-banners-signs\/","title":{"rendered":"Venkovn\u00ed flexibiln\u00ed vlastn\u00ed ti\u0161t\u011bn\u00e9 bannery z plotov\u00e9 s\u00edt\u011b"},"content":{"rendered":"","protected":false},"excerpt":{"rendered":"<p>Plotov\u00e9 bannery z pletiva jsou typem venkovn\u00edho reklamn\u00edho materi\u00e1lu, kter\u00fd je navr\u017een tak, aby odolal v\u011btru a dal\u0161\u00edm nep\u0159\u00edzniv\u00fdm pov\u011btrnostn\u00edm vliv\u016fm. Jsou vyrobeny ze s\u00ed\u0165ovit\u00e9ho materi\u00e1lu, kter\u00fd umo\u017e\u0148uje pr\u016fchod v\u011btru, tak\u017ee je m\u00e9n\u011b pravd\u011bpodobn\u00e9, \u017ee se ve v\u011btru budou vinout. D\u00edky tomu jsou zvl\u00e1\u0161t\u011b vhodn\u00e9 pro pou\u017eit\u00ed ve sloupov\u00fdch displej\u00edch, obalech budov a zna\u010den\u00ed na le\u0161en\u00ed. S\u00ed\u0165ovan\u00e9 bannery jsou obvykle vyti\u0161t\u011bny na pr\u00e9miov\u00e9m 440 GSM mesh vinylu a jsou dod\u00e1v\u00e1ny lemovan\u00e9 a s oky, kter\u00e9 umo\u017e\u0148uj\u00ed jejich snadn\u00e9 zav\u011b\u0161en\u00ed nebo p\u0159ipevn\u011bn\u00ed ke konstrukci. Mohou b\u00fdt n\u00e1kladov\u011b efektivn\u00edm zp\u016fsobem, jak inzerovat a propagovat va\u0161i firmu nebo akci, a na\u0161e tov\u00e1rna m\u016f\u017ee nab\u00eddnout hromadn\u00e9 slevy na velk\u00e9 objedn\u00e1vky.<\/p>\n<div style=\"width: 1290px;\" class=\"wp-video\"><!--[if lt IE 9]><script>document.createElement('video');<\/script><![endif]--><br \/>\n<video class=\"wp-video-shortcode\" id=\"video-510-1\" width=\"1290\" height=\"726\" loop autoplay preload=\"auto\" controls=\"controls\"><source type=\"video\/mp4\" src=\"http:\/\/cmykprinted.com\/wp-content\/uploads\/2022\/12\/Fence-Mesh-Banners.mp4?_=1\" \/><a href=\"http:\/\/cmykprinted.com\/wp-content\/uploads\/2022\/12\/Fence-Mesh-Banners.mp4\">http:\/\/cmykprinted.com\/wp-content\/uploads\/2022\/12\/Fence-Mesh-Banners.mp4<\/a><\/video><\/div>\n<p>&nbsp;<\/p>","protected":false},"featured_media":512,"template":"","meta":{"_kad_post_transparent":"default","_kad_post_title":"hide","_kad_post_layout":"fullwidth","_kad_post_sidebar_id":"","_kad_post_content_style":"unboxed","_kad_post_vertical_padding":"hide","_kad_post_feature":"hide","_kad_post_feature_position":"","_kad_post_header":false,"_kad_post_footer":false},"product_cat":[85,87,86],"product_tag":[123,121,124,122],"class_list":{"0":"post-510","1":"product","2":"type-product","3":"status-publish","4":"has-post-thumbnail","6":"product_cat-outdoor-vinyl-banners","7":"product_cat-fabric-mesh-banners","8":"product_cat-fence-mesh-banners","9":"product_tag-custom-mesh-banners","10":"product_tag-fence-mesh-banners","11":"product_tag-flexible-mesh-banners","12":"product_tag-outdoor-mesh-banners","14":"first","15":"instock","16":"shipping-taxable","17":"product-type-simple","18":"entry","19":"content-bg","20":"loop-entry"},"_links":{"self":[{"href":"https:\/\/cmykprinted.com\/cs\/wp-json\/wp\/v2\/product\/510","targetHints":{"allow":["GET"]}}],"collection":[{"href":"https:\/\/cmykprinted.com\/cs\/wp-json\/wp\/v2\/product"}],"about":[{"href":"https:\/\/cmykprinted.com\/cs\/wp-json\/wp\/v2\/types\/product"}],"version-history":[{"count":4,"href":"https:\/\/cmykprinted.com\/cs\/wp-json\/wp\/v2\/product\/510\/revisions"}],"predecessor-version":[{"id":522,"href":"https:\/\/cmykprinted.com\/cs\/wp-json\/wp\/v2\/product\/510\/revisions\/522"}],"wp:featuredmedia":[{"embeddable":true,"href":"https:\/\/cmykprinted.com\/cs\/wp-json\/wp\/v2\/media\/512"}],"wp:attachment":[{"href":"https:\/\/cmykprinted.com\/cs\/wp-json\/wp\/v2\/media?parent=510"}],"wp:term":[{"taxonomy":"product_cat","embeddable":true,"href":"https:\/\/cmykprinted.com\/cs\/wp-json\/wp\/v2\/product_cat?post=510"},{"taxonomy":"product_tag","embeddable":true,"href":"https:\/\/cmykprinted.com\/cs\/wp-json\/wp\/v2\/product_tag?post=510"}],"curies":[{"name":"wp","href":"https:\/\/api.w.org\/{rel}","templated":true}]}}