{"id":536,"date":"2022-12-18T04:41:34","date_gmt":"2022-12-18T04:41:34","guid":{"rendered":"https:\/\/cmykprinted.com\/?post_type=product&#038;p=536"},"modified":"2022-12-18T05:05:21","modified_gmt":"2022-12-18T05:05:21","slug":"outdoor-circle-pop-up-banner-stand-with-full-color-printing","status":"publish","type":"product","link":"https:\/\/cmykprinted.com\/cs\/produkt\/outdoor-circle-pop-up-banner-stand-with-full-color-printing\/","title":{"rendered":"Venkovn\u00ed kruhov\u00fd vyskakovac\u00ed stojan na bannery s plnobarevn\u00fdm potiskem"},"content":{"rendered":"","protected":false},"excerpt":{"rendered":"<p>Kruhov\u00fd vyskakovac\u00ed banner, kter\u00fd jste popsal, zn\u00ed jako u\u017eite\u010dn\u00fd marketingov\u00fd a reklamn\u00ed n\u00e1stroj, kter\u00fd lze pou\u017e\u00edt k p\u0159edveden\u00ed loga nebo zna\u010dky spole\u010dnosti na akc\u00edch, veletrz\u00edch a dal\u0161\u00edch propaga\u010dn\u00edch aktivit\u00e1ch. D\u00edky sv\u00e9mu jedine\u010dn\u00e9mu tvaru a rychl\u00e9mu nastaven\u00ed je vhodn\u00fd pro pou\u017eit\u00ed v r\u016fzn\u00fdch nastaven\u00edch a dostupnost r\u016fzn\u00fdch velikost\u00ed umo\u017e\u0148uje flexibilitu, pokud jde o mno\u017estv\u00ed prostoru dostupn\u00e9ho pro vystaven\u00ed. Odoln\u00fd patentovan\u00fd r\u00e1m a lehk\u00e1 konstrukce banneru usnad\u0148uj\u00ed p\u0159epravu a skladov\u00e1n\u00ed a p\u0159epravn\u00ed ta\u0161ka jej pom\u00e1h\u00e1 chr\u00e1nit b\u011bhem p\u0159epravy. Plnobarevn\u00fd tisk umo\u017e\u0148uje p\u0159izp\u016fsoben\u00ed a mo\u017enost vytv\u00e1\u0159et vizu\u00e1ln\u011b p\u0159ita\u017eliv\u00e9 displeje, kter\u00e9 efektivn\u011b prezentuj\u00ed zna\u010dku spole\u010dnosti.<\/p>\n<div style=\"width: 1290px;\" class=\"wp-video\"><!--[if lt IE 9]><script>document.createElement('video');<\/script><![endif]--><br \/>\n<video class=\"wp-video-shortcode\" id=\"video-536-1\" width=\"1290\" height=\"726\" loop autoplay preload=\"auto\" controls=\"controls\"><source type=\"video\/mp4\" src=\"http:\/\/cmykprinted.com\/wp-content\/uploads\/2022\/12\/Circle-Pop-Up-Banners.mp4?_=1\" \/><a href=\"http:\/\/cmykprinted.com\/wp-content\/uploads\/2022\/12\/Circle-Pop-Up-Banners.mp4\">http:\/\/cmykprinted.com\/wp-content\/uploads\/2022\/12\/Circle-Pop-Up-Banners.mp4<\/a><\/video><\/div>\n<p>&nbsp;<\/p>","protected":false},"featured_media":537,"template":"","meta":{"_kad_post_transparent":"default","_kad_post_title":"hide","_kad_post_layout":"fullwidth","_kad_post_sidebar_id":"","_kad_post_content_style":"unboxed","_kad_post_vertical_padding":"hide","_kad_post_feature":"hide","_kad_post_feature_position":"","_kad_post_header":false,"_kad_post_footer":false},"product_cat":[92,93],"product_tag":[125,127,126,128],"class_list":{"0":"post-536","1":"product","2":"type-product","3":"status-publish","4":"has-post-thumbnail","6":"product_cat-pop-up-banners","7":"product_cat-circle-pop-up-banners","8":"product_tag-circle-pop-up-banner","9":"product_tag-circle-pop-up-banner-stand","10":"product_tag-outdoor-pop-up-banner","11":"product_tag-pop-up-banner","13":"first","14":"instock","15":"shipping-taxable","16":"product-type-simple","17":"entry","18":"content-bg","19":"loop-entry"},"_links":{"self":[{"href":"https:\/\/cmykprinted.com\/cs\/wp-json\/wp\/v2\/product\/536","targetHints":{"allow":["GET"]}}],"collection":[{"href":"https:\/\/cmykprinted.com\/cs\/wp-json\/wp\/v2\/product"}],"about":[{"href":"https:\/\/cmykprinted.com\/cs\/wp-json\/wp\/v2\/types\/product"}],"version-history":[{"count":3,"href":"https:\/\/cmykprinted.com\/cs\/wp-json\/wp\/v2\/product\/536\/revisions"}],"predecessor-version":[{"id":548,"href":"https:\/\/cmykprinted.com\/cs\/wp-json\/wp\/v2\/product\/536\/revisions\/548"}],"wp:featuredmedia":[{"embeddable":true,"href":"https:\/\/cmykprinted.com\/cs\/wp-json\/wp\/v2\/media\/537"}],"wp:attachment":[{"href":"https:\/\/cmykprinted.com\/cs\/wp-json\/wp\/v2\/media?parent=536"}],"wp:term":[{"taxonomy":"product_cat","embeddable":true,"href":"https:\/\/cmykprinted.com\/cs\/wp-json\/wp\/v2\/product_cat?post=536"},{"taxonomy":"product_tag","embeddable":true,"href":"https:\/\/cmykprinted.com\/cs\/wp-json\/wp\/v2\/product_tag?post=536"}],"curies":[{"name":"wp","href":"https:\/\/api.w.org\/{rel}","templated":true}]}}