{"id":549,"date":"2022-12-18T09:53:56","date_gmt":"2022-12-18T09:53:56","guid":{"rendered":"https:\/\/cmykprinted.com\/?post_type=product&#038;p=549"},"modified":"2022-12-18T10:09:57","modified_gmt":"2022-12-18T10:09:57","slug":"custom-shop-front-flag-double-sided-wall-flag-banner-sign","status":"publish","type":"product","link":"https:\/\/cmykprinted.com\/cs\/produkt\/custom-shop-front-flag-double-sided-wall-flag-banner-sign\/","title":{"rendered":"Custom Shop P\u0159edn\u00ed Vlajka Oboustrann\u00e1 N\u00e1st\u011bnn\u00e1 Vlajka Banner Sign"},"content":{"rendered":"","protected":false},"excerpt":{"rendered":"<p>Vlajky obchod\u016f jsou obl\u00edben\u00fdm zp\u016fsobem, jak podniky propaguj\u00ed sv\u00e9 produkty nebo slu\u017eby kolemjdouc\u00edm. Obvykle se montuj\u00ed na exteri\u00e9r obchodu nebo obchodu a jsou navr\u017eeny tak, aby byly poutav\u00e9 a p\u0159itahovaly pozornost. Dva hlavn\u00ed typy vlajek na p\u0159edn\u00ed stran\u011b obchodu jsou styly se \u0161pi\u010dat\u00fdm a rovn\u00fdm okrajem. Vlajky se \u0161pi\u010dat\u00fdm okrajem maj\u00ed troj\u00faheln\u00edkov\u00fd tvar a jsou obvykle namontov\u00e1ny na ty\u010di, zat\u00edmco vlajky s rovn\u00fdm okrajem jsou obd\u00e9ln\u00edkov\u00e9 a lze je namontovat na ze\u010f nebo zav\u011bsit na strop. Oba typy vlajek lze tisknout s jednostrann\u00fdm nebo oboustrann\u00fdm p\u0159edlohou, v z\u00e1vislosti na pot\u0159eb\u00e1ch podniku.<br \/>\nVlajky p\u0159ed prodejnami jsou obvykle vyrobeny z hlin\u00edku nebo tkaniny a lze je potisknout r\u016fzn\u00fdmi metodami, v\u010detn\u011b UV digit\u00e1ln\u00edho tisku nebo sublimace barviva. UV digit\u00e1ln\u00ed tisk je proces, kter\u00fd vyu\u017e\u00edv\u00e1 UV sv\u011btlo k vytvrzen\u00ed inkoustu, co\u017e m\u00e1 za n\u00e1sledek d\u00e9letrvaj\u00edc\u00ed barvy a zlep\u0161enou odolnost proti vyblednut\u00ed a po\u0161kozen\u00ed vodou. Sublimace barviva je proces, kter\u00fd vyu\u017e\u00edv\u00e1 teplo k p\u0159enosu inkoustu ze speci\u00e1ln\u00edho pap\u00edru na l\u00e1tku, co\u017e m\u00e1 za n\u00e1sledek z\u00e1\u0159iv\u00fd a ostr\u00fd povrch.<\/p>\n<p>&nbsp;<\/p>","protected":false},"featured_media":550,"template":"","meta":{"_kad_post_transparent":"default","_kad_post_title":"hide","_kad_post_layout":"fullwidth","_kad_post_sidebar_id":"","_kad_post_content_style":"unboxed","_kad_post_vertical_padding":"hide","_kad_post_feature":"hide","_kad_post_feature_position":"","_kad_post_header":false,"_kad_post_footer":false},"product_cat":[79],"product_tag":[131,133,132,129,130],"class_list":{"0":"post-549","1":"product","2":"type-product","3":"status-publish","4":"has-post-thumbnail","6":"product_cat-custom-flags","7":"product_tag-custom-flag","8":"product_tag-custom-wall-sign","9":"product_tag-double-sided-wall-flag","10":"product_tag-shop-front-flag","11":"product_tag-wall-flag","13":"first","14":"instock","15":"shipping-taxable","16":"product-type-simple","17":"entry","18":"content-bg","19":"loop-entry"},"_links":{"self":[{"href":"https:\/\/cmykprinted.com\/cs\/wp-json\/wp\/v2\/product\/549","targetHints":{"allow":["GET"]}}],"collection":[{"href":"https:\/\/cmykprinted.com\/cs\/wp-json\/wp\/v2\/product"}],"about":[{"href":"https:\/\/cmykprinted.com\/cs\/wp-json\/wp\/v2\/types\/product"}],"version-history":[{"count":2,"href":"https:\/\/cmykprinted.com\/cs\/wp-json\/wp\/v2\/product\/549\/revisions"}],"predecessor-version":[{"id":556,"href":"https:\/\/cmykprinted.com\/cs\/wp-json\/wp\/v2\/product\/549\/revisions\/556"}],"wp:featuredmedia":[{"embeddable":true,"href":"https:\/\/cmykprinted.com\/cs\/wp-json\/wp\/v2\/media\/550"}],"wp:attachment":[{"href":"https:\/\/cmykprinted.com\/cs\/wp-json\/wp\/v2\/media?parent=549"}],"wp:term":[{"taxonomy":"product_cat","embeddable":true,"href":"https:\/\/cmykprinted.com\/cs\/wp-json\/wp\/v2\/product_cat?post=549"},{"taxonomy":"product_tag","embeddable":true,"href":"https:\/\/cmykprinted.com\/cs\/wp-json\/wp\/v2\/product_tag?post=549"}],"curies":[{"name":"wp","href":"https:\/\/api.w.org\/{rel}","templated":true}]}}